{"id":54285,"date":"2024-09-09T09:35:02","date_gmt":"2024-09-09T09:35:02","guid":{"rendered":"http:\/\/einnova.com\/politica-de-cookies\/"},"modified":"2024-09-09T09:42:46","modified_gmt":"2024-09-09T09:42:46","slug":"politica-de-cookies","status":"publish","type":"page","link":"https:\/\/einnova.com\/ca\/politica-de-cookies\/","title":{"rendered":"Pol\u00edtica de Cookies"},"content":{"rendered":"<h3>Pol\u00edtica de Cookies<\/h3>\n<p>Les cookies s\u00f3n un element b\u00e0sic per al funcionament de la xarxa, al llarg d&#8217;aquests \u00faltims anys ens han facilitat la feina i aportat beneficis a l&#8217;hora de prestar serveis en l\u00ednia. Per contra, \u00faltimament s&#8217;ha disparat un cert temor social que les cookies puguin suposar un problema pel que fa a la privadesa de dades de l&#8217;usuari. Amb aquest document, volem fer-vos entendre com afecten les cookies a la vostra privadesa.<\/p>\n<h3>Qu\u00e8 s\u00f3n les Cookies?<\/h3>\n<p>Les cookies s\u00f3n petits arxius que contenen diferents n\u00fameros i lletres i que s&#8217;utilitzen amb la finalitat de poder distingir un usuari que interactua amb la nostra web d&#8217;un altre i que tamb\u00e9 permeten la continu\u00eftat de la informaci\u00f3 entre diferents p\u00e0gines d&#8217;una mateixa web. Es refereix a un fitxer que \u00e9s enviat amb la finalitat de sol\u00b7licitar perm\u00eds per emmagatzemar-se al vostre ordinador, en acceptar aquest fitxer es crea i la cookie serveix llavors per tenir informaci\u00f3 respecte al tr\u00e0nsit web, i tamb\u00e9 facilita les futures visites a una web recurrent. Una altra funci\u00f3 que tenen les cookies \u00e9s que amb elles les webs poden recon\u00e8ixer-te individualment i, per tant, oferir-te el millor servei personalitzat de la seva web.<\/p>\n<h3>Per qu\u00e8 utilitzem Cookies a Einnova?<\/h3>\n<p>B\u00e0sicament, utilitzem les cookies per poder oferir una millor experi\u00e8ncia d&#8217;usuari als nostres visitants. Aix\u00f2 ho aconseguim obtenint informaci\u00f3, per exemple, de la ruta que segueixen els nostres usuaris dins de la nostra web o des d&#8217;on han arribat al nostre lloc. Amb aix\u00f2 millorem l&#8217;acc\u00e9s al nostre lloc web i, per tant, l&#8217;experi\u00e8ncia que l&#8217;usuari t\u00e9 navegant per ell. Cal recordar que per a aix\u00f2 no necessitem cap tipus d&#8217;informaci\u00f3 personal o privada de l&#8217;usuari.<\/p>\n<p>Si continueu utilitzant el nostre lloc web despr\u00e9s d&#8217;haver rebut el missatge relatiu a l&#8217;\u00fas de les cookies, entendrem que esteu d&#8217;acord que les utilitzem de la manera descrita en aquesta pol\u00edtica. Si decidiu no acceptar les nostres cookies, podeu configurar el vostre navegador perqu\u00e8 us avisi en pantalla de la recepci\u00f3 de cookies i per impedir la instal\u00b7laci\u00f3 de cookies al vostre disc dur. Per inhibir la instal\u00b7laci\u00f3 de les mateixes, heu de seguir les instruccions corresponents del vostre navegador:<\/p>\n<ul>\n<li>Firefox <strong><a href=\"https:\/\/support.mozilla.org\/es\/kb\/habilitar-y-deshabilitar-cookies-que-los-sitios-we\">https:\/\/support.mozilla.org\/es\/kb\/habilitar-y-deshabilitar-cookies-que-los-sitios-we<\/a><\/strong><\/li>\n<li>Chrome <strong><a href=\"http:\/\/support.google.com\/chrome\/bin\/answer.py?hl=es&amp;answer=95647\">http:\/\/support.google.com\/chrome\/bin\/answer.py?hl=es&amp;answer=95647<\/a><\/strong><\/li>\n<li>Explorer <strong><a href=\"http:\/\/windows.microsoft.com\/es-es\/windows7\/how-to-manage-cookies-in-internet-explorer-9\">http:\/\/windows.microsoft.com\/es-es\/windows7\/how-to-manage-cookies-in-internet-explorer-9<\/a><\/strong><\/li>\n<li>Safari <strong><a href=\"http:\/\/support.apple.com\/kb\/ph5042\">http:\/\/support.apple.com\/kb\/ph5042<\/a><\/strong><\/li>\n<\/ul>\n<p>Si utilitzeu un altre navegador, podeu obtenir m\u00e9s informaci\u00f3 sobre com configurar la instal\u00b7laci\u00f3 de les cookies a trav\u00e9s de la secci\u00f3 d&#8217;ajuda o assist\u00e8ncia del navegador corresponent. Si decidiu no acceptar les nostres cookies, podreu continuar utilitzant el nostre lloc web de la manera habitual, encara que \u00e9s possible que la vostra experi\u00e8ncia com a usuari es vegi afectada.<\/p>\n<p>Les cookies s&#8217;utilitzen amb la seg\u00fcent finalitat:<\/p>\n<ul>\n<li>_utma, _utmb, _utmc, _utmz: An\u00e0lisi estad\u00edstica de la web amb Google Analytics<\/li>\n<\/ul>\n<p><a href=\"https:\/\/developers.google.com\/analytics\/devguides\/collection\/analyticsjs\/cookie-usage?hl=es-419\"><strong>En aquest mateix enlla\u00e7<\/strong><\/a> podreu comprovar l&#8217;\u00fas de les cookies de tercers que utilitzem en relaci\u00f3 als usuaris a Einnova. La renovaci\u00f3 del consentiment de totes les nostres cookies en funci\u00f3 de les lleis vigents imposades pel CEPD requereix que es realitzin en un termini inferior a 24 mesos.<\/p>\n<p>El nostre lloc web utilitza les cookies per poder identificar les p\u00e0gines que s\u00f3n visitades i la seva freq\u00fc\u00e8ncia. Aquesta informaci\u00f3 s&#8217;utilitza \u00fanicament per a l&#8217;an\u00e0lisi estad\u00edstica i, posteriorment, la informaci\u00f3 s&#8217;elimina de forma permanent. Podeu eliminar les cookies en qualsevol moment des del vostre ordinador. No obstant aix\u00f2, les cookies ajuden a proporcionar un millor servei dels llocs web, aquestes no donen acc\u00e9s a informaci\u00f3 del vostre ordinador ni de vosaltres, a menys que aix\u00ed ho vulgueu i la proporcioneu directament.<\/p>\n<p>Podeu acceptar o rebutjar l&#8217;\u00fas de cookies, per\u00f2 la majoria de navegadors accepten cookies autom\u00e0ticament perqu\u00e8 serveixen per oferir un millor servei web. Tamb\u00e9 podeu canviar la configuraci\u00f3 del vostre ordinador per rebutjar les cookies. Si es rebutgen, \u00e9s possible que no pugueu utilitzar alguns dels nostres serveis.<\/p>\n<p>Les normes sobre cookies estan en constant evoluci\u00f3, per la qual cosa, per adaptar-se a les noves pr\u00e0ctiques o fins i tot a futurs canvis normatius, us recomanem que reviseu peri\u00f2dicament les nostres condicions legals per con\u00e8ixer la versi\u00f3 aplicable en cada moment.<\/p>\n<h3>Relaci\u00f3 de cookies d&#8217;aquest lloc:<\/h3>\n<ul>\n<li>_ga<\/li>\n<li>_gat<\/li>\n<\/ul>\n","protected":false},"excerpt":{"rendered":"<p>Pol\u00edtica de Cookies Les cookies s\u00f3n un element b\u00e0sic per al funcionament de la xarxa, al llarg d&#8217;aquests \u00faltims anys ens han facilitat la feina i aportat beneficis a l&#8217;hora de prestar serveis en l\u00ednia. Per contra, \u00faltimament s&#8217;ha disparat un cert temor social que les cookies puguin suposar un problema pel que fa a [&hellip;]<\/p>\n","protected":false},"author":3,"featured_media":0,"parent":0,"menu_order":0,"comment_status":"closed","ping_status":"closed","template":"","meta":{"_joinchat":[],"footnotes":""},"class_list":["post-54285","page","type-page","status-publish","hentry"],"yoast_head":"<!-- This site is optimized with the Yoast SEO Premium plugin v19.6 (Yoast SEO v27.5) - https:\/\/yoast.com\/product\/yoast-seo-premium-wordpress\/ -->\n<title>Nuestra pol\u00edtica de Cookies personalizada - Einnova<\/title>\n<meta name=\"description\" content=\"Agencia de Marketing online Barcelona - Pol\u00edtica de Cookies. \u2705 Contacta ahora para m\u00e1s informaci\u00f3n \u2705 Consultor\u00eda SEO 93 532 20 20\" \/>\n<meta name=\"robots\" content=\"noindex, nofollow\" \/>\n<meta property=\"og:locale\" content=\"ca_ES\" \/>\n<meta property=\"og:type\" content=\"article\" \/>\n<meta property=\"og:title\" content=\"Pol\u00edtica de Cookies\" \/>\n<meta property=\"og:description\" content=\"Agencia de Marketing online Barcelona - Pol\u00edtica de Cookies. \u2705 Contacta ahora para m\u00e1s informaci\u00f3n \u2705 Consultor\u00eda SEO 93 532 20 20\" \/>\n<meta property=\"og:url\" content=\"https:\/\/einnova.com\/ca\/politica-de-cookies\/\" \/>\n<meta property=\"og:site_name\" content=\"Einnova\" \/>\n<meta property=\"article:modified_time\" content=\"2024-09-09T09:42:46+00:00\" \/>\n<meta name=\"twitter:card\" content=\"summary_large_image\" \/>\n<meta name=\"twitter:label1\" content=\"Temps estimat de lectura\" \/>\n\t<meta name=\"twitter:data1\" content=\"4 minuts\" \/>\n<script type=\"application\/ld+json\" class=\"yoast-schema-graph\">{\"@context\":\"https:\\\/\\\/schema.org\",\"@graph\":[{\"@type\":\"WebPage\",\"@id\":\"https:\\\/\\\/einnova.com\\\/ca\\\/politica-de-cookies\\\/\",\"url\":\"https:\\\/\\\/einnova.com\\\/ca\\\/politica-de-cookies\\\/\",\"name\":\"Nuestra pol\u00edtica de Cookies personalizada - Einnova\",\"isPartOf\":{\"@id\":\"https:\\\/\\\/einnova.com\\\/#website\"},\"datePublished\":\"2024-09-09T09:35:02+00:00\",\"dateModified\":\"2024-09-09T09:42:46+00:00\",\"description\":\"Agencia de Marketing online Barcelona - Pol\u00edtica de Cookies. \u2705 Contacta ahora para m\u00e1s informaci\u00f3n \u2705 Consultor\u00eda SEO 93 532 20 20\",\"breadcrumb\":{\"@id\":\"https:\\\/\\\/einnova.com\\\/ca\\\/politica-de-cookies\\\/#breadcrumb\"},\"inLanguage\":\"ca\",\"potentialAction\":[{\"@type\":\"ReadAction\",\"target\":[\"https:\\\/\\\/einnova.com\\\/ca\\\/politica-de-cookies\\\/\"]}]},{\"@type\":\"BreadcrumbList\",\"@id\":\"https:\\\/\\\/einnova.com\\\/ca\\\/politica-de-cookies\\\/#breadcrumb\",\"itemListElement\":[{\"@type\":\"ListItem\",\"position\":1,\"name\":\"Home\",\"item\":\"https:\\\/\\\/einnova.com\\\/ca\\\/\"},{\"@type\":\"ListItem\",\"position\":2,\"name\":\"Pol\u00edtica de Cookies\"}]},{\"@type\":\"WebSite\",\"@id\":\"https:\\\/\\\/einnova.com\\\/#website\",\"url\":\"https:\\\/\\\/einnova.com\\\/\",\"name\":\"Einnova\",\"description\":\"Agencia de Marketing online y Desarrollo web\",\"potentialAction\":[{\"@type\":\"SearchAction\",\"target\":{\"@type\":\"EntryPoint\",\"urlTemplate\":\"https:\\\/\\\/einnova.com\\\/?s={search_term_string}\"},\"query-input\":{\"@type\":\"PropertyValueSpecification\",\"valueRequired\":true,\"valueName\":\"search_term_string\"}}],\"inLanguage\":\"ca\"}]}<\/script>\n<!-- \/ Yoast SEO Premium plugin. -->","yoast_head_json":{"title":"Nuestra pol\u00edtica de Cookies personalizada - Einnova","description":"Agencia de Marketing online Barcelona - Pol\u00edtica de Cookies. \u2705 Contacta ahora para m\u00e1s informaci\u00f3n \u2705 Consultor\u00eda SEO 93 532 20 20","robots":{"index":"noindex","follow":"nofollow"},"og_locale":"ca_ES","og_type":"article","og_title":"Pol\u00edtica de Cookies","og_description":"Agencia de Marketing online Barcelona - Pol\u00edtica de Cookies. \u2705 Contacta ahora para m\u00e1s informaci\u00f3n \u2705 Consultor\u00eda SEO 93 532 20 20","og_url":"https:\/\/einnova.com\/ca\/politica-de-cookies\/","og_site_name":"Einnova","article_modified_time":"2024-09-09T09:42:46+00:00","twitter_card":"summary_large_image","twitter_misc":{"Temps estimat de lectura":"4 minuts"},"schema":{"@context":"https:\/\/schema.org","@graph":[{"@type":"WebPage","@id":"https:\/\/einnova.com\/ca\/politica-de-cookies\/","url":"https:\/\/einnova.com\/ca\/politica-de-cookies\/","name":"Nuestra pol\u00edtica de Cookies personalizada - Einnova","isPartOf":{"@id":"https:\/\/einnova.com\/#website"},"datePublished":"2024-09-09T09:35:02+00:00","dateModified":"2024-09-09T09:42:46+00:00","description":"Agencia de Marketing online Barcelona - Pol\u00edtica de Cookies. \u2705 Contacta ahora para m\u00e1s informaci\u00f3n \u2705 Consultor\u00eda SEO 93 532 20 20","breadcrumb":{"@id":"https:\/\/einnova.com\/ca\/politica-de-cookies\/#breadcrumb"},"inLanguage":"ca","potentialAction":[{"@type":"ReadAction","target":["https:\/\/einnova.com\/ca\/politica-de-cookies\/"]}]},{"@type":"BreadcrumbList","@id":"https:\/\/einnova.com\/ca\/politica-de-cookies\/#breadcrumb","itemListElement":[{"@type":"ListItem","position":1,"name":"Home","item":"https:\/\/einnova.com\/ca\/"},{"@type":"ListItem","position":2,"name":"Pol\u00edtica de Cookies"}]},{"@type":"WebSite","@id":"https:\/\/einnova.com\/#website","url":"https:\/\/einnova.com\/","name":"Einnova","description":"Agencia de Marketing online y Desarrollo web","potentialAction":[{"@type":"SearchAction","target":{"@type":"EntryPoint","urlTemplate":"https:\/\/einnova.com\/?s={search_term_string}"},"query-input":{"@type":"PropertyValueSpecification","valueRequired":true,"valueName":"search_term_string"}}],"inLanguage":"ca"}]}},"_links":{"self":[{"href":"https:\/\/einnova.com\/ca\/wp-json\/wp\/v2\/pages\/54285","targetHints":{"allow":["GET"]}}],"collection":[{"href":"https:\/\/einnova.com\/ca\/wp-json\/wp\/v2\/pages"}],"about":[{"href":"https:\/\/einnova.com\/ca\/wp-json\/wp\/v2\/types\/page"}],"author":[{"embeddable":true,"href":"https:\/\/einnova.com\/ca\/wp-json\/wp\/v2\/users\/3"}],"replies":[{"embeddable":true,"href":"https:\/\/einnova.com\/ca\/wp-json\/wp\/v2\/comments?post=54285"}],"version-history":[{"count":3,"href":"https:\/\/einnova.com\/ca\/wp-json\/wp\/v2\/pages\/54285\/revisions"}],"predecessor-version":[{"id":54288,"href":"https:\/\/einnova.com\/ca\/wp-json\/wp\/v2\/pages\/54285\/revisions\/54288"}],"wp:attachment":[{"href":"https:\/\/einnova.com\/ca\/wp-json\/wp\/v2\/media?parent=54285"}],"curies":[{"name":"wp","href":"https:\/\/api.w.org\/{rel}","templated":true}]}}