{"id":54277,"date":"2024-09-09T09:30:14","date_gmt":"2024-09-09T09:30:14","guid":{"rendered":"http:\/\/einnova.com\/aviso-legal\/"},"modified":"2024-09-09T09:34:11","modified_gmt":"2024-09-09T09:34:11","slug":"aviso-legal","status":"publish","type":"page","link":"https:\/\/einnova.com\/ca\/aviso-legal\/","title":{"rendered":"Aviso Legal"},"content":{"rendered":"<h1 style=\"text-align: center; color: #000000; font-size: 34px; padding: 10px;\">Av\u00eds Legal<\/h1>\n<p>En compliment del que estableix l&#8217;article 10 de la Llei 34\/2002, d&#8217;11 de juliol, de serveis de la societat de la informaci\u00f3 i de comer\u00e7 electr\u00f2nic, a continuaci\u00f3 s&#8217;ofereix la informaci\u00f3 general sobre el titular del Lloc Web:<\/p>\n<ul>\n<li><strong>Ra\u00f3 social<\/strong>: 123 INNOVATION GROUP S.L.<\/li>\n<li><strong>Adre\u00e7a<\/strong>: Sant Joan de La Salle, 42<\/li>\n<li><strong>Codi postal i poblaci\u00f3<\/strong>: 08022-BARCELONA<\/li>\n<li><strong>Prov\u00edncia i Pa\u00eds<\/strong>: BARCELONA-ESPANYA<\/li>\n<li><strong>CIF<\/strong>: B64437403<\/li>\n<li><strong>Tel\u00e8fon<\/strong>: 935322020<\/li>\n<li><strong>Correu electr\u00f2nic<\/strong>: barcelona(arroba)einnova.com<\/li>\n<\/ul>\n<p>Es va registrar i es va activar el domini <a href=\"http:\/\/einnova.com\" target=\"_blank\" rel=\"noopener\">einnova.com<\/a> l&#8217;any 1999. El dia 09\/01\/2007 es va escriturar davant del notari: M.A. ALONSO HEVIA la societat amb el n\u00famero 92 de protocol i inscrita al Registre de Barcelona. L&#8217;entitat responsable d&#8217;aquest lloc web \u00e9s <strong>123 INNOVATION GROUP S.L.,<\/strong> inscrita al Registre Mercantil de Barcelona en el tom 39266, p\u00e0gina 343607, foli 0195, secci\u00f3 GENERAL, inscripci\u00f3 1a.<\/p>\n<h3>Condicions generals<\/h3>\n<p>Les presents Condicions Generals d&#8217;\u00das (en endavant, \u201cles Condicions Generals\u201d) regeixen l&#8217;acc\u00e9s i la utilitzaci\u00f3, per part de l&#8217;Usuari, del Lloc Web www.einnova.com (en endavant, \u201cel Lloc Web\u201d). Mitjan\u00e7ant l&#8217;acceptaci\u00f3 de les presents Condicions Generals, l&#8217;Usuari manifesta:<\/p>\n<ul>\n<li>Que ha llegit, ent\u00e9n i compr\u00e8n el que aqu\u00ed s&#8217;exposa.<\/li>\n<li>Que assumeix totes les obligacions aqu\u00ed disposades.<\/li>\n<\/ul>\n<p>La utilitzaci\u00f3 del Lloc Web atribueix la condici\u00f3 d&#8217;Usuari del Lloc Web (en endavant, \u201cl&#8217;Usuari\u201d) i implica l&#8217;acceptaci\u00f3 de tots els termes inclosos en aquestes Condicions Generals. L&#8217;Usuari ha de llegir atentament les presents Condicions Generals cada vegada que accedeixi al Lloc Web, ja que el mateix i aquestes Condicions Generals poden patir modificacions.<\/p>\n<h3>Pol\u00edtica de privacitat<\/h3>\n<p><strong>Incorporaci\u00f3 de dades personals als fitxers de 123 INNOVATION GROUP:<\/strong> De conformitat amb el que estableix la Llei Org\u00e0nica 15\/1999, de 13 de desembre, de Protecci\u00f3 de Dades de Car\u00e0cter Personal (en endavant, \u201cLOPD\u201d), s&#8217;informa que totes les dades personals que l&#8217;Usuari faciliti a trav\u00e9s del Lloc Web seran incorporades i tractades als fitxers titularitat de 123 INNOVATION GROUP, S.L. amb la finalitat de poder prestar-li els serveis sol\u00b7licitats, aix\u00ed com per mantenir-lo informat, fins i tot per mitjans electr\u00f2nics, sobre els productes i serveis oferts per www.einnova.com.<br \/>\n<strong>Exercici de drets:<\/strong> L&#8217;Usuari pot exercir els seus drets d&#8217;acc\u00e9s, rectificaci\u00f3, cancel\u00b7laci\u00f3 i oposici\u00f3 previstos a la LOPD, mitjan\u00e7ant una comunicaci\u00f3 escrita dirigida a 123 INNOVATION GROUP S.L. &#8211; C\/ Sant Joan de La Salle, 42 &#8211; 08022-BARCELONA, Espanya; o b\u00e9 mitjan\u00e7ant correu electr\u00f2nic dirigit a barcelona(arroba)einnova.com. En ambd\u00f3s casos l&#8217;Usuari interessat haur\u00e0 d&#8217;acompanyar una c\u00f2pia del seu document nacional d&#8217;identitat, passaport o un altre document v\u00e0lid que l&#8217;identifiqui.<\/p>\n<h3>\u00das de cookies<\/h3>\n<p>El lloc <a href=\"http:\/\/einnova.com\" target=\"_blank\" rel=\"noopener\">einnova.com<\/a> utilitza cookies amb les finalitats que es llisten a continuaci\u00f3:<\/p>\n<ul>\n<li><strong>Cookies pr\u00f2pies de einnova.com:<\/strong> completament an\u00f2nimes, utilitzades per millorar l&#8217;\u00fas del lloc web.<\/li>\n<li><strong>Cookies de Google Analytics:<\/strong> utilitzades per mesurar el comportament de l&#8217;usuari en el lloc web.<\/li>\n<li><strong>Cookies de Google Ads:<\/strong> utilitzades per mesurar el comportament de l&#8217;usuari en relaci\u00f3 a la publicitat de tipus doble clic.<\/li>\n<li><strong>Cookies de Pingdom:<\/strong> utilitzades per mesurar la disponibilitat del lloc web.<\/li>\n<\/ul>\n<p>Pr\u00e0cticament tots els navegadors web permeten establir les cookies que s&#8217;accepten a trav\u00e9s de les opcions de configuraci\u00f3. Per inhibir la instal\u00b7laci\u00f3 de les mateixes ha de seguir les instruccions corresponents del seu navegador:<\/p>\n<ul>\n<li><a href=\"http:\/\/mzl.la\/LJ07s2\" target=\"_blank\" rel=\"noopener\">Firefox<\/a><\/li>\n<li><a href=\"http:\/\/support.google.com\/chrome\/bin\/answer.py?hl=es&amp;answer=95647\" target=\"_blank\" rel=\"noopener\">Chrome<\/a><\/li>\n<li><a href=\"https:\/\/support.microsoft.com\/es-es\/help\/17442\/windows-internet-explorer-delete-manage-cookies\" target=\"_blank\" rel=\"noopener\">Explorer<\/a><\/li>\n<li><a href=\"http:\/\/support.apple.com\/kb\/ph5042\" target=\"_blank\" rel=\"noopener\">Safari<\/a><\/li>\n<\/ul>\n<h3>Condicions d&#8217;\u00das<\/h3>\n<p><strong>Acc\u00e9s al Lloc Web:<\/strong> L&#8217;acc\u00e9s al Lloc Web \u00e9s gratu\u00eft llevat pel que fa al cost de la connexi\u00f3 a trav\u00e9s de la xarxa de telecomunicacions subministrada pel prove\u00efdor d&#8217;acc\u00e9s contractat per l&#8217;Usuari.<br \/>\n<strong>Necessitat de Registre:<\/strong> En termes generals, per accedir als continguts del Lloc Web no ser\u00e0 necessari el Registre de l&#8217;Usuari.<\/p>\n","protected":false},"excerpt":{"rendered":"<p>Av\u00eds Legal En compliment del que estableix l&#8217;article 10 de la Llei 34\/2002, d&#8217;11 de juliol, de serveis de la societat de la informaci\u00f3 i de comer\u00e7 electr\u00f2nic, a continuaci\u00f3 s&#8217;ofereix la informaci\u00f3 general sobre el titular del Lloc Web: Ra\u00f3 social: 123 INNOVATION GROUP S.L. Adre\u00e7a: Sant Joan de La Salle, 42 Codi postal [&hellip;]<\/p>\n","protected":false},"author":3,"featured_media":0,"parent":0,"menu_order":50,"comment_status":"closed","ping_status":"closed","template":"","meta":{"_joinchat":[],"footnotes":""},"class_list":["post-54277","page","type-page","status-publish","hentry"],"yoast_head":"<!-- This site is optimized with the Yoast SEO Premium plugin v19.6 (Yoast SEO v27.2) - https:\/\/yoast.com\/product\/yoast-seo-premium-wordpress\/ -->\n<title>Aviso Legal - Einnova<\/title>\n<meta name=\"description\" content=\"Einnova - Agencia de Marketing Digital y Posicionamiento Web en Barcelona. \u2705 Contacta con nosotros en el 93 532 20 20.\" \/>\n<meta name=\"robots\" content=\"noindex, follow\" \/>\n<meta property=\"og:locale\" content=\"ca_ES\" \/>\n<meta property=\"og:type\" content=\"article\" \/>\n<meta property=\"og:title\" content=\"Aviso Legal\" \/>\n<meta property=\"og:description\" content=\"Einnova - Agencia de Marketing Digital y Posicionamiento Web en Barcelona. \u2705 Contacta con nosotros en el 93 532 20 20.\" \/>\n<meta property=\"og:url\" content=\"https:\/\/einnova.com\/ca\/aviso-legal\/\" \/>\n<meta property=\"og:site_name\" content=\"Einnova\" \/>\n<meta property=\"article:modified_time\" content=\"2024-09-09T09:34:11+00:00\" \/>\n<meta name=\"twitter:card\" content=\"summary_large_image\" \/>\n<meta name=\"twitter:label1\" content=\"Temps estimat de lectura\" \/>\n\t<meta name=\"twitter:data1\" content=\"3 minuts\" \/>\n<script type=\"application\/ld+json\" class=\"yoast-schema-graph\">{\"@context\":\"https:\/\/schema.org\",\"@graph\":[{\"@type\":\"WebPage\",\"@id\":\"https:\/\/einnova.com\/ca\/aviso-legal\/\",\"url\":\"https:\/\/einnova.com\/ca\/aviso-legal\/\",\"name\":\"Aviso Legal - Einnova\",\"isPartOf\":{\"@id\":\"https:\/\/einnova.com\/#website\"},\"datePublished\":\"2024-09-09T09:30:14+00:00\",\"dateModified\":\"2024-09-09T09:34:11+00:00\",\"description\":\"Einnova - Agencia de Marketing Digital y Posicionamiento Web en Barcelona. \u2705 Contacta con nosotros en el 93 532 20 20.\",\"breadcrumb\":{\"@id\":\"https:\/\/einnova.com\/ca\/aviso-legal\/#breadcrumb\"},\"inLanguage\":\"ca\",\"potentialAction\":[{\"@type\":\"ReadAction\",\"target\":[\"https:\/\/einnova.com\/ca\/aviso-legal\/\"]}]},{\"@type\":\"BreadcrumbList\",\"@id\":\"https:\/\/einnova.com\/ca\/aviso-legal\/#breadcrumb\",\"itemListElement\":[{\"@type\":\"ListItem\",\"position\":1,\"name\":\"Home\",\"item\":\"https:\/\/einnova.com\/ca\/\"},{\"@type\":\"ListItem\",\"position\":2,\"name\":\"Aviso Legal\"}]},{\"@type\":\"WebSite\",\"@id\":\"https:\/\/einnova.com\/#website\",\"url\":\"https:\/\/einnova.com\/\",\"name\":\"Einnova\",\"description\":\"Agencia de Marketing online y Desarrollo web\",\"potentialAction\":[{\"@type\":\"SearchAction\",\"target\":{\"@type\":\"EntryPoint\",\"urlTemplate\":\"https:\/\/einnova.com\/?s={search_term_string}\"},\"query-input\":{\"@type\":\"PropertyValueSpecification\",\"valueRequired\":true,\"valueName\":\"search_term_string\"}}],\"inLanguage\":\"ca\"}]}<\/script>\n<!-- \/ Yoast SEO Premium plugin. -->","yoast_head_json":{"title":"Aviso Legal - Einnova","description":"Einnova - Agencia de Marketing Digital y Posicionamiento Web en Barcelona. \u2705 Contacta con nosotros en el 93 532 20 20.","robots":{"index":"noindex","follow":"follow"},"og_locale":"ca_ES","og_type":"article","og_title":"Aviso Legal","og_description":"Einnova - Agencia de Marketing Digital y Posicionamiento Web en Barcelona. \u2705 Contacta con nosotros en el 93 532 20 20.","og_url":"https:\/\/einnova.com\/ca\/aviso-legal\/","og_site_name":"Einnova","article_modified_time":"2024-09-09T09:34:11+00:00","twitter_card":"summary_large_image","twitter_misc":{"Temps estimat de lectura":"3 minuts"},"schema":{"@context":"https:\/\/schema.org","@graph":[{"@type":"WebPage","@id":"https:\/\/einnova.com\/ca\/aviso-legal\/","url":"https:\/\/einnova.com\/ca\/aviso-legal\/","name":"Aviso Legal - Einnova","isPartOf":{"@id":"https:\/\/einnova.com\/#website"},"datePublished":"2024-09-09T09:30:14+00:00","dateModified":"2024-09-09T09:34:11+00:00","description":"Einnova - Agencia de Marketing Digital y Posicionamiento Web en Barcelona. \u2705 Contacta con nosotros en el 93 532 20 20.","breadcrumb":{"@id":"https:\/\/einnova.com\/ca\/aviso-legal\/#breadcrumb"},"inLanguage":"ca","potentialAction":[{"@type":"ReadAction","target":["https:\/\/einnova.com\/ca\/aviso-legal\/"]}]},{"@type":"BreadcrumbList","@id":"https:\/\/einnova.com\/ca\/aviso-legal\/#breadcrumb","itemListElement":[{"@type":"ListItem","position":1,"name":"Home","item":"https:\/\/einnova.com\/ca\/"},{"@type":"ListItem","position":2,"name":"Aviso Legal"}]},{"@type":"WebSite","@id":"https:\/\/einnova.com\/#website","url":"https:\/\/einnova.com\/","name":"Einnova","description":"Agencia de Marketing online y Desarrollo web","potentialAction":[{"@type":"SearchAction","target":{"@type":"EntryPoint","urlTemplate":"https:\/\/einnova.com\/?s={search_term_string}"},"query-input":{"@type":"PropertyValueSpecification","valueRequired":true,"valueName":"search_term_string"}}],"inLanguage":"ca"}]}},"_links":{"self":[{"href":"https:\/\/einnova.com\/ca\/wp-json\/wp\/v2\/pages\/54277","targetHints":{"allow":["GET"]}}],"collection":[{"href":"https:\/\/einnova.com\/ca\/wp-json\/wp\/v2\/pages"}],"about":[{"href":"https:\/\/einnova.com\/ca\/wp-json\/wp\/v2\/types\/page"}],"author":[{"embeddable":true,"href":"https:\/\/einnova.com\/ca\/wp-json\/wp\/v2\/users\/3"}],"replies":[{"embeddable":true,"href":"https:\/\/einnova.com\/ca\/wp-json\/wp\/v2\/comments?post=54277"}],"version-history":[{"count":3,"href":"https:\/\/einnova.com\/ca\/wp-json\/wp\/v2\/pages\/54277\/revisions"}],"predecessor-version":[{"id":54284,"href":"https:\/\/einnova.com\/ca\/wp-json\/wp\/v2\/pages\/54277\/revisions\/54284"}],"wp:attachment":[{"href":"https:\/\/einnova.com\/ca\/wp-json\/wp\/v2\/media?parent=54277"}],"curies":[{"name":"wp","href":"https:\/\/api.w.org\/{rel}","templated":true}]}}