{"id":54138,"date":"2024-08-23T11:09:57","date_gmt":"2024-08-23T11:09:57","guid":{"rendered":"http:\/\/einnova.com\/clientes\/caso-de-exito-programacion-web\/"},"modified":"2024-08-23T11:12:17","modified_gmt":"2024-08-23T11:12:17","slug":"caso-de-exito-programacion-web","status":"publish","type":"page","link":"https:\/\/einnova.com\/ca\/clientes\/caso-de-exito-programacion-web\/","title":{"rendered":"Caso de \u00e9xito programaci\u00f3n web"},"content":{"rendered":"\t\t<div data-elementor-type=\"wp-page\" data-elementor-id=\"54138\" class=\"elementor elementor-54138\" data-elementor-post-type=\"page\">\n\t\t\t\t<div class=\"elementor-element elementor-element-74039cd4 e-flex e-con-boxed e-con e-parent\" data-id=\"74039cd4\" data-element_type=\"container\" data-e-type=\"container\">\n\t\t\t\t\t<div class=\"e-con-inner\">\n\t\t\t\t<div class=\"elementor-element elementor-element-17a4e8cc elementor-widget elementor-widget-text-editor\" data-id=\"17a4e8cc\" data-element_type=\"widget\" data-e-type=\"widget\" data-widget_type=\"text-editor.default\">\n\t\t\t\t<div class=\"elementor-widget-container\">\n\t\t\t\t\t\t\t\t\t<br><br>\n<div style=\"position: relative; float: left; margin-left: 120px; top: 0; min-height: 120px;\">\n<p style=\"padding: 0; margin: 0;\"><strong>Hotel Sant Pere del Bosc<\/strong>\n<em>Programaci\u00f3 de sistema de reserves<\/em>\n<a href=\"http:\/\/www.santperedelboschotel.com\/\" target=\"_blank\" rel=\"noopener\">www.santperedelboschotel.com<\/a><\/p>\n<img decoding=\"async\" class=\"alignleft size-full wp-image-6818\" src=\"\/wp-content\/uploads\/estrellitas.png\" alt=\"estrellitas\" width=\"170\" height=\"30\" \/>\n\n<\/div>\n<div id=\"boton\" style=\"float: right; margin-right: 0px;\"><a href=\"\/einnova\/?page_id=6226\">Vull sistema de reserves<\/a><\/div>\n<\/div>\n<img fetchpriority=\"high\" decoding=\"async\" class=\"aligncenter size-full wp-image-6675\" src=\"\/wp-content\/uploads\/santperedelbosc_reserves.png\" alt=\"santperedelbosc_reserves\" width=\"639\" height=\"497\" \/>\n<h3 class=\"introduccion\">Punt de partida<\/h3>\nDes d&#8217;aquest hotel de luxe es van adonar que es perdien possibles clients, ja que a pesar que els sistemes de pagament online s\u00f3n cada vegada m\u00e9s segurs i utilitzats, alguns usuaris <b>encara desconfiaven d&#8217;introduir el seu n\u00famero de targeta de cr\u00e8dit<\/b> en el m\u00f3n virtual.\n<h3 class=\"solucion\">Soluci\u00f3 d&#8217;Einnova<\/h3>\nAprofitant l&#8217;experi\u00e8ncia d&#8217;Einnova, com a empresa especialista en m\u00e0rqueting online a Barcelona, <b>vam idear un sistema de pre-reserva<\/b> en el qual no \u00e9s necessari fer cap pagament. S&#8217;ofereixen tres opcions: reservar i trucar, reservar i que et truquin des de l&#8217;hotel, reservar i que et responguin per email des de l&#8217;hotel. D&#8217;aquesta manera, oferim un alt nivell de personalitzaci\u00f3 per a cada client i les seves possibles prefer\u00e8ncies.\n<h3 class=\"resultado\">Beneficis per a Hotel Sant Pere del Bosc<\/h3>\nAquesta varietat d&#8217;opcions en el sistema de reserves ha suposat un <b>augment considerable de reserves<\/b>, cosa que demostra que adaptant-nos a les necessitats de cada client es pot arribar a m\u00e9s gent.\n<h3>Aspectes que tota p\u00e0gina web ha de tenir:<\/h3>\nL&#8217;experi\u00e8ncia de l&#8217;usuari <strong>(UX)<\/strong>, \u00e9s un factor clau en el disseny web ja que (com es diu en el t\u00edtol) \u00e9s l&#8217;experi\u00e8ncia que t\u00e9 qualsevol usuari al interactuar amb qualsevol entorn, plataforma digital, web o dispositiu. Per tant, es tracta de desenvolupar la millor experi\u00e8ncia possible per a l&#8217;usuari i resoldre totes les seves necessitats, tenint en compte totes les variables, des del moment en qu\u00e8 arriba a la web fins a completar la compra, per exemple, i fins i tot aconseguir que torni a visitar-la. El disseny UX contempla tot el cicle de vida de l&#8217;usuari amb la web, des que ingressa visitant-la fins que tanca la pestanya.\n\nUn dels exemples on a Einnova vam tenir en compte aquest aspecte va ser amb la web de l&#8217;<strong>Hotel Sant Pere del Bosc<\/strong>, que \u00e9s un hotel amb m\u00e9s d&#8217;un segle d&#8217;antiguitat i es troba a 11 km del jard\u00ed bot\u00e0nic Marimurtra i a 13 km de les rutes de senderisme del Camping La Masia, amb suites, elegants i dissenyades de manera diferent, Wi-Fi gratu\u00eft, televisions de pantalla plana i zones de descans amb sof\u00e0s llit, a m\u00e9s d&#8217;un restaurant mediterrani, una piscina exterior d&#8217;aigua salada i jardins frondosos, va afegir un element que \u00e9s imprescindible en l&#8217;experi\u00e8ncia dels usuaris que visitaven la web, cosa que va millorar notablement el disseny web. Aix\u00ed mateix, en incorporar aquest sistema de pre-reserva, es va aconseguir que tingu\u00e9s m\u00e9s pres\u00e8ncia en els cercadors perqu\u00e8 cada vegada els clients confiaven m\u00e9s en aquesta p\u00e0gina a causa de les visites que es generaven.\n\nPer tant, \u00e9s important triar <a href=\"\/proyecto-sant-pere-del-bosch\">una empresa o ag\u00e8ncia que tingui en compte els serveis del posicionament web<\/a> o les caracter\u00edstiques que influeixen en el disseny web com es fa a Einnova perqu\u00e8 es puguin assolir els objectius pensats des del primer moment.\n\t\t\t\t\t\t\t\t<\/div>\n\t\t\t\t<\/div>\n\t\t\t\t\t<\/div>\n\t\t\t\t<\/div>\n\t\t\t\t<\/div>\n\t\t","protected":false},"excerpt":{"rendered":"<p>Hotel Sant Pere del Bosc Programaci\u00f3 de sistema de reserves www.santperedelboschotel.com Vull sistema de reserves Punt de partida Des d&#8217;aquest hotel de luxe es van adonar que es perdien possibles clients, ja que a pesar que els sistemes de pagament online s\u00f3n cada vegada m\u00e9s segurs i utilitzats, alguns usuaris encara desconfiaven d&#8217;introduir el seu [&hellip;]<\/p>\n","protected":false},"author":3,"featured_media":0,"parent":20569,"menu_order":0,"comment_status":"closed","ping_status":"open","template":"","meta":{"_joinchat":[],"footnotes":""},"class_list":["post-54138","page","type-page","status-publish","hentry"],"yoast_head":"<!-- This site is optimized with the Yoast SEO Premium plugin v19.6 (Yoast SEO v27.2) - https:\/\/yoast.com\/product\/yoast-seo-premium-wordpress\/ -->\n<title>Caso de \u00e9xito programaci\u00f3n web - Einnova<\/title>\n<meta name=\"description\" content=\"Agencia de Marketing online Barcelona - \u2705 Sistema de Reservas Online via App Sant Pere del Bosch - \u2705 Caso de \u00e9xito Einnova. \u2705 Contacta ahora para mas informaci\u00f3n\" \/>\n<meta name=\"robots\" content=\"index, follow, max-snippet:-1, max-image-preview:large, max-video-preview:-1\" \/>\n<link rel=\"canonical\" href=\"https:\/\/einnova.com\/ca\/clientes\/caso-de-exito-programacion-web\/\" \/>\n<meta property=\"og:locale\" content=\"ca_ES\" \/>\n<meta property=\"og:type\" content=\"article\" \/>\n<meta property=\"og:title\" content=\"Caso de \u00e9xito programaci\u00f3n web\" \/>\n<meta property=\"og:description\" content=\"Agencia de Marketing online Barcelona - \u2705 Sistema de Reservas Online via App Sant Pere del Bosch - \u2705 Caso de \u00e9xito Einnova. \u2705 Contacta ahora para mas informaci\u00f3n\" \/>\n<meta property=\"og:url\" content=\"https:\/\/einnova.com\/ca\/clientes\/caso-de-exito-programacion-web\/\" \/>\n<meta property=\"og:site_name\" content=\"Einnova\" \/>\n<meta property=\"article:modified_time\" content=\"2024-08-23T11:12:17+00:00\" \/>\n<meta name=\"twitter:card\" content=\"summary_large_image\" \/>\n<meta name=\"twitter:label1\" content=\"Temps estimat de lectura\" \/>\n\t<meta name=\"twitter:data1\" content=\"3 minuts\" \/>\n<script type=\"application\/ld+json\" class=\"yoast-schema-graph\">{\"@context\":\"https:\/\/schema.org\",\"@graph\":[{\"@type\":\"WebPage\",\"@id\":\"https:\/\/einnova.com\/ca\/clientes\/caso-de-exito-programacion-web\/\",\"url\":\"https:\/\/einnova.com\/ca\/clientes\/caso-de-exito-programacion-web\/\",\"name\":\"Caso de \u00e9xito programaci\u00f3n web - Einnova\",\"isPartOf\":{\"@id\":\"https:\/\/einnova.com\/#website\"},\"datePublished\":\"2024-08-23T11:09:57+00:00\",\"dateModified\":\"2024-08-23T11:12:17+00:00\",\"description\":\"Agencia de Marketing online Barcelona - \u2705 Sistema de Reservas Online via App Sant Pere del Bosch - \u2705 Caso de \u00e9xito Einnova. \u2705 Contacta ahora para mas informaci\u00f3n\",\"breadcrumb\":{\"@id\":\"https:\/\/einnova.com\/ca\/clientes\/caso-de-exito-programacion-web\/#breadcrumb\"},\"inLanguage\":\"ca\",\"potentialAction\":[{\"@type\":\"ReadAction\",\"target\":[\"https:\/\/einnova.com\/ca\/clientes\/caso-de-exito-programacion-web\/\"]}]},{\"@type\":\"BreadcrumbList\",\"@id\":\"https:\/\/einnova.com\/ca\/clientes\/caso-de-exito-programacion-web\/#breadcrumb\",\"itemListElement\":[{\"@type\":\"ListItem\",\"position\":1,\"name\":\"Home\",\"item\":\"https:\/\/einnova.com\/ca\/\"},{\"@type\":\"ListItem\",\"position\":2,\"name\":\"Clients\",\"item\":\"https:\/\/einnova.com\/ca\/clientes\/\"},{\"@type\":\"ListItem\",\"position\":3,\"name\":\"Caso de \u00e9xito programaci\u00f3n web\"}]},{\"@type\":\"WebSite\",\"@id\":\"https:\/\/einnova.com\/#website\",\"url\":\"https:\/\/einnova.com\/\",\"name\":\"Einnova\",\"description\":\"Agencia de Marketing online y Desarrollo web\",\"potentialAction\":[{\"@type\":\"SearchAction\",\"target\":{\"@type\":\"EntryPoint\",\"urlTemplate\":\"https:\/\/einnova.com\/?s={search_term_string}\"},\"query-input\":{\"@type\":\"PropertyValueSpecification\",\"valueRequired\":true,\"valueName\":\"search_term_string\"}}],\"inLanguage\":\"ca\"}]}<\/script>\n<!-- \/ Yoast SEO Premium plugin. -->","yoast_head_json":{"title":"Caso de \u00e9xito programaci\u00f3n web - Einnova","description":"Agencia de Marketing online Barcelona - \u2705 Sistema de Reservas Online via App Sant Pere del Bosch - \u2705 Caso de \u00e9xito Einnova. \u2705 Contacta ahora para mas informaci\u00f3n","robots":{"index":"index","follow":"follow","max-snippet":"max-snippet:-1","max-image-preview":"max-image-preview:large","max-video-preview":"max-video-preview:-1"},"canonical":"https:\/\/einnova.com\/ca\/clientes\/caso-de-exito-programacion-web\/","og_locale":"ca_ES","og_type":"article","og_title":"Caso de \u00e9xito programaci\u00f3n web","og_description":"Agencia de Marketing online Barcelona - \u2705 Sistema de Reservas Online via App Sant Pere del Bosch - \u2705 Caso de \u00e9xito Einnova. \u2705 Contacta ahora para mas informaci\u00f3n","og_url":"https:\/\/einnova.com\/ca\/clientes\/caso-de-exito-programacion-web\/","og_site_name":"Einnova","article_modified_time":"2024-08-23T11:12:17+00:00","twitter_card":"summary_large_image","twitter_misc":{"Temps estimat de lectura":"3 minuts"},"schema":{"@context":"https:\/\/schema.org","@graph":[{"@type":"WebPage","@id":"https:\/\/einnova.com\/ca\/clientes\/caso-de-exito-programacion-web\/","url":"https:\/\/einnova.com\/ca\/clientes\/caso-de-exito-programacion-web\/","name":"Caso de \u00e9xito programaci\u00f3n web - Einnova","isPartOf":{"@id":"https:\/\/einnova.com\/#website"},"datePublished":"2024-08-23T11:09:57+00:00","dateModified":"2024-08-23T11:12:17+00:00","description":"Agencia de Marketing online Barcelona - \u2705 Sistema de Reservas Online via App Sant Pere del Bosch - \u2705 Caso de \u00e9xito Einnova. \u2705 Contacta ahora para mas informaci\u00f3n","breadcrumb":{"@id":"https:\/\/einnova.com\/ca\/clientes\/caso-de-exito-programacion-web\/#breadcrumb"},"inLanguage":"ca","potentialAction":[{"@type":"ReadAction","target":["https:\/\/einnova.com\/ca\/clientes\/caso-de-exito-programacion-web\/"]}]},{"@type":"BreadcrumbList","@id":"https:\/\/einnova.com\/ca\/clientes\/caso-de-exito-programacion-web\/#breadcrumb","itemListElement":[{"@type":"ListItem","position":1,"name":"Home","item":"https:\/\/einnova.com\/ca\/"},{"@type":"ListItem","position":2,"name":"Clients","item":"https:\/\/einnova.com\/ca\/clientes\/"},{"@type":"ListItem","position":3,"name":"Caso de \u00e9xito programaci\u00f3n web"}]},{"@type":"WebSite","@id":"https:\/\/einnova.com\/#website","url":"https:\/\/einnova.com\/","name":"Einnova","description":"Agencia de Marketing online y Desarrollo web","potentialAction":[{"@type":"SearchAction","target":{"@type":"EntryPoint","urlTemplate":"https:\/\/einnova.com\/?s={search_term_string}"},"query-input":{"@type":"PropertyValueSpecification","valueRequired":true,"valueName":"search_term_string"}}],"inLanguage":"ca"}]}},"_links":{"self":[{"href":"https:\/\/einnova.com\/ca\/wp-json\/wp\/v2\/pages\/54138","targetHints":{"allow":["GET"]}}],"collection":[{"href":"https:\/\/einnova.com\/ca\/wp-json\/wp\/v2\/pages"}],"about":[{"href":"https:\/\/einnova.com\/ca\/wp-json\/wp\/v2\/types\/page"}],"author":[{"embeddable":true,"href":"https:\/\/einnova.com\/ca\/wp-json\/wp\/v2\/users\/3"}],"replies":[{"embeddable":true,"href":"https:\/\/einnova.com\/ca\/wp-json\/wp\/v2\/comments?post=54138"}],"version-history":[{"count":3,"href":"https:\/\/einnova.com\/ca\/wp-json\/wp\/v2\/pages\/54138\/revisions"}],"predecessor-version":[{"id":54147,"href":"https:\/\/einnova.com\/ca\/wp-json\/wp\/v2\/pages\/54138\/revisions\/54147"}],"up":[{"embeddable":true,"href":"https:\/\/einnova.com\/ca\/wp-json\/wp\/v2\/pages\/20569"}],"wp:attachment":[{"href":"https:\/\/einnova.com\/ca\/wp-json\/wp\/v2\/media?parent=54138"}],"curies":[{"name":"wp","href":"https:\/\/api.w.org\/{rel}","templated":true}]}}