{"id":54131,"date":"2024-08-23T11:05:40","date_gmt":"2024-08-23T11:05:40","guid":{"rendered":"http:\/\/einnova.com\/clientes\/caso-de-exito-de-tienda-online\/"},"modified":"2024-08-23T11:08:56","modified_gmt":"2024-08-23T11:08:56","slug":"caso-de-exito-de-tienda-online","status":"publish","type":"page","link":"https:\/\/einnova.com\/ca\/clientes\/caso-de-exito-de-tienda-online\/","title":{"rendered":"Cas d&#8217;\u00e8xit de botiga online"},"content":{"rendered":"\t\t<div data-elementor-type=\"wp-page\" data-elementor-id=\"54131\" class=\"elementor elementor-54131\" data-elementor-post-type=\"page\">\n\t\t\t\t<div class=\"elementor-element elementor-element-1490ae9a e-flex e-con-boxed e-con e-parent\" data-id=\"1490ae9a\" data-element_type=\"container\" data-e-type=\"container\">\n\t\t\t\t\t<div class=\"e-con-inner\">\n\t\t\t\t<div class=\"elementor-element elementor-element-467822de elementor-widget elementor-widget-text-editor\" data-id=\"467822de\" data-element_type=\"widget\" data-e-type=\"widget\" data-widget_type=\"text-editor.default\">\n\t\t\t\t<div class=\"elementor-widget-container\">\n\t\t\t\t\t\t\t\t\t<h5 style=\"margin-top: -23px !important;\">Ryman va desenvolupar una botiga online a mida per vendre online<\/h5>\n<div style=\"position: relative;\">\n<div style=\"position: absolute; left: 0px; top: 0; width: 100px;\"><img decoding=\"async\" src=\"\/img\/logos-100x100\/rymanryman.jpg\" alt=\"Botiga online Ryman\" width=\"100\" height=\"100\" \/><\/div>\n<div style=\"position: relative; float: left; margin-left: 120px; top: 0; min-height: 120px;\">\n<p style=\"padding: 0; margin: 0;\"><strong>Ryman<\/strong>\n<em>Desenvolupament de botiga online personalitzada<\/em>\n<a href=\"http:\/\/www.rymanryman.es\" target=\"_blank\" rel=\"noopener\">www.rymanryman.es<\/a><\/p>\n<img decoding=\"async\" class=\"alignleft size-full wp-image-6818\" src=\"\/wp-content\/uploads\/estrellitas.png\" alt=\"estrellitas\" width=\"170\" height=\"30\" \/>\n\n<\/div>\n<div id=\"boton\" style=\"float: right; margin-right: 0px;\"><a href=\"\/einnova\/?page_id=6226\">Vull vendre online<\/a><\/div>\n<\/div>\n<img fetchpriority=\"high\" decoding=\"async\" class=\"alignleft size-full wp-image-6783\" src=\"\/wp-content\/uploads\/ryman_2.png\" alt=\"ryman_2\" width=\"635\" height=\"490\" \/>\n<br><br>\n<h3 class=\"introduccion\">Punt de partida<\/h3>\nAquesta coneguda cadena de botigues de Barcelona especialitzada en articles de regal originals, sense estar preparada per <b>sacarle partit a la venda online<\/b>, un negoci emergent. Es van proposar afrontar aquest repte de la m\u00e0 d&#8217;Einnova.\n<h3 class=\"solucion\">Soluci\u00f3 d&#8217;Einnova<\/h3>\nDes d&#8217;Einnova vam estudiar la forma de fomentar al m\u00e0xim la compra dels seus visitants. Part\u00edem de zero, aix\u00ed que vam optar per una botiga online en la qual vam aplicar les t\u00e8cniques de <a href=\"\/neuromarketing-web\">neurom\u00e0rqueting<\/a>. Aix\u00ed, es van definir els requisits del disseny que havia de tenir la web, i es van realitzar diversos dissenys en paral\u00b7lel. Aquest proc\u00e9s consisteix a treballar en diversos esbossos simplificats, provant la seva funcionalitat amb una prova d&#8217;usabilitat. El seg\u00fcent pas va consistir a crear un \u00fanic disseny que combin\u00e9s el millor de cada opci\u00f3. El resultat final, combinat amb la <b>flexibilitat que ofereix la plataforma Magento<\/b>, permet l&#8217;\u00fas de filtres destinats a tot tipus de visitants, dates assenyalades, tem\u00e0tiques o aficions.\n<h3 class=\"resultado\">Beneficis per a Ryman<\/h3>\nRyman va entrar de ple al mercat d&#8217;internet amb aquesta botiga online. Ara ja t\u00e9 pres\u00e8ncia a internet i d&#8217;aquesta manera continua consolidant el nom de marca de les seves botigues f\u00edsiques. El resultat final va ser molt satisfactori gr\u00e0cies a un <b>treball personalitzat<\/b> en el qual es van oferir diverses opcions de disseny, de manera que el client podia tenir control i decisi\u00f3 sobre tot el proc\u00e9s. Les campanyes i les ofertes per temps limitat que Ryman pot gestionar al seu conveni\u00e8ncia, s\u00f3n molt efectives ja que es va fer el desenvolupament de la botiga online amb Magento, plataforma que li permet aquesta funcionalitat entre moltes altres. Algunes de les opcions que es van implementar, com destacar continguts a trav\u00e9s de banners d&#8217;ofertes en categories concretes, o ofertes de productes per temps limitat amb un comptador de temps, estan sent ben valorades pels seus clients.\n\t\t\t\t\t\t\t\t<\/div>\n\t\t\t\t<\/div>\n\t\t\t\t\t<\/div>\n\t\t\t\t<\/div>\n\t\t\t\t<\/div>\n\t\t","protected":false},"excerpt":{"rendered":"<p>Ryman va desenvolupar una botiga online a mida per vendre online Ryman Desenvolupament de botiga online personalitzada www.rymanryman.es Vull vendre online Punt de partida Aquesta coneguda cadena de botigues de Barcelona especialitzada en articles de regal originals, sense estar preparada per sacarle partit a la venda online, un negoci emergent. Es van proposar afrontar aquest [&hellip;]<\/p>\n","protected":false},"author":3,"featured_media":0,"parent":20569,"menu_order":0,"comment_status":"closed","ping_status":"open","template":"","meta":{"_joinchat":[],"footnotes":""},"class_list":["post-54131","page","type-page","status-publish","hentry"],"yoast_head":"<!-- This site is optimized with the Yoast SEO Premium plugin v19.6 (Yoast SEO v27.2) - https:\/\/yoast.com\/product\/yoast-seo-premium-wordpress\/ -->\n<title>Caso de \u00e9xito de tienda online ecommerce ryman<\/title>\n<meta name=\"description\" content=\"Agencia de Marketing online Barcelona - \u2705 Tienda Online a medida Ryman - \u2705 Caso de \u00e9xito Einnova. \u2705 Contacta ahora para mas informaci\u00f3n\" \/>\n<meta name=\"robots\" content=\"index, follow, max-snippet:-1, max-image-preview:large, max-video-preview:-1\" \/>\n<link rel=\"canonical\" href=\"https:\/\/einnova.com\/ca\/clientes\/caso-de-exito-de-tienda-online\/\" \/>\n<meta property=\"og:locale\" content=\"ca_ES\" \/>\n<meta property=\"og:type\" content=\"article\" \/>\n<meta property=\"og:title\" content=\"Cas d&#039;\u00e8xit de botiga online\" \/>\n<meta property=\"og:description\" content=\"Agencia de Marketing online Barcelona - \u2705 Tienda Online a medida Ryman - \u2705 Caso de \u00e9xito Einnova. \u2705 Contacta ahora para mas informaci\u00f3n\" \/>\n<meta property=\"og:url\" content=\"https:\/\/einnova.com\/ca\/clientes\/caso-de-exito-de-tienda-online\/\" \/>\n<meta property=\"og:site_name\" content=\"Einnova\" \/>\n<meta property=\"article:modified_time\" content=\"2024-08-23T11:08:56+00:00\" \/>\n<meta name=\"twitter:card\" content=\"summary_large_image\" \/>\n<meta name=\"twitter:label1\" content=\"Temps estimat de lectura\" \/>\n\t<meta name=\"twitter:data1\" content=\"3 minuts\" \/>\n<script type=\"application\/ld+json\" class=\"yoast-schema-graph\">{\"@context\":\"https:\/\/schema.org\",\"@graph\":[{\"@type\":\"WebPage\",\"@id\":\"https:\/\/einnova.com\/ca\/clientes\/caso-de-exito-de-tienda-online\/\",\"url\":\"https:\/\/einnova.com\/ca\/clientes\/caso-de-exito-de-tienda-online\/\",\"name\":\"Caso de \u00e9xito de tienda online ecommerce ryman\",\"isPartOf\":{\"@id\":\"https:\/\/einnova.com\/#website\"},\"datePublished\":\"2024-08-23T11:05:40+00:00\",\"dateModified\":\"2024-08-23T11:08:56+00:00\",\"description\":\"Agencia de Marketing online Barcelona - \u2705 Tienda Online a medida Ryman - \u2705 Caso de \u00e9xito Einnova. \u2705 Contacta ahora para mas informaci\u00f3n\",\"breadcrumb\":{\"@id\":\"https:\/\/einnova.com\/ca\/clientes\/caso-de-exito-de-tienda-online\/#breadcrumb\"},\"inLanguage\":\"ca\",\"potentialAction\":[{\"@type\":\"ReadAction\",\"target\":[\"https:\/\/einnova.com\/ca\/clientes\/caso-de-exito-de-tienda-online\/\"]}]},{\"@type\":\"BreadcrumbList\",\"@id\":\"https:\/\/einnova.com\/ca\/clientes\/caso-de-exito-de-tienda-online\/#breadcrumb\",\"itemListElement\":[{\"@type\":\"ListItem\",\"position\":1,\"name\":\"Home\",\"item\":\"https:\/\/einnova.com\/ca\/\"},{\"@type\":\"ListItem\",\"position\":2,\"name\":\"Clients\",\"item\":\"https:\/\/einnova.com\/ca\/clientes\/\"},{\"@type\":\"ListItem\",\"position\":3,\"name\":\"Cas d&#8217;\u00e8xit de botiga online\"}]},{\"@type\":\"WebSite\",\"@id\":\"https:\/\/einnova.com\/#website\",\"url\":\"https:\/\/einnova.com\/\",\"name\":\"Einnova\",\"description\":\"Agencia de Marketing online y Desarrollo web\",\"potentialAction\":[{\"@type\":\"SearchAction\",\"target\":{\"@type\":\"EntryPoint\",\"urlTemplate\":\"https:\/\/einnova.com\/?s={search_term_string}\"},\"query-input\":{\"@type\":\"PropertyValueSpecification\",\"valueRequired\":true,\"valueName\":\"search_term_string\"}}],\"inLanguage\":\"ca\"}]}<\/script>\n<!-- \/ Yoast SEO Premium plugin. -->","yoast_head_json":{"title":"Caso de \u00e9xito de tienda online ecommerce ryman","description":"Agencia de Marketing online Barcelona - \u2705 Tienda Online a medida Ryman - \u2705 Caso de \u00e9xito Einnova. \u2705 Contacta ahora para mas informaci\u00f3n","robots":{"index":"index","follow":"follow","max-snippet":"max-snippet:-1","max-image-preview":"max-image-preview:large","max-video-preview":"max-video-preview:-1"},"canonical":"https:\/\/einnova.com\/ca\/clientes\/caso-de-exito-de-tienda-online\/","og_locale":"ca_ES","og_type":"article","og_title":"Cas d'\u00e8xit de botiga online","og_description":"Agencia de Marketing online Barcelona - \u2705 Tienda Online a medida Ryman - \u2705 Caso de \u00e9xito Einnova. \u2705 Contacta ahora para mas informaci\u00f3n","og_url":"https:\/\/einnova.com\/ca\/clientes\/caso-de-exito-de-tienda-online\/","og_site_name":"Einnova","article_modified_time":"2024-08-23T11:08:56+00:00","twitter_card":"summary_large_image","twitter_misc":{"Temps estimat de lectura":"3 minuts"},"schema":{"@context":"https:\/\/schema.org","@graph":[{"@type":"WebPage","@id":"https:\/\/einnova.com\/ca\/clientes\/caso-de-exito-de-tienda-online\/","url":"https:\/\/einnova.com\/ca\/clientes\/caso-de-exito-de-tienda-online\/","name":"Caso de \u00e9xito de tienda online ecommerce ryman","isPartOf":{"@id":"https:\/\/einnova.com\/#website"},"datePublished":"2024-08-23T11:05:40+00:00","dateModified":"2024-08-23T11:08:56+00:00","description":"Agencia de Marketing online Barcelona - \u2705 Tienda Online a medida Ryman - \u2705 Caso de \u00e9xito Einnova. \u2705 Contacta ahora para mas informaci\u00f3n","breadcrumb":{"@id":"https:\/\/einnova.com\/ca\/clientes\/caso-de-exito-de-tienda-online\/#breadcrumb"},"inLanguage":"ca","potentialAction":[{"@type":"ReadAction","target":["https:\/\/einnova.com\/ca\/clientes\/caso-de-exito-de-tienda-online\/"]}]},{"@type":"BreadcrumbList","@id":"https:\/\/einnova.com\/ca\/clientes\/caso-de-exito-de-tienda-online\/#breadcrumb","itemListElement":[{"@type":"ListItem","position":1,"name":"Home","item":"https:\/\/einnova.com\/ca\/"},{"@type":"ListItem","position":2,"name":"Clients","item":"https:\/\/einnova.com\/ca\/clientes\/"},{"@type":"ListItem","position":3,"name":"Cas d&#8217;\u00e8xit de botiga online"}]},{"@type":"WebSite","@id":"https:\/\/einnova.com\/#website","url":"https:\/\/einnova.com\/","name":"Einnova","description":"Agencia de Marketing online y Desarrollo web","potentialAction":[{"@type":"SearchAction","target":{"@type":"EntryPoint","urlTemplate":"https:\/\/einnova.com\/?s={search_term_string}"},"query-input":{"@type":"PropertyValueSpecification","valueRequired":true,"valueName":"search_term_string"}}],"inLanguage":"ca"}]}},"_links":{"self":[{"href":"https:\/\/einnova.com\/ca\/wp-json\/wp\/v2\/pages\/54131","targetHints":{"allow":["GET"]}}],"collection":[{"href":"https:\/\/einnova.com\/ca\/wp-json\/wp\/v2\/pages"}],"about":[{"href":"https:\/\/einnova.com\/ca\/wp-json\/wp\/v2\/types\/page"}],"author":[{"embeddable":true,"href":"https:\/\/einnova.com\/ca\/wp-json\/wp\/v2\/users\/3"}],"replies":[{"embeddable":true,"href":"https:\/\/einnova.com\/ca\/wp-json\/wp\/v2\/comments?post=54131"}],"version-history":[{"count":4,"href":"https:\/\/einnova.com\/ca\/wp-json\/wp\/v2\/pages\/54131\/revisions"}],"predecessor-version":[{"id":54137,"href":"https:\/\/einnova.com\/ca\/wp-json\/wp\/v2\/pages\/54131\/revisions\/54137"}],"up":[{"embeddable":true,"href":"https:\/\/einnova.com\/ca\/wp-json\/wp\/v2\/pages\/20569"}],"wp:attachment":[{"href":"https:\/\/einnova.com\/ca\/wp-json\/wp\/v2\/media?parent=54131"}],"curies":[{"name":"wp","href":"https:\/\/api.w.org\/{rel}","templated":true}]}}