{"id":53950,"date":"2024-08-22T10:52:07","date_gmt":"2024-08-22T10:52:07","guid":{"rendered":"http:\/\/einnova.com\/clientes\/caso-de-exito-de-aplicaciones-moviles\/"},"modified":"2024-08-22T10:55:47","modified_gmt":"2024-08-22T10:55:47","slug":"caso-de-exito-de-aplicaciones-moviles","status":"publish","type":"page","link":"https:\/\/einnova.com\/ca\/clientes\/caso-de-exito-de-aplicaciones-moviles\/","title":{"rendered":"Caso de \u00e9xito de aplicaciones m\u00f3viles"},"content":{"rendered":"\t\t<div data-elementor-type=\"wp-page\" data-elementor-id=\"53950\" class=\"elementor elementor-53950\" data-elementor-post-type=\"page\">\n\t\t\t\t<div class=\"elementor-element elementor-element-2e2cd34d e-flex e-con-boxed e-con e-parent\" data-id=\"2e2cd34d\" data-element_type=\"container\" data-e-type=\"container\">\n\t\t\t\t\t<div class=\"e-con-inner\">\n\t\t\t\t<div class=\"elementor-element elementor-element-614f58ab elementor-widget elementor-widget-text-editor\" data-id=\"614f58ab\" data-element_type=\"widget\" data-e-type=\"widget\" data-widget_type=\"text-editor.default\">\n\t\t\t\t<div class=\"elementor-widget-container\">\n\t\t\t\t\t\t\t\t\t<h1 style=\"visibility: hidden;\">cas d&#8217;\u00e8xit app m\u00f2bil flash<\/h1>\n<h5 style=\"margin-top: -23px;\">L&#8217;Hotel Sant Pere del Bosc va substituir les animacions flash per animacions adequades per a les seves m\u00e9s de 2000 visites des de l&#8217;iPad<\/h5>\n<div style=\"position: relative;\">\n<div style=\"position: absolute; left: 0px; top: 0; width: 100px;\"><img decoding=\"async\" src=\"\/img\/logos-100x100\/santperedelboschotel.jpg\" alt=\"Hotel Sant Pere del Bosc\" width=\"100\" height=\"100\" \/><\/div>\n<div style=\"position: relative; float: left; margin-left: 120px; top: 0; min-height: 120px;\">\n<p style=\"padding: 0; margin: 0;\"><strong>Hotel Sant Pere del Bosc<\/strong>\n<em>Desenvolupament de p\u00e0gines web adaptades a m\u00f2bil i tablet<\/em>\n<a href=\"http:\/\/www.santperedelboschotel.com\/\" target=\"_blank\" rel=\"noopener\">http:\/\/www.santperedelboschotel.com<\/a><\/p>\n<img decoding=\"async\" class=\"alignleft size-full wp-image-6818\" src=\"\/wp-content\/uploads\/estrellitas.png\" alt=\"estrellitas\" width=\"170\" height=\"30\" \/>\n\n<\/div>\n<div id=\"boton\" style=\"float: right; margin-right: 0px;\"><a href=\"\/einnova\/?page_id=6226\">Vull adaptar la meva web<\/a><\/div>\n<\/div>\n<img fetchpriority=\"high\" decoding=\"async\" class=\"aligncenter size-full wp-image-6684\" src=\"\/wp-content\/uploads\/santperedelbosc_ipad.png\" alt=\"santperedelbosc_ipad\" width=\"634\" height=\"491\" \/>\n<h3 class=\"introduccio\">Punt de partida<\/h3>\nMolts dels clients d&#8217;aquest hotel de luxe a la Costa Brava <strong>volien accedir a la web des de l&#8217;iPad i es trobaven amb que la versi\u00f3 web no estava preparada<\/strong> per a aquest dispositiu. Massa temps d&#8217;espera en la c\u00e0rrega de continguts que podien fer que alguns clients impacients abandonessin la web.\n<h3 class=\"solucio\">Soluci\u00f3 d&#8217;Einnova<\/h3>\nA Einnova, com a empresa de desenvolupament de p\u00e0gines web m\u00f2bils a Barcelona, vam fer una <strong>programaci\u00f3 a mida<\/strong>, passant de l&#8217;anterior web en flash a una versi\u00f3 adaptable i m\u00e9s r\u00e0pida en HTML. En lloc de la barra de c\u00e0rrega que apareixia anteriorment, el primer que apareix actualment \u00e9s el tel\u00e8fon i un bot\u00f3 de contacte.\n<h3 class=\"resultat\">Beneficis per a l&#8217;Hotel Sant Pere del Bosc<\/h3>\nGr\u00e0cies a aquest canvi s&#8217; <strong>han vist augmentades les visites des de l&#8217;iPad<\/strong>, i ja s\u00f3n milers de persones les que ho han comprovat en aquests mesos. Els temps s\u00f3n fonamentals en la presa de decisions, i no pod\u00edem permetre&#8217;ns que un possible client abandon\u00e9s la web sense tan sols veure-la.\n\t\t\t\t\t\t\t\t<\/div>\n\t\t\t\t<\/div>\n\t\t\t\t\t<\/div>\n\t\t\t\t<\/div>\n\t\t\t\t<\/div>\n\t\t","protected":false},"excerpt":{"rendered":"<p>cas d&#8217;\u00e8xit app m\u00f2bil flash L&#8217;Hotel Sant Pere del Bosc va substituir les animacions flash per animacions adequades per a les seves m\u00e9s de 2000 visites des de l&#8217;iPad Hotel Sant Pere del Bosc Desenvolupament de p\u00e0gines web adaptades a m\u00f2bil i tablet http:\/\/www.santperedelboschotel.com Vull adaptar la meva web Punt de partida Molts dels clients [&hellip;]<\/p>\n","protected":false},"author":3,"featured_media":0,"parent":20569,"menu_order":0,"comment_status":"closed","ping_status":"open","template":"","meta":{"_joinchat":[],"footnotes":""},"class_list":["post-53950","page","type-page","status-publish","hentry"],"yoast_head":"<!-- This site is optimized with the Yoast SEO Premium plugin v19.6 (Yoast SEO v27.2) - https:\/\/yoast.com\/product\/yoast-seo-premium-wordpress\/ -->\n<title>Caso de \u00e9xito de aplicaciones m\u00f3viles - Hotel - einnova<\/title>\n<meta name=\"description\" content=\"Agencia de Marketing online Barcelona - Desarrollo de Webs m\u00f3viles sin Flash - Caso de \u00e9xito Einnova. Contacta ahora para mas informaci\u00f3n\" \/>\n<meta name=\"robots\" content=\"index, follow, max-snippet:-1, max-image-preview:large, max-video-preview:-1\" \/>\n<link rel=\"canonical\" href=\"https:\/\/einnova.com\/ca\/clientes\/caso-de-exito-de-aplicaciones-moviles\/\" \/>\n<meta property=\"og:locale\" content=\"ca_ES\" \/>\n<meta property=\"og:type\" content=\"article\" \/>\n<meta property=\"og:title\" content=\"Caso de \u00e9xito de aplicaciones m\u00f3viles\" \/>\n<meta property=\"og:description\" content=\"Agencia de Marketing online Barcelona - Desarrollo de Webs m\u00f3viles sin Flash - Caso de \u00e9xito Einnova. Contacta ahora para mas informaci\u00f3n\" \/>\n<meta property=\"og:url\" content=\"https:\/\/einnova.com\/ca\/clientes\/caso-de-exito-de-aplicaciones-moviles\/\" \/>\n<meta property=\"og:site_name\" content=\"Einnova\" \/>\n<meta property=\"article:modified_time\" content=\"2024-08-22T10:55:47+00:00\" \/>\n<meta name=\"twitter:card\" content=\"summary_large_image\" \/>\n<meta name=\"twitter:label1\" content=\"Temps estimat de lectura\" \/>\n\t<meta name=\"twitter:data1\" content=\"2 minuts\" \/>\n<script type=\"application\/ld+json\" class=\"yoast-schema-graph\">{\"@context\":\"https:\/\/schema.org\",\"@graph\":[{\"@type\":\"WebPage\",\"@id\":\"https:\/\/einnova.com\/ca\/clientes\/caso-de-exito-de-aplicaciones-moviles\/\",\"url\":\"https:\/\/einnova.com\/ca\/clientes\/caso-de-exito-de-aplicaciones-moviles\/\",\"name\":\"Caso de \u00e9xito de aplicaciones m\u00f3viles - Hotel - einnova\",\"isPartOf\":{\"@id\":\"https:\/\/einnova.com\/#website\"},\"datePublished\":\"2024-08-22T10:52:07+00:00\",\"dateModified\":\"2024-08-22T10:55:47+00:00\",\"description\":\"Agencia de Marketing online Barcelona - Desarrollo de Webs m\u00f3viles sin Flash - Caso de \u00e9xito Einnova. Contacta ahora para mas informaci\u00f3n\",\"breadcrumb\":{\"@id\":\"https:\/\/einnova.com\/ca\/clientes\/caso-de-exito-de-aplicaciones-moviles\/#breadcrumb\"},\"inLanguage\":\"ca\",\"potentialAction\":[{\"@type\":\"ReadAction\",\"target\":[\"https:\/\/einnova.com\/ca\/clientes\/caso-de-exito-de-aplicaciones-moviles\/\"]}]},{\"@type\":\"BreadcrumbList\",\"@id\":\"https:\/\/einnova.com\/ca\/clientes\/caso-de-exito-de-aplicaciones-moviles\/#breadcrumb\",\"itemListElement\":[{\"@type\":\"ListItem\",\"position\":1,\"name\":\"Home\",\"item\":\"https:\/\/einnova.com\/ca\/\"},{\"@type\":\"ListItem\",\"position\":2,\"name\":\"Clients\",\"item\":\"https:\/\/einnova.com\/ca\/clientes\/\"},{\"@type\":\"ListItem\",\"position\":3,\"name\":\"Caso de \u00e9xito de aplicaciones m\u00f3viles\"}]},{\"@type\":\"WebSite\",\"@id\":\"https:\/\/einnova.com\/#website\",\"url\":\"https:\/\/einnova.com\/\",\"name\":\"Einnova\",\"description\":\"Agencia de Marketing online y Desarrollo web\",\"potentialAction\":[{\"@type\":\"SearchAction\",\"target\":{\"@type\":\"EntryPoint\",\"urlTemplate\":\"https:\/\/einnova.com\/?s={search_term_string}\"},\"query-input\":{\"@type\":\"PropertyValueSpecification\",\"valueRequired\":true,\"valueName\":\"search_term_string\"}}],\"inLanguage\":\"ca\"}]}<\/script>\n<!-- \/ Yoast SEO Premium plugin. -->","yoast_head_json":{"title":"Caso de \u00e9xito de aplicaciones m\u00f3viles - Hotel - einnova","description":"Agencia de Marketing online Barcelona - Desarrollo de Webs m\u00f3viles sin Flash - Caso de \u00e9xito Einnova. Contacta ahora para mas informaci\u00f3n","robots":{"index":"index","follow":"follow","max-snippet":"max-snippet:-1","max-image-preview":"max-image-preview:large","max-video-preview":"max-video-preview:-1"},"canonical":"https:\/\/einnova.com\/ca\/clientes\/caso-de-exito-de-aplicaciones-moviles\/","og_locale":"ca_ES","og_type":"article","og_title":"Caso de \u00e9xito de aplicaciones m\u00f3viles","og_description":"Agencia de Marketing online Barcelona - Desarrollo de Webs m\u00f3viles sin Flash - Caso de \u00e9xito Einnova. Contacta ahora para mas informaci\u00f3n","og_url":"https:\/\/einnova.com\/ca\/clientes\/caso-de-exito-de-aplicaciones-moviles\/","og_site_name":"Einnova","article_modified_time":"2024-08-22T10:55:47+00:00","twitter_card":"summary_large_image","twitter_misc":{"Temps estimat de lectura":"2 minuts"},"schema":{"@context":"https:\/\/schema.org","@graph":[{"@type":"WebPage","@id":"https:\/\/einnova.com\/ca\/clientes\/caso-de-exito-de-aplicaciones-moviles\/","url":"https:\/\/einnova.com\/ca\/clientes\/caso-de-exito-de-aplicaciones-moviles\/","name":"Caso de \u00e9xito de aplicaciones m\u00f3viles - Hotel - einnova","isPartOf":{"@id":"https:\/\/einnova.com\/#website"},"datePublished":"2024-08-22T10:52:07+00:00","dateModified":"2024-08-22T10:55:47+00:00","description":"Agencia de Marketing online Barcelona - Desarrollo de Webs m\u00f3viles sin Flash - Caso de \u00e9xito Einnova. Contacta ahora para mas informaci\u00f3n","breadcrumb":{"@id":"https:\/\/einnova.com\/ca\/clientes\/caso-de-exito-de-aplicaciones-moviles\/#breadcrumb"},"inLanguage":"ca","potentialAction":[{"@type":"ReadAction","target":["https:\/\/einnova.com\/ca\/clientes\/caso-de-exito-de-aplicaciones-moviles\/"]}]},{"@type":"BreadcrumbList","@id":"https:\/\/einnova.com\/ca\/clientes\/caso-de-exito-de-aplicaciones-moviles\/#breadcrumb","itemListElement":[{"@type":"ListItem","position":1,"name":"Home","item":"https:\/\/einnova.com\/ca\/"},{"@type":"ListItem","position":2,"name":"Clients","item":"https:\/\/einnova.com\/ca\/clientes\/"},{"@type":"ListItem","position":3,"name":"Caso de \u00e9xito de aplicaciones m\u00f3viles"}]},{"@type":"WebSite","@id":"https:\/\/einnova.com\/#website","url":"https:\/\/einnova.com\/","name":"Einnova","description":"Agencia de Marketing online y Desarrollo web","potentialAction":[{"@type":"SearchAction","target":{"@type":"EntryPoint","urlTemplate":"https:\/\/einnova.com\/?s={search_term_string}"},"query-input":{"@type":"PropertyValueSpecification","valueRequired":true,"valueName":"search_term_string"}}],"inLanguage":"ca"}]}},"_links":{"self":[{"href":"https:\/\/einnova.com\/ca\/wp-json\/wp\/v2\/pages\/53950","targetHints":{"allow":["GET"]}}],"collection":[{"href":"https:\/\/einnova.com\/ca\/wp-json\/wp\/v2\/pages"}],"about":[{"href":"https:\/\/einnova.com\/ca\/wp-json\/wp\/v2\/types\/page"}],"author":[{"embeddable":true,"href":"https:\/\/einnova.com\/ca\/wp-json\/wp\/v2\/users\/3"}],"replies":[{"embeddable":true,"href":"https:\/\/einnova.com\/ca\/wp-json\/wp\/v2\/comments?post=53950"}],"version-history":[{"count":3,"href":"https:\/\/einnova.com\/ca\/wp-json\/wp\/v2\/pages\/53950\/revisions"}],"predecessor-version":[{"id":53954,"href":"https:\/\/einnova.com\/ca\/wp-json\/wp\/v2\/pages\/53950\/revisions\/53954"}],"up":[{"embeddable":true,"href":"https:\/\/einnova.com\/ca\/wp-json\/wp\/v2\/pages\/20569"}],"wp:attachment":[{"href":"https:\/\/einnova.com\/ca\/wp-json\/wp\/v2\/media?parent=53950"}],"curies":[{"name":"wp","href":"https:\/\/api.w.org\/{rel}","templated":true}]}}