{"id":53778,"date":"2024-08-20T11:45:34","date_gmt":"2024-08-20T11:45:34","guid":{"rendered":"http:\/\/einnova.com\/consultor-seo\/"},"modified":"2025-04-01T09:58:14","modified_gmt":"2025-04-01T09:58:14","slug":"consultor-seo","status":"publish","type":"page","link":"https:\/\/einnova.com\/ca\/consultor-seo\/","title":{"rendered":"Consultor SEO"},"content":{"rendered":"\t\t<div data-elementor-type=\"wp-page\" data-elementor-id=\"53778\" class=\"elementor elementor-53778\" data-elementor-post-type=\"page\">\n\t\t\t\t<div class=\"elementor-element elementor-element-93f9839 e-con-full e-flex e-con e-parent\" data-id=\"93f9839\" data-element_type=\"container\" data-e-type=\"container\">\n\t\t\t\t<div class=\"elementor-element elementor-element-cfb8c53 elementor-widget elementor-widget-text-editor\" data-id=\"cfb8c53\" data-element_type=\"widget\" data-e-type=\"widget\" data-widget_type=\"text-editor.default\">\n\t\t\t\t<div class=\"elementor-widget-container\">\n\t\t\t\t\t\t\t\t\t<section style=\"background-image: url('http:\/\/einnova.com\/wp-content\/uploads\/2015\/11\/gent_ordinador_1-1030x664.png'); background-position: center; background-repeat: no-repeat; background-size: cover; padding: 50px 0;\"><div style=\"text-align: center; padding: 20px;\"><h2 style=\"color: #ffffff; font-size: 55px;\">Coneix-nos<\/h2><h1 style=\"color: #ffffff; font-size: 34px;\">Consultor SEO Barcelona &#8211; ANTONI BIADA<\/h1><\/div><div style=\"display: flex; justify-content: center; margin-top: 20px;\"><a style=\"background-color: #d0663a; color: #ffffff; padding: 15px 30px; text-decoration: none; border-radius: 5px;\" href=\"\/contacto\" target=\"_blank\" rel=\"noopener\">Contactar<\/a><\/div><\/section><section style=\"padding: 50px 0; background-color: #f4f4f4;\"><div style=\"text-align: center;\"><div class=\"breadcrumbs\"><a href=\"\/\">Einnova<\/a> &gt; <a href=\"\/conocenos\">Coneix-nos<\/a> &gt; Consultor SEO Barcelona<\/div><h2><strong>\u00cdndex de continguts de la p\u00e0gina Consultor de SEO<\/strong><\/h2><ul style=\"list-style: none; padding: 0;\"><li><a href=\"#enlace1\">Qui s\u00f3c? Toni Biada, consultor expert en SEO<\/a><\/li><li><a href=\"#enlace2\">Com em vaig convertir en consultor especialitzat en SEO a Barcelona<\/a><\/li><li><a href=\"#enlace3\">Presentem a la Fira eShow<\/a><\/li><li><a href=\"#enlace4\">Qu\u00e8 \u00e9s per a mi un consultor que tracta aspectes de SEO a Barcelona<\/a><\/li><li><a href=\"#enlace11\">Einnova a les xarxes socials<\/a><\/li><li><a href=\"#enlace5\">Un consultor en Formaci\u00f3 cont\u00ednua de SEO a Barcelona<\/a><\/li><li><a href=\"#enlace6\">Director de Google. EINNOVA entrevista a Javier Rodr\u00edguez Zapatero<\/a><\/li><li><a href=\"#enlace7\">En qu\u00e8 estic treballant ara com a consultor expert en posicionament SEO<\/a><\/li><li><a href=\"#enlace8\">Marta, Augmenta Vendes i Clients gr\u00e0cies als especialistes SEO de Einnova<\/a><\/li><li><a href=\"#enlace9\">Contacte i m\u00e9s informaci\u00f3<\/a><\/li><li><a href=\"#enlace10\">Preguntes i respostes sobre un consultor en SEO<\/a><\/li><\/ul><\/div><\/section><section style=\"padding: 50px 0; background-color: #ffffff;\"><div style=\"display: flex; align-items: center; justify-content: space-between;\"><div style=\"width: 30%;\"><img fetchpriority=\"high\" decoding=\"async\" class=\"wp-image-59472 size-full alignleft\" src=\"https:\/\/einnova.com\/wp-content\/uploads\/2025\/03\/consultor-seo-toni-biada-300x282-1.jpg\" alt=\"\" width=\"300\" height=\"282\" \/><\/div><div style=\"width: 65%;\"><h1 id=\"enlace1\">Qui s\u00f3c?<\/h1><p>Em dic Toni Biada Salat, visc i treballo a Barcelona, s\u00f3c consultor SEO i vaig fundar Einnova per oferir serveis innovadors de m\u00e0rqueting en l\u00ednia a les empreses.<\/p><p>L&#8217;any 1995 vaig comen\u00e7ar la diplomatura de Disseny Multim\u00e8dia a l&#8217;Escola de Sistemes Inform\u00e0tics&#8230;<\/p><\/div><\/div><\/section><section style=\"padding: 50px 0; background-color: #289dcc;\"><div style=\"display: flex; align-items: center; justify-content: space-between;\"><div style=\"width: 45%;\"><iframe src=\"https:\/\/www.youtube.com\/embed\/GDufGlZlmGs?feature=oembed&amp;wmode=opaque&amp;rel=0\" width=\"100%\" height=\"auto\" frameborder=\"0\" allowfullscreen=\"allowfullscreen\"><\/iframe><\/div><div style=\"width: 50%; color: #ffffff;\"><h2>Presentem a la Fira eShow<\/h2><p>A l&#8217;e-show Barcelona t&#8217;expliquem tot el que podem fer per tu. Informa&#8217;t i vine a aprendre amb els nostres seminaris sobre posicionament web.<\/p><p><a style=\"background-color: #d0663a; color: #ffffff; padding: 15px 30px; text-decoration: none; border-radius: 5px;\" href=\"\/conocenos\/formacion-seminarios\" target=\"_blank\" rel=\"noopener\">Veure m\u00e9s v\u00eddeos<\/a><\/p><\/div><\/div><\/section><section style=\"padding: 50px 0; background-color: #ffffff;\"><div><h2 id=\"enlace4\">Qu\u00e8 \u00e9s per a mi un consultor SEO a Barcelona<\/h2><p>Per a mi, un consultor SEO \u00e9s aquell professional que ofereix els seus serveis per millorar la posici\u00f3 d&#8217;una p\u00e0gina web als resultats org\u00e0nics dels motors de cerca&#8230;<\/p><ul><li>Reuni\u00f3 inicial per complir amb els teus objectius i necessitats de m\u00e0rqueting en l\u00ednia<\/li><li>Estudia l&#8217;estat actual del teu lloc web i avalua les millores que et faran vendre m\u00e9s.<\/li><li>Execuci\u00f3 del pla de m\u00e0rqueting en l\u00ednia basat en els desafiaments establerts.<\/li><li>Monitoratge constant de la situaci\u00f3 del projecte.<\/li><\/ul><\/div><\/section><section style=\"padding: 50px 0; background-color: #289dcc;\"><div><h2 id=\"enlace11\" style=\"color: #ffffff;\">Segueix-nos a les Xarxes Socials<\/h2><p style=\"color: #ffffff;\">Ens pots trobar a Facebook, Twitter, Google+, LinkedIn&#8230;<\/p><p><a style=\"color: #ffffff; margin-right: 10px;\" href=\"https:\/\/www.facebook.com\/einnovacom\/\" target=\"_blank\" rel=\"noopener\">Facebook<\/a><br \/><a style=\"color: #ffffff; margin-right: 10px;\" href=\"http:\/\/twitter.com\/einnova\" target=\"_blank\" rel=\"noopener\">Twitter<\/a><br \/><a style=\"color: #ffffff; margin-right: 10px;\" href=\"https:\/\/plus.google.com\/107125586381470617949\" target=\"_blank\" rel=\"noopener\">Google+<\/a><br \/><a style=\"color: #ffffff;\" href=\"https:\/\/www.linkedin.com\/company\/1081608?trk=vsrp_companies_cluster_name&amp;trkInfo=VSRPsearchId%3A2844454971448966670584%2CVSRPtargetId%3A1081608%2CVSRPcmpt%3Acompanies_cluster\" target=\"_blank\" rel=\"noopener\">LinkedIn<\/a><\/p><\/div><\/section><section style=\"padding: 50px 0; background-color: #ffffff;\"><div style=\"display: flex; align-items: center; justify-content: space-between;\"><div style=\"width: 65%;\"><h2 id=\"enlace5\">Un consultor SEO a Barcelona en Formaci\u00f3 cont\u00ednua<\/h2><p>Quan et trobes en un entorn de r\u00e0pids i constants canvis, com \u00e9s el que forma el m\u00f3n d&#8217;internet, \u00e9s necessari seguir sempre una formaci\u00f3 cont\u00ednua&#8230;<\/p><\/div><div style=\"width: 30%;\"><a style=\"background-color: #d0663a; color: #ffffff; padding: 15px 30px; text-decoration: none; border-radius: 5px; display: block; text-align: center;\" href=\"\/contacto\" target=\"_blank\" rel=\"noopener\">Vull impulsar el meu negoci ara<\/a><\/div><\/div><\/section><section style=\"padding: 50px 0; background-color: #289dcc;\"><div style=\"display: flex; align-items: center; justify-content: space-between;\"><div style=\"width: 50%;\"><iframe src=\"https:\/\/www.youtube.com\/embed\/BY5c2Q7bKAY?feature=oembed&amp;wmode=opaque&amp;rel=0\" width=\"100%\" height=\"auto\" frameborder=\"0\" allowfullscreen=\"allowfullscreen\"><\/iframe><\/div><div style=\"width: 45%; color: #ffffff;\"><h2>Director de Google Entrevista EINNOVA a Javier Rodr\u00edguez Zapatero<\/h2><p>Creus que les empreses poden afrontar la crisi potenciant-se a Internet? &#8230; Sens dubte, crec que tampoc descobrim res de nou si diem que de la crisi en surten les grans empreses i fins i tot les grans fortunes&#8230;<\/p><p><a style=\"background-color: #d0663a; color: #ffffff; padding: 15px 30px; text-decoration: none; border-radius: 5px;\" href=\"\/conocenos\/video-entrevistas\" target=\"_blank\" rel=\"noopener\">Veure m\u00e9s entrevistes<\/a><\/p><\/div><\/div><\/section><section style=\"padding: 50px 0; background-color: #ffffff;\"><div><h2 id=\"enlace7\">En qu\u00e8 estic treballant ara<\/h2><p>Avui en dia, a m\u00e9s d&#8217;altres <a href=\"\/?page_id=6217\">serveis<\/a>, a Einnova seguim treballant en el posicionament web com el primer aspecte fonamental del creixement de les empreses a la xarxa&#8230;<\/p><\/div><\/section><section style=\"padding: 50px 0; background-color: #289dcc;\"><div style=\"display: flex; align-items: center; justify-content: space-between;\"><div style=\"width: 45%;\"><iframe src=\"https:\/\/www.youtube.com\/embed\/nZB5nRmMiIo?feature=oembed&amp;wmode=opaque&amp;rel=0\" width=\"100%\" height=\"auto\" frameborder=\"0\" allowfullscreen=\"allowfullscreen\"><\/iframe><\/div><div style=\"width: 50%; color: #ffffff;\"><h2>Marta, Augmenta Vendes i Clients<\/h2><p>Marta Massagu\u00e9 ens explica com ha augmentat vendes i clients gr\u00e0cies a Einnova. Marta, Gerent de Natcha.cat, buscava un prove\u00efdor que els diferenci\u00e9s d&#8217;altres botigues. \u201cHo hem aconseguit.\u201d<\/p><p><a style=\"background-color: #d0663a; color: #ffffff; padding: 15px 30px; text-decoration: none; border-radius: 5px;\" href=\"\/que-han-conseguido-mas-ventas\" target=\"_blank\" rel=\"noopener\">Veure m\u00e9s casos<\/a><\/p><\/div><\/div><\/section><section style=\"padding: 50px 0; background-color: #ffffff;\"><div><h2 id=\"enlace9\">Contacte i m\u00e9s informaci\u00f3<\/h2><p>Si est\u00e0s interessat en els meus serveis de consultoria de m\u00e0rqueting en l\u00ednia, pots contactar amb mi a trav\u00e9s del 935322020 o del correu electr\u00f2nic \u2013 <a href=\"mailto:tbiada@einnova.es\">tbiada(arroba)einnova.es<\/a> \u2013 <a href=\"mailto:barcelona@einnova.es\">barcelona(arroba)einnova.es<\/a><\/p><div style=\"margin-top: 20px;\"><a style=\"background-color: #d0663a; color: #ffffff; padding: 15px 30px; text-decoration: none; border-radius: 5px; display: block; text-align: center;\" href=\"\/contacto\" target=\"_blank\" rel=\"noopener\">Comen\u00e7ar a rebre visites!<\/a><\/div><\/div><\/section><section style=\"padding: 50px 0; background-color: #289dcc;\"><div style=\"display: flex; align-items: center; justify-content: space-between;\"><div style=\"width: 30%;\"><img decoding=\"async\" class=\"alignnone wp-image-53328 size-medium\" src=\"https:\/\/einnova.com\/wp-content\/uploads\/2024\/08\/Agencia-Marketing-Online-Barcelona-3-300x192.png\" alt=\"Agencia Marketing Digital Barcelona\" width=\"300\" height=\"192\" srcset=\"https:\/\/einnova.com\/wp-content\/uploads\/2024\/08\/Agencia-Marketing-Online-Barcelona-3-300x192.png 300w, https:\/\/einnova.com\/wp-content\/uploads\/2024\/08\/Agencia-Marketing-Online-Barcelona-3.png 386w\" sizes=\"(max-width: 300px) 100vw, 300px\" \/><\/div><div style=\"width: 65%; color: #ffffff;\"><h2 id=\"enlace10\"><strong>Preguntes i respostes sobre un consultor expert en posicionament SEO<\/strong><\/h2><p>Els experts SEO de Einnova estan especialitzats en tot tipus de plataformes. Poden millorar el posicionament web SEO de p\u00e0gines fetes amb WordPress, PrestaShop, Magento, WooCommerce, Shopify, etc&#8230;<\/p><\/div><\/div><\/section><section style=\"padding: 50px 0; background-color: #ffffff;\"><div style=\"display: flex; flex-wrap: wrap; gap: 20px;\"><div style=\"flex: 1;\"><h2><strong>Les 5 coses que fa un consultor de SEO<\/strong><\/h2><ol><li><b>Buscar Paraules Clau:<\/b> Tamb\u00e9 conegudes com a keywords, les paraules clau s\u00f3n un conjunt de termes que utilitzen els clients quan tracten de trobar alguna cosa als motors de cerca&#8230;<\/li><li><b>Auditories Internes:<\/b> Els consultors han de coordinar les diferents p\u00e0gines webs dels clients i ser capa\u00e7os de solucionar aquells problemes de SEO que trobin&#8230;<\/li><li><b>Observar els Competidors:<\/b> \u00c9s molt important no perdre de vista als diferents competidors del mateix sector que la teva empresa&#8230;<\/li><li><b>Copywriting SEO:<\/b> El concepte del copywriting fa refer\u00e8ncia al proc\u00e9s de redactar textos persuasius amb l&#8217;objectiu d&#8217;atreure clients potencials&#8230;<\/li><li><b>Anal\u00edtica Web i Monitoratge:<\/b> El consultor SEO tamb\u00e9 es dedica a interpretar les dades que es troben a les diferents eines d&#8217;anal\u00edtica web&#8230;<\/li><\/ol><p><a style=\"background-color: #d0663a; color: #ffffff; padding: 15px 30px; text-decoration: none; border-radius: 5px; display: block; text-align: center;\" href=\"\/contacto\" target=\"_blank\" rel=\"noopener\">Contacta amb un consultor especialitzat<\/a><\/p><\/div><div style=\"flex: 1;\"><h2><b>Savies aquests 4 beneficis sobre contractar a un consultor especialitzat en SEO?<\/b><\/h2><ul><li><b>M\u00e9s visites a la teva p\u00e0gina web:<\/b> El consultor especialitzat en SEO aconseguir\u00e0 que millori el posicionament web del teu negoci&#8230;<\/li><li><b>Tracte personalitzat:<\/b> Una de les grans avantatges de contractar els serveis d&#8217;un consultor \u00e9s que t&#8217;oferir\u00e0 un tracte personalitzat&#8230;<\/li><li><b>Estalvi de temps:<\/b> En contractar els serveis d&#8217;un expert en SEO per a que s&#8217;encarregui de millorar el posicionament web del teu negoci et permetr\u00e0 una millor gesti\u00f3 del temps&#8230;<\/li><li><b>Augment de vendes:<\/b> Una vegada el consultor SEO ha implementat les diferents estrat\u00e8gies, el client comen\u00e7ar\u00e0 a atreure un major nombre de persones a les p\u00e0gines web&#8230;<\/li><\/ul><p><a style=\"background-color: #d0663a; color: #ffffff; padding: 15px 30px; text-decoration: none; border-radius: 5px; display: block; text-align: center;\" href=\"\/contacto\" target=\"_blank\" rel=\"noopener\">Millora el teu SEO amb Einnova<\/a><\/p><\/div><\/div><\/section>\t\t\t\t\t\t\t\t<\/div>\n\t\t\t\t<\/div>\n\t\t\t\t<\/div>\n\t\t\t\t<\/div>\n\t\t","protected":false},"excerpt":{"rendered":"<p>Coneix-nos Consultor SEO Barcelona &#8211; ANTONI BIADA Contactar Einnova &gt; Coneix-nos &gt; Consultor SEO Barcelona \u00cdndex de continguts de la p\u00e0gina Consultor de SEO Qui s\u00f3c? Toni Biada, consultor expert en SEO Com em vaig convertir en consultor especialitzat en SEO a Barcelona Presentem a la Fira eShow Qu\u00e8 \u00e9s per a mi un consultor [&hellip;]<\/p>\n","protected":false},"author":3,"featured_media":0,"parent":0,"menu_order":0,"comment_status":"closed","ping_status":"closed","template":"","meta":{"_joinchat":[],"footnotes":""},"class_list":["post-53778","page","type-page","status-publish","hentry"],"yoast_head":"<!-- This site is optimized with the Yoast SEO Premium plugin v19.6 (Yoast SEO v27.2) - https:\/\/yoast.com\/product\/yoast-seo-premium-wordpress\/ -->\n<title>Consultor SEO - Einnova<\/title>\n<meta name=\"robots\" content=\"index, follow, max-snippet:-1, max-image-preview:large, max-video-preview:-1\" \/>\n<link rel=\"canonical\" href=\"https:\/\/einnova.com\/ca\/consultor-seo\/\" \/>\n<meta property=\"og:locale\" content=\"ca_ES\" \/>\n<meta property=\"og:type\" content=\"article\" \/>\n<meta property=\"og:title\" content=\"Consultor SEO\" \/>\n<meta property=\"og:description\" content=\"Coneix-nos Consultor SEO Barcelona &#8211; ANTONI BIADA Contactar Einnova &gt; Coneix-nos &gt; Consultor SEO Barcelona \u00cdndex de continguts de la p\u00e0gina Consultor de SEO Qui s\u00f3c? Toni Biada, consultor expert en SEO Com em vaig convertir en consultor especialitzat en SEO a Barcelona Presentem a la Fira eShow Qu\u00e8 \u00e9s per a mi un consultor [&hellip;]\" \/>\n<meta property=\"og:url\" content=\"https:\/\/einnova.com\/ca\/consultor-seo\/\" \/>\n<meta property=\"og:site_name\" content=\"Einnova\" \/>\n<meta property=\"article:modified_time\" content=\"2025-04-01T09:58:14+00:00\" \/>\n<meta property=\"og:image\" content=\"https:\/\/einnova.com\/wp-content\/uploads\/2025\/03\/consultor-seo-toni-biada-300x282-1.jpg\" \/>\n<meta name=\"twitter:card\" content=\"summary_large_image\" \/>\n<meta name=\"twitter:label1\" content=\"Temps estimat de lectura\" \/>\n\t<meta name=\"twitter:data1\" content=\"4 minuts\" \/>\n<script type=\"application\/ld+json\" class=\"yoast-schema-graph\">{\"@context\":\"https:\/\/schema.org\",\"@graph\":[{\"@type\":\"WebPage\",\"@id\":\"https:\/\/einnova.com\/ca\/consultor-seo\/\",\"url\":\"https:\/\/einnova.com\/ca\/consultor-seo\/\",\"name\":\"Consultor SEO - Einnova\",\"isPartOf\":{\"@id\":\"https:\/\/einnova.com\/#website\"},\"primaryImageOfPage\":{\"@id\":\"https:\/\/einnova.com\/ca\/consultor-seo\/#primaryimage\"},\"image\":{\"@id\":\"https:\/\/einnova.com\/ca\/consultor-seo\/#primaryimage\"},\"thumbnailUrl\":\"https:\/\/einnova.com\/wp-content\/uploads\/2025\/03\/consultor-seo-toni-biada-300x282-1.jpg\",\"datePublished\":\"2024-08-20T11:45:34+00:00\",\"dateModified\":\"2025-04-01T09:58:14+00:00\",\"breadcrumb\":{\"@id\":\"https:\/\/einnova.com\/ca\/consultor-seo\/#breadcrumb\"},\"inLanguage\":\"ca\",\"potentialAction\":[{\"@type\":\"ReadAction\",\"target\":[\"https:\/\/einnova.com\/ca\/consultor-seo\/\"]}]},{\"@type\":\"ImageObject\",\"inLanguage\":\"ca\",\"@id\":\"https:\/\/einnova.com\/ca\/consultor-seo\/#primaryimage\",\"url\":\"https:\/\/einnova.com\/wp-content\/uploads\/2025\/03\/consultor-seo-toni-biada-300x282-1.jpg\",\"contentUrl\":\"https:\/\/einnova.com\/wp-content\/uploads\/2025\/03\/consultor-seo-toni-biada-300x282-1.jpg\"},{\"@type\":\"BreadcrumbList\",\"@id\":\"https:\/\/einnova.com\/ca\/consultor-seo\/#breadcrumb\",\"itemListElement\":[{\"@type\":\"ListItem\",\"position\":1,\"name\":\"Home\",\"item\":\"https:\/\/einnova.com\/ca\/\"},{\"@type\":\"ListItem\",\"position\":2,\"name\":\"Consultor SEO\"}]},{\"@type\":\"WebSite\",\"@id\":\"https:\/\/einnova.com\/#website\",\"url\":\"https:\/\/einnova.com\/\",\"name\":\"Einnova\",\"description\":\"Agencia de Marketing online y Desarrollo web\",\"potentialAction\":[{\"@type\":\"SearchAction\",\"target\":{\"@type\":\"EntryPoint\",\"urlTemplate\":\"https:\/\/einnova.com\/?s={search_term_string}\"},\"query-input\":{\"@type\":\"PropertyValueSpecification\",\"valueRequired\":true,\"valueName\":\"search_term_string\"}}],\"inLanguage\":\"ca\"}]}<\/script>\n<!-- \/ Yoast SEO Premium plugin. -->","yoast_head_json":{"title":"Consultor SEO - Einnova","robots":{"index":"index","follow":"follow","max-snippet":"max-snippet:-1","max-image-preview":"max-image-preview:large","max-video-preview":"max-video-preview:-1"},"canonical":"https:\/\/einnova.com\/ca\/consultor-seo\/","og_locale":"ca_ES","og_type":"article","og_title":"Consultor SEO","og_description":"Coneix-nos Consultor SEO Barcelona &#8211; ANTONI BIADA Contactar Einnova &gt; Coneix-nos &gt; Consultor SEO Barcelona \u00cdndex de continguts de la p\u00e0gina Consultor de SEO Qui s\u00f3c? Toni Biada, consultor expert en SEO Com em vaig convertir en consultor especialitzat en SEO a Barcelona Presentem a la Fira eShow Qu\u00e8 \u00e9s per a mi un consultor [&hellip;]","og_url":"https:\/\/einnova.com\/ca\/consultor-seo\/","og_site_name":"Einnova","article_modified_time":"2025-04-01T09:58:14+00:00","og_image":[{"url":"https:\/\/einnova.com\/wp-content\/uploads\/2025\/03\/consultor-seo-toni-biada-300x282-1.jpg","type":"","width":"","height":""}],"twitter_card":"summary_large_image","twitter_misc":{"Temps estimat de lectura":"4 minuts"},"schema":{"@context":"https:\/\/schema.org","@graph":[{"@type":"WebPage","@id":"https:\/\/einnova.com\/ca\/consultor-seo\/","url":"https:\/\/einnova.com\/ca\/consultor-seo\/","name":"Consultor SEO - Einnova","isPartOf":{"@id":"https:\/\/einnova.com\/#website"},"primaryImageOfPage":{"@id":"https:\/\/einnova.com\/ca\/consultor-seo\/#primaryimage"},"image":{"@id":"https:\/\/einnova.com\/ca\/consultor-seo\/#primaryimage"},"thumbnailUrl":"https:\/\/einnova.com\/wp-content\/uploads\/2025\/03\/consultor-seo-toni-biada-300x282-1.jpg","datePublished":"2024-08-20T11:45:34+00:00","dateModified":"2025-04-01T09:58:14+00:00","breadcrumb":{"@id":"https:\/\/einnova.com\/ca\/consultor-seo\/#breadcrumb"},"inLanguage":"ca","potentialAction":[{"@type":"ReadAction","target":["https:\/\/einnova.com\/ca\/consultor-seo\/"]}]},{"@type":"ImageObject","inLanguage":"ca","@id":"https:\/\/einnova.com\/ca\/consultor-seo\/#primaryimage","url":"https:\/\/einnova.com\/wp-content\/uploads\/2025\/03\/consultor-seo-toni-biada-300x282-1.jpg","contentUrl":"https:\/\/einnova.com\/wp-content\/uploads\/2025\/03\/consultor-seo-toni-biada-300x282-1.jpg"},{"@type":"BreadcrumbList","@id":"https:\/\/einnova.com\/ca\/consultor-seo\/#breadcrumb","itemListElement":[{"@type":"ListItem","position":1,"name":"Home","item":"https:\/\/einnova.com\/ca\/"},{"@type":"ListItem","position":2,"name":"Consultor SEO"}]},{"@type":"WebSite","@id":"https:\/\/einnova.com\/#website","url":"https:\/\/einnova.com\/","name":"Einnova","description":"Agencia de Marketing online y Desarrollo web","potentialAction":[{"@type":"SearchAction","target":{"@type":"EntryPoint","urlTemplate":"https:\/\/einnova.com\/?s={search_term_string}"},"query-input":{"@type":"PropertyValueSpecification","valueRequired":true,"valueName":"search_term_string"}}],"inLanguage":"ca"}]}},"_links":{"self":[{"href":"https:\/\/einnova.com\/ca\/wp-json\/wp\/v2\/pages\/53778","targetHints":{"allow":["GET"]}}],"collection":[{"href":"https:\/\/einnova.com\/ca\/wp-json\/wp\/v2\/pages"}],"about":[{"href":"https:\/\/einnova.com\/ca\/wp-json\/wp\/v2\/types\/page"}],"author":[{"embeddable":true,"href":"https:\/\/einnova.com\/ca\/wp-json\/wp\/v2\/users\/3"}],"replies":[{"embeddable":true,"href":"https:\/\/einnova.com\/ca\/wp-json\/wp\/v2\/comments?post=53778"}],"version-history":[{"count":9,"href":"https:\/\/einnova.com\/ca\/wp-json\/wp\/v2\/pages\/53778\/revisions"}],"predecessor-version":[{"id":59812,"href":"https:\/\/einnova.com\/ca\/wp-json\/wp\/v2\/pages\/53778\/revisions\/59812"}],"wp:attachment":[{"href":"https:\/\/einnova.com\/ca\/wp-json\/wp\/v2\/media?parent=53778"}],"curies":[{"name":"wp","href":"https:\/\/api.w.org\/{rel}","templated":true}]}}