{"id":21094,"date":"2016-04-27T19:04:36","date_gmt":"2016-04-27T19:04:36","guid":{"rendered":"http:\/\/einnova.com\/ca\/?page_id=21094"},"modified":"2024-08-23T10:32:10","modified_gmt":"2024-08-23T10:32:10","slug":"movil-2","status":"publish","type":"page","link":"https:\/\/einnova.com\/ca\/movil-2\/","title":{"rendered":"M\u00d2BIL"},"content":{"rendered":"\t\t<div data-elementor-type=\"wp-page\" data-elementor-id=\"21094\" class=\"elementor elementor-21094\" data-elementor-post-type=\"page\">\n\t\t\t\t<div class=\"elementor-element elementor-element-48a3f70 e-flex e-con-boxed e-con e-parent\" data-id=\"48a3f70\" data-element_type=\"container\" data-e-type=\"container\">\n\t\t\t\t\t<div class=\"e-con-inner\">\n\t\t<div class=\"elementor-element elementor-element-52f75df e-con-full e-flex e-con e-child\" data-id=\"52f75df\" data-element_type=\"container\" data-e-type=\"container\">\n\t\t\t\t<div class=\"elementor-element elementor-element-6d446ee elementor-widget elementor-widget-image\" data-id=\"6d446ee\" data-element_type=\"widget\" data-e-type=\"widget\" data-widget_type=\"image.default\">\n\t\t\t\t<div class=\"elementor-widget-container\">\n\t\t\t\t\t\t\t\t\t\t\t\t\t\t\t<img fetchpriority=\"high\" decoding=\"async\" width=\"210\" height=\"283\" src=\"https:\/\/einnova.com\/wp-content\/uploads\/2018\/01\/posicionamiento-web.jpg\" class=\"attachment-large size-large wp-image-22918\" alt=\"Posicionamiento de Web en Barcelona\" \/>\t\t\t\t\t\t\t\t\t\t\t\t\t\t\t<\/div>\n\t\t\t\t<\/div>\n\t\t\t\t<div class=\"elementor-element elementor-element-1a9f2e4 elementor-widget elementor-widget-button\" data-id=\"1a9f2e4\" data-element_type=\"widget\" data-e-type=\"widget\" data-widget_type=\"button.default\">\n\t\t\t\t<div class=\"elementor-widget-container\">\n\t\t\t\t\t\t\t\t\t<div class=\"elementor-button-wrapper\">\n\t\t\t\t\t<a class=\"elementor-button elementor-button-link elementor-size-sm\" href=\"https:\/\/einnova.com\/ca\/contacto-2\/\">\n\t\t\t\t\t\t<span class=\"elementor-button-content-wrapper\">\n\t\t\t\t\t\t\t\t\t<span class=\"elementor-button-text\">Et regalem 1h d'assessorament<\/span>\n\t\t\t\t\t<\/span>\n\t\t\t\t\t<\/a>\n\t\t\t\t<\/div>\n\t\t\t\t\t\t\t\t<\/div>\n\t\t\t\t<\/div>\n\t\t\t\t<\/div>\n\t\t<div class=\"elementor-element elementor-element-0098c6e e-con-full e-flex e-con e-child\" data-id=\"0098c6e\" data-element_type=\"container\" data-e-type=\"container\">\n\t\t\t\t<div class=\"elementor-element elementor-element-dcb52b8 elementor-widget elementor-widget-text-editor\" data-id=\"dcb52b8\" data-element_type=\"widget\" data-e-type=\"widget\" data-widget_type=\"text-editor.default\">\n\t\t\t\t<div class=\"elementor-widget-container\">\n\t\t\t\t\t\t\t\t\t<div class=\"flex_column av_two_third flex_column_div av-zero-column-padding avia-builder-el-16 el_after_av_one_third avia-builder-el-last \"><section class=\"av_textblock_section \">\n<div class=\"avia_textblock \">\n<h2>Desenvolupa la teva Aplicaci\u00f3 M\u00f2bil i Endinsa&#8217;t en el M\u00e0rqueting M\u00f2bil<\/h2>\nDes de fa for\u00e7a temps, el tel\u00e8fon m\u00f2bil s&#8217;ha convertit en una part fonamental del comer\u00e7 electr\u00f2nic. Les dades indiquen que la quantitat d&#8217;usuaris que realitzen compres des d&#8217;aquest tipus de dispositius va en augment de forma molt considerable any rere any.\n\nPer aquest motiu, no pots deixar passar aquesta oportunitat per fer cr\u00e9ixer el teu negoci. Desenvolupar una Aplicaci\u00f3 M\u00f2bil pot fer cr\u00e9ixer els beneficis de la teva empresa de forma molt considerable. A m\u00e9s, un altre aspecte molt important del M\u00e0rqueting M\u00f2bil \u00e9s el disseny web responsive. Aquest tipus de disseny evita ser penalitzat per molts cercadors i, per tant, tenir la compet\u00e8ncia per davant. A m\u00e9s, el disseny web responsive augmenta la satisfacci\u00f3 de l&#8217;usuari quan aquest navega per la web i, per tant, proporciona un augment de l&#8217;experi\u00e8ncia d&#8217;usuari que pot venir acompanyat d&#8217;un augment de les compres.\n\n<\/div>\n<\/section><\/div>\n\t\t\t\t\t\t\t\t<\/div>\n\t\t\t\t<\/div>\n\t\t\t\t<\/div>\n\t\t\t\t\t<\/div>\n\t\t\t\t<\/div>\n\t\t<div class=\"elementor-element elementor-element-e70028f e-flex e-con-boxed e-con e-parent\" data-id=\"e70028f\" data-element_type=\"container\" data-e-type=\"container\" data-settings=\"{&quot;background_background&quot;:&quot;classic&quot;}\">\n\t\t\t\t\t<div class=\"e-con-inner\">\n\t\t<div class=\"elementor-element elementor-element-739357a e-con-full e-flex e-con e-child\" data-id=\"739357a\" data-element_type=\"container\" data-e-type=\"container\">\n\t\t\t\t<div class=\"elementor-element elementor-element-e7b43ce elementor-widget elementor-widget-image\" data-id=\"e7b43ce\" data-element_type=\"widget\" data-e-type=\"widget\" data-widget_type=\"image.default\">\n\t\t\t\t<div class=\"elementor-widget-container\">\n\t\t\t\t\t\t\t\t\t\t\t\t\t\t\t<img decoding=\"async\" width=\"524\" height=\"183\" src=\"https:\/\/einnova.com\/wp-content\/uploads\/2016\/01\/stevejobs_frase_7.png\" class=\"attachment-large size-large wp-image-17291\" alt=\"einnova cita steve jobs\" srcset=\"https:\/\/einnova.com\/wp-content\/uploads\/2016\/01\/stevejobs_frase_7.png 524w, https:\/\/einnova.com\/wp-content\/uploads\/2016\/01\/stevejobs_frase_7-300x105.png 300w, https:\/\/einnova.com\/wp-content\/uploads\/2016\/01\/stevejobs_frase_7-450x157.png 450w\" sizes=\"(max-width: 524px) 100vw, 524px\" \/>\t\t\t\t\t\t\t\t\t\t\t\t\t\t\t<\/div>\n\t\t\t\t<\/div>\n\t\t\t\t<\/div>\n\t\t<div class=\"elementor-element elementor-element-dc1c974 e-con-full e-flex e-con e-child\" data-id=\"dc1c974\" data-element_type=\"container\" data-e-type=\"container\">\n\t\t\t\t<div class=\"elementor-element elementor-element-f6c1f27 elementor-widget elementor-widget-image\" data-id=\"f6c1f27\" data-element_type=\"widget\" data-e-type=\"widget\" data-widget_type=\"image.default\">\n\t\t\t\t<div class=\"elementor-widget-container\">\n\t\t\t\t\t\t\t\t\t\t\t\t\t\t\t<img decoding=\"async\" width=\"300\" height=\"247\" src=\"https:\/\/einnova.com\/wp-content\/uploads\/2018\/06\/Posicionamiento-Web.png\" class=\"attachment-large size-large wp-image-26067\" alt=\"Posicionamiento Web\" \/>\t\t\t\t\t\t\t\t\t\t\t\t\t\t\t<\/div>\n\t\t\t\t<\/div>\n\t\t\t\t<\/div>\n\t\t\t\t\t<\/div>\n\t\t\t\t<\/div>\n\t\t<div class=\"elementor-element elementor-element-bb6d41b e-flex e-con-boxed e-con e-parent\" data-id=\"bb6d41b\" data-element_type=\"container\" data-e-type=\"container\">\n\t\t\t\t\t<div class=\"e-con-inner\">\n\t\t<div class=\"elementor-element elementor-element-6a17488 e-con-full e-flex e-con e-child\" data-id=\"6a17488\" data-element_type=\"container\" data-e-type=\"container\">\n\t\t\t\t<div class=\"elementor-element elementor-element-428db32 elementor-widget elementor-widget-text-editor\" data-id=\"428db32\" data-element_type=\"widget\" data-e-type=\"widget\" data-widget_type=\"text-editor.default\">\n\t\t\t\t<div class=\"elementor-widget-container\">\n\t\t\t\t\t\t\t\t\t<div>\n<div>\n<div>\n<div><section>\n<div>\n<div>\n<h2>La teva Aplicaci\u00f3 m\u00f2bil far\u00e0 que venguis m\u00e9s<\/h2>\n<\/div>\n<section>\n<div>\n\nDes de fa for\u00e7a temps, el tel\u00e8fon m\u00f2bil \u00e9s part fonamental del comer\u00e7 electr\u00f2nic.\n\nEn el desenvolupament d&#8217;aplicacions m\u00f2bils funcionen nous conceptes com el fet de poder ser consultada pr\u00e0cticament des de qualsevol lloc i en qualsevol moment.\n<ul>\n \t<li><strong>Innovaci\u00f3 m\u00f2bil:<\/strong> Treballem amb tu per definir la teva aplicaci\u00f3 m\u00f2bil ideal.<\/li>\n \t<li><strong>Desenvolupament aplicaci\u00f3 m\u00f2bil:<\/strong> Proporciones a l&#8217;usuari l&#8217;aplicaci\u00f3 m\u00f2bil que espera de tu.<\/li>\n \t<li><strong>Mobile Commerce:<\/strong> Facilita la contractaci\u00f3 i el pagament en l\u00ednia dels teus clients via m\u00f2bil.<\/li>\n \t<li><strong>Fidelitzaci\u00f3 m\u00f2bil:<\/strong> Newsletters, SMS, xarxes socials i notificacions a la teva aplicaci\u00f3 m\u00f2bil.<\/li>\n<\/ul>\n<\/div>\n<\/section><\/div>\n<\/section><\/div>\n<\/div>\n<\/div>\n<\/div>\n\t\t\t\t\t\t\t\t<\/div>\n\t\t\t\t<\/div>\n\t\t\t\t<div class=\"elementor-element elementor-element-49aa3ac elementor-widget elementor-widget-button\" data-id=\"49aa3ac\" data-element_type=\"widget\" data-e-type=\"widget\" data-widget_type=\"button.default\">\n\t\t\t\t<div class=\"elementor-widget-container\">\n\t\t\t\t\t\t\t\t\t<div class=\"elementor-button-wrapper\">\n\t\t\t\t\t<a class=\"elementor-button elementor-button-link elementor-size-sm\" href=\"https:\/\/einnova.com\/ca\/contacto-2\/\">\n\t\t\t\t\t\t<span class=\"elementor-button-content-wrapper\">\n\t\t\t\t\t\t\t\t\t<span class=\"elementor-button-text\">Comen\u00e7ar Ara<\/span>\n\t\t\t\t\t<\/span>\n\t\t\t\t\t<\/a>\n\t\t\t\t<\/div>\n\t\t\t\t\t\t\t\t<\/div>\n\t\t\t\t<\/div>\n\t\t\t\t<\/div>\n\t\t<div class=\"elementor-element elementor-element-d4ff55b e-con-full e-flex e-con e-child\" data-id=\"d4ff55b\" data-element_type=\"container\" data-e-type=\"container\">\n\t\t\t\t<div class=\"elementor-element elementor-element-0cfdbf2 elementor-widget elementor-widget-image\" data-id=\"0cfdbf2\" data-element_type=\"widget\" data-e-type=\"widget\" data-widget_type=\"image.default\">\n\t\t\t\t<div class=\"elementor-widget-container\">\n\t\t\t\t\t\t\t\t\t\t\t\t\t\t\t<img loading=\"lazy\" decoding=\"async\" width=\"800\" height=\"600\" src=\"https:\/\/einnova.com\/wp-content\/uploads\/2016\/03\/Disen\u0303o_app_con_neuro_marketing_caixa10.png\" class=\"attachment-large size-large wp-image-22249\" alt=\"\" srcset=\"https:\/\/einnova.com\/wp-content\/uploads\/2016\/03\/Disen\u0303o_app_con_neuro_marketing_caixa10.png 800w, https:\/\/einnova.com\/wp-content\/uploads\/2016\/03\/Disen\u0303o_app_con_neuro_marketing_caixa10-300x225.png 300w, https:\/\/einnova.com\/wp-content\/uploads\/2016\/03\/Disen\u0303o_app_con_neuro_marketing_caixa10-768x576.png 768w, https:\/\/einnova.com\/wp-content\/uploads\/2016\/03\/Disen\u0303o_app_con_neuro_marketing_caixa10-705x529.png 705w, https:\/\/einnova.com\/wp-content\/uploads\/2016\/03\/Disen\u0303o_app_con_neuro_marketing_caixa10-450x338.png 450w\" sizes=\"(max-width: 800px) 100vw, 800px\" \/>\t\t\t\t\t\t\t\t\t\t\t\t\t\t\t<\/div>\n\t\t\t\t<\/div>\n\t\t\t\t<\/div>\n\t\t\t\t\t<\/div>\n\t\t\t\t<\/div>\n\t\t<div class=\"elementor-element elementor-element-e911fdb e-flex e-con-boxed e-con e-parent\" data-id=\"e911fdb\" data-element_type=\"container\" data-e-type=\"container\" data-settings=\"{&quot;background_background&quot;:&quot;classic&quot;}\">\n\t\t\t\t\t<div class=\"e-con-inner\">\n\t\t\t\t<div class=\"elementor-element elementor-element-560f610 elementor-widget elementor-widget-text-editor\" data-id=\"560f610\" data-element_type=\"widget\" data-e-type=\"widget\" data-widget_type=\"text-editor.default\">\n\t\t\t\t<div class=\"elementor-widget-container\">\n\t\t\t\t\t\t\t\t\t<div class=\"template-page content av-content-full alpha units\">\n<div class=\"post-entry post-entry-type-page post-entry-20215\">\n<div class=\"entry-content-wrapper clearfix\">\n<div class=\"flex_column av_one_full flex_column_div av-zero-column-padding first avia-builder-el-37 avia-builder-el-no-sibling \">\n<div class=\"av-special-heading av-special-heading-h3 custom-color-heading blockquote modern-quote avia-builder-el-38 avia-builder-el-no-sibling av-inherit-size \">\n<h3 class=\"av-special-heading-tag \">Treballem m\u00e9s de 160 aspectes relacionats amb el NeuroMarketing Web<\/h3>\n<\/div>\n<\/div>\n<\/div>\n<\/div>\n<\/div>\n\t\t\t\t\t\t\t\t<\/div>\n\t\t\t\t<\/div>\n\t\t\t\t\t<\/div>\n\t\t\t\t<\/div>\n\t\t<div class=\"elementor-element elementor-element-e14b7c3 e-flex e-con-boxed e-con e-parent\" data-id=\"e14b7c3\" data-element_type=\"container\" data-e-type=\"container\" data-settings=\"{&quot;background_background&quot;:&quot;classic&quot;}\">\n\t\t\t\t\t<div class=\"e-con-inner\">\n\t\t<div class=\"elementor-element elementor-element-97746bb e-con-full e-flex e-con e-child\" data-id=\"97746bb\" data-element_type=\"container\" data-e-type=\"container\">\n\t\t\t\t<div class=\"elementor-element elementor-element-00079ee elementor-widget elementor-widget-text-editor\" data-id=\"00079ee\" data-element_type=\"widget\" data-e-type=\"widget\" data-widget_type=\"text-editor.default\">\n\t\t\t\t<div class=\"elementor-widget-container\">\n\t\t\t\t\t\t\t\t\t<div class=\"template-page content av-content-full alpha units\">\n<div class=\"post-entry post-entry-type-page post-entry-6442\">\n<div class=\"entry-content-wrapper clearfix\">\n<div class=\"flex_column av_one_half flex_column_div av-zero-column-padding first avia-builder-el-64 el_before_av_one_half avia-builder-el-first \"><section class=\"av_textblock_section \">\n<div class=\"avia_textblock av_inherit_color \">\n<div class=\"template-page content av-content-full alpha units\">\n<div class=\"post-entry post-entry-type-page post-entry-6435\">\n<div class=\"entry-content-wrapper clearfix\">\n<div class=\"flex_column av three fifth flex_column_div av-zero-column-padding first avia-builder-el-54 el before av two fifth avia-builder-el-first \">\n<div class=\"template-page content av-content-full alpha units\">\n<div class=\"post-entry post-entry-type-page post-entry-17496\">\n<div class=\"entry-content-wrapper clearfix\">\n<div class=\"flex_column av three fifth flex_column_div av-zero-column-padding first avia-builder-el-54 el before av two fifth avia-builder-el-first \">\n<div class=\"template-page content av-content-full alpha units\">\n<div class=\"post-entry post-entry-type-page post-entry-17485\">\n<div class=\"entry-content-wrapper clearfix\">\n<div class=\"flex_column av three fifth flex_column_div av-zero-column-padding first avia-builder-el-56 el before av two fifth avia-builder-el-first \">\n<div class=\"template-page content av-content-full alpha units\">\n<div class=\"post-entry post-entry-type-page post-entry-6231\">\n<div class=\"entry-content-wrapper clearfix\">\n<div class=\"flex_column av three fifth flex_column_div av-zero-column-padding first avia-builder-el-48 el before av two fifth avia-builder-el-first \">\n<div class=\"template-page content av-content-full alpha units\">\n<div class=\"post-entry post-entry-type-page post-entry-20215\">\n<div class=\"entry-content-wrapper clearfix\">\n<div class=\"flex_column av three fifth flex_column_div av-zero-column-padding first avia-builder-el-40 el before av two fifth avia-builder-el-first \">\n<div class=\"av-special-heading av-special-heading-h4 custom-color-heading blockquote modern-quote avia-builder-el-41 el before av textblock avia-builder-el-first av-inherit-size \">\n<h4 class=\"av-special-heading-tag \">eShow Bcn 2013<\/h4>\n<\/div>\n<section class=\"av_textblock_section \">\n<div class=\"avia_textblock av inherit color \">\n\n\u00c9s molt important que les p\u00e0gines web estiguin molt ben fetes. A Einnova utilitzem tot tipus d&#8217;estrat\u00e8gies perqu\u00e8 la p\u00e0gina web sigui molt f\u00e0cil d&#8217;utilitzar (millora de la usabilitat), perqu\u00e8 sigui molt intu\u00eftiva, que sigui molt c\u00f2moda i utilitzem tamb\u00e9 t\u00e8cniques de neurom\u00e0rqueting. Tot perqu\u00e8 la p\u00e0gina web sigui la millor. Perqu\u00e8 volem que el nostre client es despreocupi mentre nosaltres treballem per a ell.\n\n<\/div>\n<\/section><\/div>\n<\/div>\n<\/div>\n<\/div>\n<\/div>\n<\/div>\n<\/div>\n<\/div>\n<\/div>\n<\/div>\n<\/div>\n<\/div>\n<\/div>\n<\/div>\n<\/div>\n<\/div>\n<\/div>\n<\/div>\n<\/div>\n<\/div>\n<\/div>\n<\/section><\/div>\n<\/div>\n<\/div>\n<\/div>\n\t\t\t\t\t\t\t\t<\/div>\n\t\t\t\t<\/div>\n\t\t\t\t<div class=\"elementor-element elementor-element-85927e2 elementor-widget__width-initial elementor-widget elementor-widget-button\" data-id=\"85927e2\" data-element_type=\"widget\" data-e-type=\"widget\" data-widget_type=\"button.default\">\n\t\t\t\t<div class=\"elementor-widget-container\">\n\t\t\t\t\t\t\t\t\t<div class=\"elementor-button-wrapper\">\n\t\t\t\t\t<a class=\"elementor-button elementor-button-link elementor-size-sm\" href=\"https:\/\/einnova.com\/ca\/conocenos\/video-entrevistas\/\">\n\t\t\t\t\t\t<span class=\"elementor-button-content-wrapper\">\n\t\t\t\t\t\t\t\t\t<span class=\"elementor-button-text\">M\u00e1s entrevistas<\/span>\n\t\t\t\t\t<\/span>\n\t\t\t\t\t<\/a>\n\t\t\t\t<\/div>\n\t\t\t\t\t\t\t\t<\/div>\n\t\t\t\t<\/div>\n\t\t\t\t<\/div>\n\t\t<div class=\"elementor-element elementor-element-7efe97f e-con-full e-flex e-con e-child\" data-id=\"7efe97f\" data-element_type=\"container\" data-e-type=\"container\">\n\t\t\t\t<div class=\"elementor-element elementor-element-6da8ad2 elementor-widget elementor-widget-video\" data-id=\"6da8ad2\" data-element_type=\"widget\" data-e-type=\"widget\" data-settings=\"{&quot;youtube_url&quot;:&quot;https:\\\/\\\/youtu.be\\\/NhusqVj0Sog&quot;,&quot;video_type&quot;:&quot;youtube&quot;,&quot;controls&quot;:&quot;yes&quot;}\" data-widget_type=\"video.default\">\n\t\t\t\t<div class=\"elementor-widget-container\">\n\t\t\t\t\t\t\t<div class=\"elementor-wrapper elementor-open-inline\">\n\t\t\t<div class=\"elementor-video\"><\/div>\t\t<\/div>\n\t\t\t\t\t\t<\/div>\n\t\t\t\t<\/div>\n\t\t\t\t<\/div>\n\t\t\t\t\t<\/div>\n\t\t\t\t<\/div>\n\t\t\t\t<\/div>\n\t\t","protected":false},"excerpt":{"rendered":"<p>Et regalem 1h d&#8217;assessorament Desenvolupa la teva Aplicaci\u00f3 M\u00f2bil i Endinsa&#8217;t en el M\u00e0rqueting M\u00f2bil Des de fa for\u00e7a temps, el tel\u00e8fon m\u00f2bil s&#8217;ha convertit en una part fonamental del comer\u00e7 electr\u00f2nic. Les dades indiquen que la quantitat d&#8217;usuaris que realitzen compres des d&#8217;aquest tipus de dispositius va en augment de forma molt considerable any [&hellip;]<\/p>\n","protected":false},"author":3,"featured_media":0,"parent":0,"menu_order":0,"comment_status":"closed","ping_status":"closed","template":"","meta":{"_joinchat":[],"footnotes":""},"class_list":["post-21094","page","type-page","status-publish","hentry"],"yoast_head":"<!-- This site is optimized with the Yoast SEO Premium plugin v19.6 (Yoast SEO v27.2) - https:\/\/yoast.com\/product\/yoast-seo-premium-wordpress\/ -->\n<title>M\u00d2BIL - einnova<\/title>\n<meta name=\"description\" content=\"Des de fa ja bastant temps, el tel\u00e8fon m\u00f2bil s&#039;ha convertit en una part fonamental del comer\u00e7 electr\u00f2nic.\" \/>\n<meta name=\"robots\" content=\"index, follow, max-snippet:-1, max-image-preview:large, max-video-preview:-1\" \/>\n<link rel=\"canonical\" href=\"https:\/\/einnova.com\/ca\/movil-2\/\" \/>\n<meta property=\"og:locale\" content=\"ca_ES\" \/>\n<meta property=\"og:type\" content=\"article\" \/>\n<meta property=\"og:title\" content=\"M\u00d2BIL\" \/>\n<meta property=\"og:description\" content=\"Des de fa ja bastant temps, el tel\u00e8fon m\u00f2bil s&#039;ha convertit en una part fonamental del comer\u00e7 electr\u00f2nic.\" \/>\n<meta property=\"og:url\" content=\"https:\/\/einnova.com\/ca\/movil-2\/\" \/>\n<meta property=\"og:site_name\" content=\"Einnova\" \/>\n<meta property=\"article:modified_time\" content=\"2024-08-23T10:32:10+00:00\" \/>\n<meta property=\"og:image\" content=\"http:\/\/einnova.com\/wp-content\/uploads\/2018\/01\/posicionamiento-web.jpg\" \/>\n<meta name=\"twitter:card\" content=\"summary_large_image\" \/>\n<meta name=\"twitter:label1\" content=\"Temps estimat de lectura\" \/>\n\t<meta name=\"twitter:data1\" content=\"3 minuts\" \/>\n<script type=\"application\/ld+json\" class=\"yoast-schema-graph\">{\"@context\":\"https:\/\/schema.org\",\"@graph\":[{\"@type\":\"WebPage\",\"@id\":\"https:\/\/einnova.com\/ca\/movil-2\/\",\"url\":\"https:\/\/einnova.com\/ca\/movil-2\/\",\"name\":\"M\u00d2BIL - einnova\",\"isPartOf\":{\"@id\":\"https:\/\/einnova.com\/#website\"},\"primaryImageOfPage\":{\"@id\":\"https:\/\/einnova.com\/ca\/movil-2\/#primaryimage\"},\"image\":{\"@id\":\"https:\/\/einnova.com\/ca\/movil-2\/#primaryimage\"},\"thumbnailUrl\":\"http:\/\/einnova.com\/wp-content\/uploads\/2018\/01\/posicionamiento-web.jpg\",\"datePublished\":\"2016-04-27T19:04:36+00:00\",\"dateModified\":\"2024-08-23T10:32:10+00:00\",\"description\":\"Des de fa ja bastant temps, el tel\u00e8fon m\u00f2bil s'ha convertit en una part fonamental del comer\u00e7 electr\u00f2nic.\",\"breadcrumb\":{\"@id\":\"https:\/\/einnova.com\/ca\/movil-2\/#breadcrumb\"},\"inLanguage\":\"ca\",\"potentialAction\":[{\"@type\":\"ReadAction\",\"target\":[\"https:\/\/einnova.com\/ca\/movil-2\/\"]}]},{\"@type\":\"ImageObject\",\"inLanguage\":\"ca\",\"@id\":\"https:\/\/einnova.com\/ca\/movil-2\/#primaryimage\",\"url\":\"http:\/\/einnova.com\/wp-content\/uploads\/2018\/01\/posicionamiento-web.jpg\",\"contentUrl\":\"http:\/\/einnova.com\/wp-content\/uploads\/2018\/01\/posicionamiento-web.jpg\"},{\"@type\":\"BreadcrumbList\",\"@id\":\"https:\/\/einnova.com\/ca\/movil-2\/#breadcrumb\",\"itemListElement\":[{\"@type\":\"ListItem\",\"position\":1,\"name\":\"Home\",\"item\":\"https:\/\/einnova.com\/ca\/\"},{\"@type\":\"ListItem\",\"position\":2,\"name\":\"M\u00d2BIL\"}]},{\"@type\":\"WebSite\",\"@id\":\"https:\/\/einnova.com\/#website\",\"url\":\"https:\/\/einnova.com\/\",\"name\":\"Einnova\",\"description\":\"Agencia de Marketing online y Desarrollo web\",\"potentialAction\":[{\"@type\":\"SearchAction\",\"target\":{\"@type\":\"EntryPoint\",\"urlTemplate\":\"https:\/\/einnova.com\/?s={search_term_string}\"},\"query-input\":{\"@type\":\"PropertyValueSpecification\",\"valueRequired\":true,\"valueName\":\"search_term_string\"}}],\"inLanguage\":\"ca\"}]}<\/script>\n<!-- \/ Yoast SEO Premium plugin. -->","yoast_head_json":{"title":"M\u00d2BIL - einnova","description":"Des de fa ja bastant temps, el tel\u00e8fon m\u00f2bil s'ha convertit en una part fonamental del comer\u00e7 electr\u00f2nic.","robots":{"index":"index","follow":"follow","max-snippet":"max-snippet:-1","max-image-preview":"max-image-preview:large","max-video-preview":"max-video-preview:-1"},"canonical":"https:\/\/einnova.com\/ca\/movil-2\/","og_locale":"ca_ES","og_type":"article","og_title":"M\u00d2BIL","og_description":"Des de fa ja bastant temps, el tel\u00e8fon m\u00f2bil s'ha convertit en una part fonamental del comer\u00e7 electr\u00f2nic.","og_url":"https:\/\/einnova.com\/ca\/movil-2\/","og_site_name":"Einnova","article_modified_time":"2024-08-23T10:32:10+00:00","og_image":[{"url":"http:\/\/einnova.com\/wp-content\/uploads\/2018\/01\/posicionamiento-web.jpg","type":"","width":"","height":""}],"twitter_card":"summary_large_image","twitter_misc":{"Temps estimat de lectura":"3 minuts"},"schema":{"@context":"https:\/\/schema.org","@graph":[{"@type":"WebPage","@id":"https:\/\/einnova.com\/ca\/movil-2\/","url":"https:\/\/einnova.com\/ca\/movil-2\/","name":"M\u00d2BIL - einnova","isPartOf":{"@id":"https:\/\/einnova.com\/#website"},"primaryImageOfPage":{"@id":"https:\/\/einnova.com\/ca\/movil-2\/#primaryimage"},"image":{"@id":"https:\/\/einnova.com\/ca\/movil-2\/#primaryimage"},"thumbnailUrl":"http:\/\/einnova.com\/wp-content\/uploads\/2018\/01\/posicionamiento-web.jpg","datePublished":"2016-04-27T19:04:36+00:00","dateModified":"2024-08-23T10:32:10+00:00","description":"Des de fa ja bastant temps, el tel\u00e8fon m\u00f2bil s'ha convertit en una part fonamental del comer\u00e7 electr\u00f2nic.","breadcrumb":{"@id":"https:\/\/einnova.com\/ca\/movil-2\/#breadcrumb"},"inLanguage":"ca","potentialAction":[{"@type":"ReadAction","target":["https:\/\/einnova.com\/ca\/movil-2\/"]}]},{"@type":"ImageObject","inLanguage":"ca","@id":"https:\/\/einnova.com\/ca\/movil-2\/#primaryimage","url":"http:\/\/einnova.com\/wp-content\/uploads\/2018\/01\/posicionamiento-web.jpg","contentUrl":"http:\/\/einnova.com\/wp-content\/uploads\/2018\/01\/posicionamiento-web.jpg"},{"@type":"BreadcrumbList","@id":"https:\/\/einnova.com\/ca\/movil-2\/#breadcrumb","itemListElement":[{"@type":"ListItem","position":1,"name":"Home","item":"https:\/\/einnova.com\/ca\/"},{"@type":"ListItem","position":2,"name":"M\u00d2BIL"}]},{"@type":"WebSite","@id":"https:\/\/einnova.com\/#website","url":"https:\/\/einnova.com\/","name":"Einnova","description":"Agencia de Marketing online y Desarrollo web","potentialAction":[{"@type":"SearchAction","target":{"@type":"EntryPoint","urlTemplate":"https:\/\/einnova.com\/?s={search_term_string}"},"query-input":{"@type":"PropertyValueSpecification","valueRequired":true,"valueName":"search_term_string"}}],"inLanguage":"ca"}]}},"_links":{"self":[{"href":"https:\/\/einnova.com\/ca\/wp-json\/wp\/v2\/pages\/21094","targetHints":{"allow":["GET"]}}],"collection":[{"href":"https:\/\/einnova.com\/ca\/wp-json\/wp\/v2\/pages"}],"about":[{"href":"https:\/\/einnova.com\/ca\/wp-json\/wp\/v2\/types\/page"}],"author":[{"embeddable":true,"href":"https:\/\/einnova.com\/ca\/wp-json\/wp\/v2\/users\/3"}],"replies":[{"embeddable":true,"href":"https:\/\/einnova.com\/ca\/wp-json\/wp\/v2\/comments?post=21094"}],"version-history":[{"count":3,"href":"https:\/\/einnova.com\/ca\/wp-json\/wp\/v2\/pages\/21094\/revisions"}],"predecessor-version":[{"id":54067,"href":"https:\/\/einnova.com\/ca\/wp-json\/wp\/v2\/pages\/21094\/revisions\/54067"}],"wp:attachment":[{"href":"https:\/\/einnova.com\/ca\/wp-json\/wp\/v2\/media?parent=21094"}],"curies":[{"name":"wp","href":"https:\/\/api.w.org\/{rel}","templated":true}]}}