{"id":21090,"date":"2016-04-27T19:03:04","date_gmt":"2016-04-27T19:03:04","guid":{"rendered":"http:\/\/einnova.com\/ca\/?page_id=21090"},"modified":"2025-03-31T08:11:43","modified_gmt":"2025-03-31T08:11:43","slug":"mapa-web","status":"publish","type":"page","link":"https:\/\/einnova.com\/ca\/mapa-web\/","title":{"rendered":"Mapa web"},"content":{"rendered":"\t\t<div data-elementor-type=\"wp-page\" data-elementor-id=\"21090\" class=\"elementor elementor-21090\" data-elementor-post-type=\"page\">\n\t\t\t\t<div class=\"elementor-element elementor-element-4bf106ea e-flex e-con-boxed e-con e-parent\" data-id=\"4bf106ea\" data-element_type=\"container\" data-e-type=\"container\">\n\t\t\t\t\t<div class=\"e-con-inner\">\n\t\t\t\t<div class=\"elementor-element elementor-element-2ef51418 elementor-widget elementor-widget-text-editor\" data-id=\"2ef51418\" data-element_type=\"widget\" data-e-type=\"widget\" data-widget_type=\"text-editor.default\">\n\t\t\t\t<div class=\"elementor-widget-container\">\n\t\t\t\t\t\t\t\t\t<div class=\"sitemap\"><h3>Mapa web<\/h3><ul><li><a href=\"\/posicionamiento-web\">Posicionament web<\/a><ul><li><a href=\"\/seo-web\">SEO WEB<\/a><ul><li><a href=\"\/posicionamiento-web\/proyecto-dermik\">Projecte Dermik<\/a><\/li><li><a href=\"\/posicionamiento-web\/proyecto-sorensen\">Projecte S\u00f6rensen<\/a><\/li><li><a href=\"\/posicionamiento-web\/proyecto-natcha\">Projecte Natcha<\/a><\/li><li><a href=\"\/posicionamiento-web\/auditoria-seo\">Auditoria SEO<\/a><\/li><li><a href=\"\/posicionamiento-web\/google-delante-competencia\">Endavant la compet\u00e8ncia<\/a><\/li><li><a href=\"\/posicionamiento-web\/branding\">Promociona la teva marca<\/a><\/li><\/ul><\/li><li><a href=\"\/posicionamiento-web\/seo-tienda\">SEO BOTIGA<\/a><ul><li><a href=\"\/posicionamiento-web\/proyecto-bellota-de-jabugo\">Projecte Bellota de Jabugo<\/a><\/li><li><a href=\"\/posicionamiento-web\/proyecto-fruiting\">Projecte Fruiting<\/a><\/li><li><a href=\"\/posicionamiento-web\/proyecto-don-flamenco\">Projecte Don Flamenco<\/a><\/li><li><a href=\"\/tiendas-online\">T\u00e8cniques E-commerce<\/a><\/li><li><a href=\"\/posicionamiento-web\/natural-vs-publicidad\">Ser el primer a Google<\/a><\/li><\/ul><\/li><li><a href=\"\/seo-sectores\">SEO SECTORS<\/a><ul><li><a href=\"\/posicionamiento-web\/tiendas-online-sector-retail\">Sector Retail<\/a><\/li><li><a href=\"\/posicionamiento-web\/clinicas\">Sector Salut<\/a><\/li><li><a href=\"\/posicionamiento-web\/sector-industrial\">Sector Industrial<\/a><\/li><li><a href=\"\/posicionamiento-web\/escuelas-negocios\">Escoles de Negocis<\/a><\/li><li><a href=\"\/expertos-google\">Experts Google<\/a><\/li><\/ul><\/li><\/ul><\/li><li><a href=\"\/diseno-web\">Disseny i creaci\u00f3<\/a><ul><li><a href=\"\/web\">WEB<\/a><ul><li><a href=\"\/diseno-web\/proyecto-fontanelles-natura\">Projecte Fontanelles Natura<\/a><\/li><li><a href=\"\/diseno-web\/proyecto-calvet-economistas\">Projecte Calvet Economistes<\/a><\/li><li><a href=\"\/proyecto-taber\">Projecte Taber<\/a><\/li><li><a href=\"\/diseno-web\/wordpress-barcelona\">Disseny Web WordPress<\/a><\/li><li><a href=\"\/neuromarketing-web\/estudio-diseno-web-neuromarketing\">Neurom\u00e0rqueting Web<\/a><\/li><li><a href=\"\/diseno-web\/que-es-el-diseno-web-responsive\">Disseny Responsive<\/a><\/li><\/ul><\/li><li><a href=\"\/tienda\">BOTIGA<\/a><ul><li><a href=\"\/tiendas-online\/proyecto-summedical\">Projecte Summedical<\/a><\/li><li><a href=\"\/tiendas-online\/proyecto-fruiting\">Projecte Fruiting<\/a><\/li><li><a href=\"\/tiendas-online\/proyecto-bellota-de-jabugo\">Projecte Bellota de Jabugo<\/a><\/li><li><a href=\"\/tiendas-online\/prestashop\">Ecommerce Prestashop<\/a><\/li><li><a href=\"\/tiendas-online\/por-que-desarrollar-una-tienda-online-magento-y-como-pasarse-a-magento\">Ecommerce Magento<\/a><\/li><li><a href=\"\/diseno-web\/diseno-con-symfony2\">Ecommerce Symfony2<\/a><\/li><li><a href=\"\/tiendas-online\/navision-o-magento-b2c\">Ecommerce Navision B2C<\/a><\/li><\/ul><\/li><li><a href=\"\/diseno-web\">M\u00d2BIL<\/a><ul><li><a href=\"\/clientes\/desarrollo-aplicacion-web-movil\">Projecte Reeugenio<\/a><\/li><li><a href=\"\/aplicaciones-moviles\/proyecto-natcha\">Projecte Natcha<\/a><\/li><li><a href=\"\/proyecto-sant-pere-del-bosch\">Projecte Sant Pere del Bosch<\/a><\/li><li><a href=\"\/aplicaciones-moviles\">App M\u00f2bil<\/a><\/li><li><a href=\"\/aplicaciones-moviles\/desarrollo-de-aplicaciones-php-medida-y-refactoria-de-software\">App a mida<\/a><\/li><\/ul><\/li><\/ul><\/li><li><a href=\"\/clientes\">Clients<\/a><ul><li><a href=\"\/que-han-conseguido-mas-visitas\">Els que han aconseguit m\u00e9s visites<\/a><\/li><li><a href=\"\/que-han-conseguido-mas-ventas\">Els que han aconseguit m\u00e9s vendes<\/a><\/li><li><a href=\"\/que-han-conseguido-mas-exito\">Els que han aconseguit m\u00e9s \u00e8xit<\/a><\/li><\/ul><\/li><li><a href=\"\/conocenos\">Coneix-nos<\/a><ul><li><a href=\"\/conocenos\/consultor-seo-barcelona\">Consultor SEO<\/a><\/li><li><a href=\"https:\/\/einnova.com\/ca\/conocenos\/agencia-marketing-online-barcelona\/\">Sobre nosaltres<\/a><\/li><li><a href=\"\/conocenos\/formacion-seminarios\">Formaci\u00f3 gratu\u00efta<\/a><\/li><li><a href=\"\/conocenos\/premios-ferias\">Premis i fires<\/a><\/li><li><a href=\"\/conocenos\/prensa\">Premsa<\/a><\/li><li><a href=\"\/conocenos\/video-entrevistas\">V\u00eddeo entrevistes<\/a><\/li><\/ul><\/li><li><a href=\"\/notas\">Blog<\/a><\/li><li><a href=\"\/contacto\">Contacte<\/a><\/li><li><a href=\"\/expertos-google\">Experts Google<\/a><\/li><li><a href=\"\/conocenos\/video-entrevistas\">V\u00eddeo entrevistes<\/a><\/li><li><a href=\"\/conocenos\/video-entrevistas\">V\u00eddeo entrevista Google<\/a><\/li><li><a href=\"\/conocenos\/video-entrevistas\">V\u00eddeo entrevista Yahoo<\/a><\/li><li><a href=\"\/conocenos\/video-entrevistas\">V\u00eddeo entrevista Google Pimes<\/a><\/li><li><a href=\"\/conocenos\/video-entrevistas\">V\u00eddeo entrevista Cambra Barcelona<\/a><\/li><li><a href=\"\/conocenos\/video-entrevistas\">V\u00eddeo entrevista Barcelona Activa<\/a><\/li><li><a href=\"\/conocenos\/video-entrevistas\">V\u00eddeo entrevista UAB<\/a><\/li><li><a href=\"\/conocenos\/video-entrevistas\">V\u00eddeo entrevista La Vanguardia<\/a><\/li><li><a href=\"\/conocenos\/video-entrevistas\">V\u00eddeo entrevista BMW<\/a><\/li><\/ul><\/div>\t\t\t\t\t\t\t\t<\/div>\n\t\t\t\t<\/div>\n\t\t\t\t\t<\/div>\n\t\t\t\t<\/div>\n\t\t\t\t<\/div>\n\t\t","protected":false},"excerpt":{"rendered":"<p>Mapa web Posicionament web SEO WEB Projecte Dermik Projecte S\u00f6rensen Projecte Natcha Auditoria SEO Endavant la compet\u00e8ncia Promociona la teva marca SEO BOTIGA Projecte Bellota de Jabugo Projecte Fruiting Projecte Don Flamenco T\u00e8cniques E-commerce Ser el primer a Google SEO SECTORS Sector Retail Sector Salut Sector Industrial Escoles de Negocis Experts Google Disseny i creaci\u00f3 [&hellip;]<\/p>\n","protected":false},"author":3,"featured_media":0,"parent":0,"menu_order":0,"comment_status":"closed","ping_status":"closed","template":"","meta":{"_joinchat":[],"footnotes":""},"class_list":["post-21090","page","type-page","status-publish","hentry"],"yoast_head":"<!-- This site is optimized with the Yoast SEO Premium plugin v19.6 (Yoast SEO v27.2) - https:\/\/yoast.com\/product\/yoast-seo-premium-wordpress\/ -->\n<title>Mapa web - einnova<\/title>\n<meta name=\"description\" content=\"Posicionamiento web SEO WEB Proyecto Dermik Proyecto S\u00f6rensen Proyecto Natcha Auditor\u00eda SEO Adelanta a la competencia Promociona Tu Marca\" \/>\n<meta name=\"robots\" content=\"noindex, follow\" \/>\n<meta property=\"og:locale\" content=\"ca_ES\" \/>\n<meta property=\"og:type\" content=\"article\" \/>\n<meta property=\"og:title\" content=\"Mapa web\" \/>\n<meta property=\"og:description\" content=\"Posicionamiento web SEO WEB Proyecto Dermik Proyecto S\u00f6rensen Proyecto Natcha Auditor\u00eda SEO Adelanta a la competencia Promociona Tu Marca\" \/>\n<meta property=\"og:url\" content=\"https:\/\/einnova.com\/ca\/mapa-web\/\" \/>\n<meta property=\"og:site_name\" content=\"Einnova\" \/>\n<meta property=\"article:modified_time\" content=\"2025-03-31T08:11:43+00:00\" \/>\n<meta name=\"twitter:card\" content=\"summary_large_image\" \/>\n<meta name=\"twitter:label1\" content=\"Temps estimat de lectura\" \/>\n\t<meta name=\"twitter:data1\" content=\"1 minut\" \/>\n<script type=\"application\/ld+json\" class=\"yoast-schema-graph\">{\"@context\":\"https:\/\/schema.org\",\"@graph\":[{\"@type\":\"WebPage\",\"@id\":\"https:\/\/einnova.com\/ca\/mapa-web\/\",\"url\":\"https:\/\/einnova.com\/ca\/mapa-web\/\",\"name\":\"Mapa web - einnova\",\"isPartOf\":{\"@id\":\"https:\/\/einnova.com\/#website\"},\"datePublished\":\"2016-04-27T19:03:04+00:00\",\"dateModified\":\"2025-03-31T08:11:43+00:00\",\"description\":\"Posicionamiento web SEO WEB Proyecto Dermik Proyecto S\u00f6rensen Proyecto Natcha Auditor\u00eda SEO Adelanta a la competencia Promociona Tu Marca\",\"breadcrumb\":{\"@id\":\"https:\/\/einnova.com\/ca\/mapa-web\/#breadcrumb\"},\"inLanguage\":\"ca\",\"potentialAction\":[{\"@type\":\"ReadAction\",\"target\":[\"https:\/\/einnova.com\/ca\/mapa-web\/\"]}]},{\"@type\":\"BreadcrumbList\",\"@id\":\"https:\/\/einnova.com\/ca\/mapa-web\/#breadcrumb\",\"itemListElement\":[{\"@type\":\"ListItem\",\"position\":1,\"name\":\"Home\",\"item\":\"https:\/\/einnova.com\/ca\/\"},{\"@type\":\"ListItem\",\"position\":2,\"name\":\"Mapa web\"}]},{\"@type\":\"WebSite\",\"@id\":\"https:\/\/einnova.com\/#website\",\"url\":\"https:\/\/einnova.com\/\",\"name\":\"Einnova\",\"description\":\"Agencia de Marketing online y Desarrollo web\",\"potentialAction\":[{\"@type\":\"SearchAction\",\"target\":{\"@type\":\"EntryPoint\",\"urlTemplate\":\"https:\/\/einnova.com\/?s={search_term_string}\"},\"query-input\":{\"@type\":\"PropertyValueSpecification\",\"valueRequired\":true,\"valueName\":\"search_term_string\"}}],\"inLanguage\":\"ca\"}]}<\/script>\n<!-- \/ Yoast SEO Premium plugin. -->","yoast_head_json":{"title":"Mapa web - einnova","description":"Posicionamiento web SEO WEB Proyecto Dermik Proyecto S\u00f6rensen Proyecto Natcha Auditor\u00eda SEO Adelanta a la competencia Promociona Tu Marca","robots":{"index":"noindex","follow":"follow"},"og_locale":"ca_ES","og_type":"article","og_title":"Mapa web","og_description":"Posicionamiento web SEO WEB Proyecto Dermik Proyecto S\u00f6rensen Proyecto Natcha Auditor\u00eda SEO Adelanta a la competencia Promociona Tu Marca","og_url":"https:\/\/einnova.com\/ca\/mapa-web\/","og_site_name":"Einnova","article_modified_time":"2025-03-31T08:11:43+00:00","twitter_card":"summary_large_image","twitter_misc":{"Temps estimat de lectura":"1 minut"},"schema":{"@context":"https:\/\/schema.org","@graph":[{"@type":"WebPage","@id":"https:\/\/einnova.com\/ca\/mapa-web\/","url":"https:\/\/einnova.com\/ca\/mapa-web\/","name":"Mapa web - einnova","isPartOf":{"@id":"https:\/\/einnova.com\/#website"},"datePublished":"2016-04-27T19:03:04+00:00","dateModified":"2025-03-31T08:11:43+00:00","description":"Posicionamiento web SEO WEB Proyecto Dermik Proyecto S\u00f6rensen Proyecto Natcha Auditor\u00eda SEO Adelanta a la competencia Promociona Tu Marca","breadcrumb":{"@id":"https:\/\/einnova.com\/ca\/mapa-web\/#breadcrumb"},"inLanguage":"ca","potentialAction":[{"@type":"ReadAction","target":["https:\/\/einnova.com\/ca\/mapa-web\/"]}]},{"@type":"BreadcrumbList","@id":"https:\/\/einnova.com\/ca\/mapa-web\/#breadcrumb","itemListElement":[{"@type":"ListItem","position":1,"name":"Home","item":"https:\/\/einnova.com\/ca\/"},{"@type":"ListItem","position":2,"name":"Mapa web"}]},{"@type":"WebSite","@id":"https:\/\/einnova.com\/#website","url":"https:\/\/einnova.com\/","name":"Einnova","description":"Agencia de Marketing online y Desarrollo web","potentialAction":[{"@type":"SearchAction","target":{"@type":"EntryPoint","urlTemplate":"https:\/\/einnova.com\/?s={search_term_string}"},"query-input":{"@type":"PropertyValueSpecification","valueRequired":true,"valueName":"search_term_string"}}],"inLanguage":"ca"}]}},"_links":{"self":[{"href":"https:\/\/einnova.com\/ca\/wp-json\/wp\/v2\/pages\/21090","targetHints":{"allow":["GET"]}}],"collection":[{"href":"https:\/\/einnova.com\/ca\/wp-json\/wp\/v2\/pages"}],"about":[{"href":"https:\/\/einnova.com\/ca\/wp-json\/wp\/v2\/types\/page"}],"author":[{"embeddable":true,"href":"https:\/\/einnova.com\/ca\/wp-json\/wp\/v2\/users\/3"}],"replies":[{"embeddable":true,"href":"https:\/\/einnova.com\/ca\/wp-json\/wp\/v2\/comments?post=21090"}],"version-history":[{"count":6,"href":"https:\/\/einnova.com\/ca\/wp-json\/wp\/v2\/pages\/21090\/revisions"}],"predecessor-version":[{"id":59660,"href":"https:\/\/einnova.com\/ca\/wp-json\/wp\/v2\/pages\/21090\/revisions\/59660"}],"wp:attachment":[{"href":"https:\/\/einnova.com\/ca\/wp-json\/wp\/v2\/media?parent=21090"}],"curies":[{"name":"wp","href":"https:\/\/api.w.org\/{rel}","templated":true}]}}