{"id":21086,"date":"2016-04-27T18:58:22","date_gmt":"2016-04-27T18:58:22","guid":{"rendered":"http:\/\/einnova.com\/ca\/?page_id=21086"},"modified":"2016-04-27T18:58:22","modified_gmt":"2016-04-27T18:58:22","slug":"herramientas-google-ranking-las-paginas","status":"publish","type":"page","link":"https:\/\/einnova.com\/ca\/herramientas-google-ranking-las-paginas\/","title":{"rendered":"Herramientas de Google para el ranking de las p\u00e1ginas"},"content":{"rendered":"<p class=\"p1\"><a href=\"http:\/\/einnova.com\/wp-content\/uploads\/2015\/06\/google-blueg-algorithm-seo-ss-1920.jpg\"><img fetchpriority=\"high\" decoding=\"async\" class=\"wp-image-14535 alignright\" src=\"http:\/\/einnova.com\/wp-content\/uploads\/2015\/06\/google-blueg-algorithm-seo-ss-1920-1024x576.jpg\" alt=\"google-blueg-algorithm-seo-ss-1920\" width=\"576\" height=\"324\" srcset=\"https:\/\/einnova.com\/wp-content\/uploads\/2015\/06\/google-blueg-algorithm-seo-ss-1920-1024x576.jpg 1024w, https:\/\/einnova.com\/wp-content\/uploads\/2015\/06\/google-blueg-algorithm-seo-ss-1920-300x169.jpg 300w, https:\/\/einnova.com\/wp-content\/uploads\/2015\/06\/google-blueg-algorithm-seo-ss-1920-275x155.jpg 275w, https:\/\/einnova.com\/wp-content\/uploads\/2015\/06\/google-blueg-algorithm-seo-ss-1920.jpg 1920w\" sizes=\"(max-width: 576px) 100vw, 576px\" \/><\/a><\/p>\n<p>&nbsp;<\/p>\n<p>&nbsp;<\/p>\n<p>&nbsp;<\/p>\n<p>&nbsp;<\/p>\n<ul>\n<li><a title=\"Dossier Einnova\" href=\"\/wp-content\/uploads\/2015\/06\/actualizaciones_google.pdf\" target=\"_blank\">DOSSIER DE POSICIONAMIENTO<\/a><\/li>\n<\/ul>\n<p>&nbsp;<\/p>\n<p>&nbsp;<\/p>\n<p>&nbsp;<\/p>\n<p>&nbsp;<\/p>\n<p>&nbsp;<\/p>\n<h2 class=\"p1\"><span class=\"s1\"><b>Los Algoritmos de Google<\/b><\/span><\/h2>\n<p class=\"p1\"><span class=\"s1\">El sue\u00f1o de todo experto en Posicionamiento Web, ser\u00eda llegar alg\u00fan d\u00eda a conocer como funcionan los algoritmos de Google. A grandes rasgos, los Algoritmos de Google son\u00a0<b>formulas y procesos inform\u00e1ticos<\/b>\u00a0que tienen como objetivo buscar pistas y detalles en una p\u00e1gina web que les indiquen que informaci\u00f3n es m\u00e1s relevante para despu\u00e9s posicionarla. En definitiva\u00a0<b>son las herramientas que tiene Google para posicionar una web<\/b>.<\/span><\/p>\n<p class=\"p1\"><span class=\"s1\">Los Algoritmos y los distintos aspectos de una web que miden estos, han ido increment\u00e1ndose durante la \u00faltima d\u00e9cada. Existen diferentes tipos de algoritmos y cada uno se ocupa de revisar una parte de nuestra web. Los m\u00e1s importantes y conocidos son:<\/span><\/p>\n<h2 class=\"p1\"><span class=\"s1\"><b>Google Panda:<\/b>\u00a0<\/span><\/h2>\n<p class=\"p1\"><span class=\"s1\">Creado en 2011, tiene como objetivo valorar la originalidad y la calidad del contenido publicado en tu web. Si estas pensando en copiar el contenido de tu web de otros sitios web o eres de los que no les gusta redactar contenido de calidad, este algoritmo ser\u00e1 tu aut\u00e9ntico quebradero de cabeza.<\/span><\/p>\n<h2 class=\"p1\"><span class=\"s1\"><b>Gogole Penguin:<\/b>\u00a0<\/span><\/h2>\n<p class=\"p1\"><span class=\"s1\">Tiene como objetivo encontrar posibles t\u00e9cnicas forzadas o &#8220;SPAM&#8221; que se hayan podido aplicar en la web para mejorar el Posicionamiento. Evita &#8220;espamear&#8221; en foros y directorios y evita t\u00e9cnicas de Linkbuilding forzadas, de lo contrario, Google Penguin se encargar\u00e1 de que no asomes la cabeza en las primeras posiciones de Google.<\/span><\/p>\n<h2 class=\"p1\"><span class=\"s1\"><b>Google Colibr\u00ed:\u00a0<\/b><\/span><\/h2>\n<p class=\"p1\"><span class=\"s1\">Tiene como objetivo ofrecer al usuario resultados m\u00e1s adecuados para b\u00fasquedas m\u00e1s complejas.<\/span><\/p>\n<p class=\"p1\"><span class=\"s1\">Podr\u00edamos seguir hablando de algunos algoritmos m\u00e1s pero estos, junto con el lanzado en Abril del 2015, que se encarga de revisar si tu web tiene dise\u00f1o adaptado a m\u00f3vil, son los algoritmos m\u00e1s importantes de Google.<\/span><\/p>\n<p class=\"p1\"><span class=\"s1\">Si quieres m\u00e1s informaci\u00f3n sobre los secretos del Posicionamiento Web Desc\u00e1rgate nuestra Presentaci\u00f3n<\/span><\/p>\n<p class=\"p1\">\n","protected":false},"excerpt":{"rendered":"<p>&nbsp; &nbsp; &nbsp; &nbsp; DOSSIER DE POSICIONAMIENTO &nbsp; &nbsp; &nbsp; &nbsp; &nbsp; Los Algoritmos de Google El sue\u00f1o de todo experto en Posicionamiento Web, ser\u00eda llegar alg\u00fan d\u00eda a conocer como funcionan los algoritmos de Google. A grandes rasgos, los Algoritmos de Google son\u00a0formulas y procesos inform\u00e1ticos\u00a0que tienen como objetivo buscar pistas y detalles en [&hellip;]<\/p>\n","protected":false},"author":3,"featured_media":0,"parent":0,"menu_order":0,"comment_status":"open","ping_status":"open","template":"","meta":{"_joinchat":[],"footnotes":""},"class_list":["post-21086","page","type-page","status-publish","hentry"],"yoast_head":"<!-- This site is optimized with the Yoast SEO Premium plugin v19.6 (Yoast SEO v27.2) - https:\/\/yoast.com\/product\/yoast-seo-premium-wordpress\/ -->\n<title>Herramientas de Google para el ranking de las p\u00e1ginas - Einnova<\/title>\n<meta name=\"robots\" content=\"index, follow, max-snippet:-1, max-image-preview:large, max-video-preview:-1\" \/>\n<link rel=\"canonical\" href=\"https:\/\/einnova.com\/ca\/herramientas-google-ranking-las-paginas\/\" \/>\n<meta property=\"og:locale\" content=\"ca_ES\" \/>\n<meta property=\"og:type\" content=\"article\" \/>\n<meta property=\"og:title\" content=\"Herramientas de Google para el ranking de las p\u00e1ginas\" \/>\n<meta property=\"og:description\" content=\"&nbsp; &nbsp; &nbsp; &nbsp; DOSSIER DE POSICIONAMIENTO &nbsp; &nbsp; &nbsp; &nbsp; &nbsp; Los Algoritmos de Google El sue\u00f1o de todo experto en Posicionamiento Web, ser\u00eda llegar alg\u00fan d\u00eda a conocer como funcionan los algoritmos de Google. A grandes rasgos, los Algoritmos de Google son\u00a0formulas y procesos inform\u00e1ticos\u00a0que tienen como objetivo buscar pistas y detalles en [&hellip;]\" \/>\n<meta property=\"og:url\" content=\"https:\/\/einnova.com\/ca\/herramientas-google-ranking-las-paginas\/\" \/>\n<meta property=\"og:site_name\" content=\"Einnova\" \/>\n<meta property=\"og:image\" content=\"http:\/\/einnova.com\/wp-content\/uploads\/2015\/06\/google-blueg-algorithm-seo-ss-1920-1024x576.jpg\" \/>\n<meta name=\"twitter:card\" content=\"summary_large_image\" \/>\n<meta name=\"twitter:label1\" content=\"Temps estimat de lectura\" \/>\n\t<meta name=\"twitter:data1\" content=\"2 minuts\" \/>\n<script type=\"application\/ld+json\" class=\"yoast-schema-graph\">{\"@context\":\"https:\/\/schema.org\",\"@graph\":[{\"@type\":\"WebPage\",\"@id\":\"https:\/\/einnova.com\/ca\/herramientas-google-ranking-las-paginas\/\",\"url\":\"https:\/\/einnova.com\/ca\/herramientas-google-ranking-las-paginas\/\",\"name\":\"Herramientas de Google para el ranking de las p\u00e1ginas - Einnova\",\"isPartOf\":{\"@id\":\"https:\/\/einnova.com\/#website\"},\"primaryImageOfPage\":{\"@id\":\"https:\/\/einnova.com\/ca\/herramientas-google-ranking-las-paginas\/#primaryimage\"},\"image\":{\"@id\":\"https:\/\/einnova.com\/ca\/herramientas-google-ranking-las-paginas\/#primaryimage\"},\"thumbnailUrl\":\"http:\/\/einnova.com\/wp-content\/uploads\/2015\/06\/google-blueg-algorithm-seo-ss-1920-1024x576.jpg\",\"datePublished\":\"2016-04-27T18:58:22+00:00\",\"breadcrumb\":{\"@id\":\"https:\/\/einnova.com\/ca\/herramientas-google-ranking-las-paginas\/#breadcrumb\"},\"inLanguage\":\"ca\",\"potentialAction\":[{\"@type\":\"ReadAction\",\"target\":[\"https:\/\/einnova.com\/ca\/herramientas-google-ranking-las-paginas\/\"]}]},{\"@type\":\"ImageObject\",\"inLanguage\":\"ca\",\"@id\":\"https:\/\/einnova.com\/ca\/herramientas-google-ranking-las-paginas\/#primaryimage\",\"url\":\"http:\/\/einnova.com\/wp-content\/uploads\/2015\/06\/google-blueg-algorithm-seo-ss-1920-1024x576.jpg\",\"contentUrl\":\"http:\/\/einnova.com\/wp-content\/uploads\/2015\/06\/google-blueg-algorithm-seo-ss-1920-1024x576.jpg\"},{\"@type\":\"BreadcrumbList\",\"@id\":\"https:\/\/einnova.com\/ca\/herramientas-google-ranking-las-paginas\/#breadcrumb\",\"itemListElement\":[{\"@type\":\"ListItem\",\"position\":1,\"name\":\"Home\",\"item\":\"https:\/\/einnova.com\/ca\/\"},{\"@type\":\"ListItem\",\"position\":2,\"name\":\"Herramientas de Google para el ranking de las p\u00e1ginas\"}]},{\"@type\":\"WebSite\",\"@id\":\"https:\/\/einnova.com\/#website\",\"url\":\"https:\/\/einnova.com\/\",\"name\":\"Einnova\",\"description\":\"Agencia de Marketing online y Desarrollo web\",\"potentialAction\":[{\"@type\":\"SearchAction\",\"target\":{\"@type\":\"EntryPoint\",\"urlTemplate\":\"https:\/\/einnova.com\/?s={search_term_string}\"},\"query-input\":{\"@type\":\"PropertyValueSpecification\",\"valueRequired\":true,\"valueName\":\"search_term_string\"}}],\"inLanguage\":\"ca\"}]}<\/script>\n<!-- \/ Yoast SEO Premium plugin. -->","yoast_head_json":{"title":"Herramientas de Google para el ranking de las p\u00e1ginas - Einnova","robots":{"index":"index","follow":"follow","max-snippet":"max-snippet:-1","max-image-preview":"max-image-preview:large","max-video-preview":"max-video-preview:-1"},"canonical":"https:\/\/einnova.com\/ca\/herramientas-google-ranking-las-paginas\/","og_locale":"ca_ES","og_type":"article","og_title":"Herramientas de Google para el ranking de las p\u00e1ginas","og_description":"&nbsp; &nbsp; &nbsp; &nbsp; DOSSIER DE POSICIONAMIENTO &nbsp; &nbsp; &nbsp; &nbsp; &nbsp; Los Algoritmos de Google El sue\u00f1o de todo experto en Posicionamiento Web, ser\u00eda llegar alg\u00fan d\u00eda a conocer como funcionan los algoritmos de Google. A grandes rasgos, los Algoritmos de Google son\u00a0formulas y procesos inform\u00e1ticos\u00a0que tienen como objetivo buscar pistas y detalles en [&hellip;]","og_url":"https:\/\/einnova.com\/ca\/herramientas-google-ranking-las-paginas\/","og_site_name":"Einnova","og_image":[{"url":"http:\/\/einnova.com\/wp-content\/uploads\/2015\/06\/google-blueg-algorithm-seo-ss-1920-1024x576.jpg","type":"","width":"","height":""}],"twitter_card":"summary_large_image","twitter_misc":{"Temps estimat de lectura":"2 minuts"},"schema":{"@context":"https:\/\/schema.org","@graph":[{"@type":"WebPage","@id":"https:\/\/einnova.com\/ca\/herramientas-google-ranking-las-paginas\/","url":"https:\/\/einnova.com\/ca\/herramientas-google-ranking-las-paginas\/","name":"Herramientas de Google para el ranking de las p\u00e1ginas - Einnova","isPartOf":{"@id":"https:\/\/einnova.com\/#website"},"primaryImageOfPage":{"@id":"https:\/\/einnova.com\/ca\/herramientas-google-ranking-las-paginas\/#primaryimage"},"image":{"@id":"https:\/\/einnova.com\/ca\/herramientas-google-ranking-las-paginas\/#primaryimage"},"thumbnailUrl":"http:\/\/einnova.com\/wp-content\/uploads\/2015\/06\/google-blueg-algorithm-seo-ss-1920-1024x576.jpg","datePublished":"2016-04-27T18:58:22+00:00","breadcrumb":{"@id":"https:\/\/einnova.com\/ca\/herramientas-google-ranking-las-paginas\/#breadcrumb"},"inLanguage":"ca","potentialAction":[{"@type":"ReadAction","target":["https:\/\/einnova.com\/ca\/herramientas-google-ranking-las-paginas\/"]}]},{"@type":"ImageObject","inLanguage":"ca","@id":"https:\/\/einnova.com\/ca\/herramientas-google-ranking-las-paginas\/#primaryimage","url":"http:\/\/einnova.com\/wp-content\/uploads\/2015\/06\/google-blueg-algorithm-seo-ss-1920-1024x576.jpg","contentUrl":"http:\/\/einnova.com\/wp-content\/uploads\/2015\/06\/google-blueg-algorithm-seo-ss-1920-1024x576.jpg"},{"@type":"BreadcrumbList","@id":"https:\/\/einnova.com\/ca\/herramientas-google-ranking-las-paginas\/#breadcrumb","itemListElement":[{"@type":"ListItem","position":1,"name":"Home","item":"https:\/\/einnova.com\/ca\/"},{"@type":"ListItem","position":2,"name":"Herramientas de Google para el ranking de las p\u00e1ginas"}]},{"@type":"WebSite","@id":"https:\/\/einnova.com\/#website","url":"https:\/\/einnova.com\/","name":"Einnova","description":"Agencia de Marketing online y Desarrollo web","potentialAction":[{"@type":"SearchAction","target":{"@type":"EntryPoint","urlTemplate":"https:\/\/einnova.com\/?s={search_term_string}"},"query-input":{"@type":"PropertyValueSpecification","valueRequired":true,"valueName":"search_term_string"}}],"inLanguage":"ca"}]}},"_links":{"self":[{"href":"https:\/\/einnova.com\/ca\/wp-json\/wp\/v2\/pages\/21086","targetHints":{"allow":["GET"]}}],"collection":[{"href":"https:\/\/einnova.com\/ca\/wp-json\/wp\/v2\/pages"}],"about":[{"href":"https:\/\/einnova.com\/ca\/wp-json\/wp\/v2\/types\/page"}],"author":[{"embeddable":true,"href":"https:\/\/einnova.com\/ca\/wp-json\/wp\/v2\/users\/3"}],"replies":[{"embeddable":true,"href":"https:\/\/einnova.com\/ca\/wp-json\/wp\/v2\/comments?post=21086"}],"version-history":[{"count":0,"href":"https:\/\/einnova.com\/ca\/wp-json\/wp\/v2\/pages\/21086\/revisions"}],"wp:attachment":[{"href":"https:\/\/einnova.com\/ca\/wp-json\/wp\/v2\/media?parent=21086"}],"curies":[{"name":"wp","href":"https:\/\/api.w.org\/{rel}","templated":true}]}}