{"id":21084,"date":"2016-04-27T18:56:38","date_gmt":"2016-04-27T18:56:38","guid":{"rendered":"http:\/\/einnova.com\/ca\/?page_id=21084"},"modified":"2016-04-27T18:56:38","modified_gmt":"2016-04-27T18:56:38","slug":"contrato-prestacion-servicios-einnova","status":"publish","type":"page","link":"https:\/\/einnova.com\/ca\/contrato-prestacion-servicios-einnova\/","title":{"rendered":"CONTRATO DE PRESTACI\u00d3N DE SERVICIOS EINNOVA"},"content":{"rendered":"<h1>CONTRATO DE PRESTACI\u00d3N DE SERVICIOS<\/h1>\n<p>Este contrato establece los t\u00e9rminos y condiciones bajo los cuales Vd.mo su empresa contrata el <strong>SERVICIO DE MEJORAMIENTO DE POSICI\u00d3N DE WEB <\/strong> que ofrece EINNOVA, que se rige por:<\/p>\n<ul>\n<li>El presupuesto aceptado por el cliente, en los t\u00e9rminos abajo indicados.<\/li>\n<li>Las presentes Condiciones Generales del <strong>SERVICIO DE MEJORAMIENTO DE POSICI\u00d3N DE WEB. <\/strong><\/li>\n<\/ul>\n<p><strong><em>CONDICIONES GENERALES: <\/em><\/strong><\/p>\n<p><strong><em>PRIMERO: OBJETO: <\/em><\/strong>EINNOVA se obliga a promover los dominios indicados, a fin de procurar el mejoramiento o clasificaci\u00f3n dentro de las posiciones preferentes que arrojen los buscadores indicados en el presupuesto. EINNOVA se compromete al <strong> SERVICIO DE MEJORA DE POSICI\u00d3N DE LA WEB DEL CLIENTE. <\/strong>La naturaleza del Servicio de mejoramiento de posici\u00f3n de WEB es de prestaci\u00f3n de servicios, no de resultado, que en ning\u00fan supuesto se garantiza ni EINNOVA se compromete a obtener.<\/p>\n<p><strong><em>SEGUNDO: ACEPTACI\u00d3N: <\/em><\/strong>Los servicios especificados se desarrollar\u00e1n desde la aceptaci\u00f3n por EINNOVA del presente contrato mediante su confirmaci\u00f3n al e-mail indicado por el cliente.<\/p>\n<p><strong><em>TERCERO: FORMA DE PAGO: <\/em><\/strong>El pago se realizar\u00e1, como condici\u00f3n previa para el inicio de la prestaci\u00f3n de servicios por parte de EINNOVA, mediante transferencia bancaria en la cuenta que al efecto facilitar\u00e1 al cliente mediante e-mail con acuse de recibo, confirmando la entrada en vigor del presente contrato.<br \/>\nEn caso de impago, EINNOVA podr\u00e1 resolver el presente contrato, o bien, suspender el inicio de la prestaci\u00f3n de servicios y exigir el importe adeudado.<\/p>\n<p><strong><em>CUARTO: PENALIZACI\u00d3N: <\/em><\/strong>Dada la naturaleza de los servicios contratados, la suspensi\u00f3n o extinci\u00f3n anticipada por parte del cliente, no dar\u00e1 derecho a devoluci\u00f3n, indemnizaci\u00f3n o suspensi\u00f3n de los pagos realizados o pendientes. No obstante lo anterior, el cliente podr\u00e1 en cualquier momento desistir del presente contrato, notific\u00e1ndolo a EINNOVA, todo ello sin necesidad de causa o raz\u00f3n. En este supuesto, EINNOVA tendr\u00e1 derecho al cobro del precio de los servicios contratados hasta el d\u00eda de la notificaci\u00f3n del desistimiento.<\/p>\n<p><strong><em>QUINTO: PRESTACIONES ACCESORIAS: <\/em><\/strong>Libremente, EINNOVA podr\u00e1 facilitar al cliente, un informe posici\u00f3n de la\/s WEB\/S en los buscadores.<\/p>\n<p><strong><em>SEXTO: AUTORIZACION EXPRESA: <\/em><\/strong>El cliente autoriza expresamente que EINNOVA pueda introducir en su WEB, el c\u00f3digo fuente propiedad de einnova y de terceros imprescindible para el cumplimiento del servicio contratado, y su seguimiento.<br \/>\nUna vez extinguido el contrato, EINNOVA se obliga a su total eliminaci\u00f3n.<br \/>\nEINNOVA queda exonerado de cualquier responsabilidad derivada de la falta de informaci\u00f3n u obtenci\u00f3n de dicha autorizaci\u00f3n.<\/p>\n<p><strong><em>SEPTIMO: OTRAS DISPOSICIONES: <\/em><\/strong><\/p>\n<ul>\n<li>En ning\u00fan caso el presente contrato otorga al cliente derecho alguno sobre los programas o tecnolog\u00eda empleada por EINNOVA en el cumplimiento de sus obligaciones o prestaciones accesorias.<\/li>\n<li>EINNOVA no es responsable frente al cliente o frente a terceros del cumplimiento de las normas, condiciones generales de uso, st\u00e1ndares o par\u00e1metros que los buscadores de Internet puedan aplicar durante la prestaci\u00f3n del Servicio, o de las consecuencias de su eventual incumplimiento.<\/li>\n<li>EINNOVA podr\u00e1 subcontratar y delegar el cumplimiento de cualquiera de sus obligaciones.<\/li>\n<li>Las partes podr\u00e1n modificar las presentes condiciones de mutuo acuerdo mediante comunicaci\u00f3n en la forma indicada en la letra c)<\/li>\n<li>El presente contrato se rige e interpreta con sujeci\u00f3n a Derecho Espa\u00f1ol.<\/li>\n<\/ul>\n<p><strong><em>Expresiones contratadas: <\/em><\/strong>S\u00f3lo podr\u00e1n ser designados como Palabras Clave aquellos t\u00e9rminos en lengua castellana, catalana e inglesa que posean un significado propio, quedando excluidos, por tanto, los t\u00e9rminos vac\u00edos, tales como las preposiciones, los adverbios, y las conjunciones. Tambi\u00e9n quedan excluidas las promocionar marcas que no son de su propiedad.<\/p>\n","protected":false},"excerpt":{"rendered":"<p>CONTRATO DE PRESTACI\u00d3N DE SERVICIOS Este contrato establece los t\u00e9rminos y condiciones bajo los cuales Vd.mo su empresa contrata el SERVICIO DE MEJORAMIENTO DE POSICI\u00d3N DE WEB que ofrece EINNOVA, que se rige por: El presupuesto aceptado por el cliente, en los t\u00e9rminos abajo indicados. Las presentes Condiciones Generales del SERVICIO DE MEJORAMIENTO DE POSICI\u00d3N [&hellip;]<\/p>\n","protected":false},"author":3,"featured_media":0,"parent":0,"menu_order":0,"comment_status":"open","ping_status":"open","template":"","meta":{"_joinchat":[],"footnotes":""},"class_list":["post-21084","page","type-page","status-publish","hentry"],"yoast_head":"<!-- This site is optimized with the Yoast SEO Premium plugin v19.6 (Yoast SEO v27.2) - https:\/\/yoast.com\/product\/yoast-seo-premium-wordpress\/ -->\n<title>CONTRATO DE PRESTACI\u00d3N DE SERVICIOS EINNOVA - Einnova<\/title>\n<meta name=\"robots\" content=\"index, follow, max-snippet:-1, max-image-preview:large, max-video-preview:-1\" \/>\n<link rel=\"canonical\" href=\"https:\/\/einnova.com\/ca\/contrato-prestacion-servicios-einnova\/\" \/>\n<meta property=\"og:locale\" content=\"ca_ES\" \/>\n<meta property=\"og:type\" content=\"article\" \/>\n<meta property=\"og:title\" content=\"CONTRATO DE PRESTACI\u00d3N DE SERVICIOS EINNOVA\" \/>\n<meta property=\"og:description\" content=\"CONTRATO DE PRESTACI\u00d3N DE SERVICIOS Este contrato establece los t\u00e9rminos y condiciones bajo los cuales Vd.mo su empresa contrata el SERVICIO DE MEJORAMIENTO DE POSICI\u00d3N DE WEB que ofrece EINNOVA, que se rige por: El presupuesto aceptado por el cliente, en los t\u00e9rminos abajo indicados. Las presentes Condiciones Generales del SERVICIO DE MEJORAMIENTO DE POSICI\u00d3N [&hellip;]\" \/>\n<meta property=\"og:url\" content=\"https:\/\/einnova.com\/ca\/contrato-prestacion-servicios-einnova\/\" \/>\n<meta property=\"og:site_name\" content=\"Einnova\" \/>\n<meta name=\"twitter:card\" content=\"summary_large_image\" \/>\n<meta name=\"twitter:label1\" content=\"Temps estimat de lectura\" \/>\n\t<meta name=\"twitter:data1\" content=\"3 minuts\" \/>\n<script type=\"application\/ld+json\" class=\"yoast-schema-graph\">{\"@context\":\"https:\/\/schema.org\",\"@graph\":[{\"@type\":\"WebPage\",\"@id\":\"https:\/\/einnova.com\/ca\/contrato-prestacion-servicios-einnova\/\",\"url\":\"https:\/\/einnova.com\/ca\/contrato-prestacion-servicios-einnova\/\",\"name\":\"CONTRATO DE PRESTACI\u00d3N DE SERVICIOS EINNOVA - Einnova\",\"isPartOf\":{\"@id\":\"https:\/\/einnova.com\/#website\"},\"datePublished\":\"2016-04-27T18:56:38+00:00\",\"breadcrumb\":{\"@id\":\"https:\/\/einnova.com\/ca\/contrato-prestacion-servicios-einnova\/#breadcrumb\"},\"inLanguage\":\"ca\",\"potentialAction\":[{\"@type\":\"ReadAction\",\"target\":[\"https:\/\/einnova.com\/ca\/contrato-prestacion-servicios-einnova\/\"]}]},{\"@type\":\"BreadcrumbList\",\"@id\":\"https:\/\/einnova.com\/ca\/contrato-prestacion-servicios-einnova\/#breadcrumb\",\"itemListElement\":[{\"@type\":\"ListItem\",\"position\":1,\"name\":\"Home\",\"item\":\"https:\/\/einnova.com\/ca\/\"},{\"@type\":\"ListItem\",\"position\":2,\"name\":\"CONTRATO DE PRESTACI\u00d3N DE SERVICIOS EINNOVA\"}]},{\"@type\":\"WebSite\",\"@id\":\"https:\/\/einnova.com\/#website\",\"url\":\"https:\/\/einnova.com\/\",\"name\":\"Einnova\",\"description\":\"Agencia de Marketing online y Desarrollo web\",\"potentialAction\":[{\"@type\":\"SearchAction\",\"target\":{\"@type\":\"EntryPoint\",\"urlTemplate\":\"https:\/\/einnova.com\/?s={search_term_string}\"},\"query-input\":{\"@type\":\"PropertyValueSpecification\",\"valueRequired\":true,\"valueName\":\"search_term_string\"}}],\"inLanguage\":\"ca\"}]}<\/script>\n<!-- \/ Yoast SEO Premium plugin. -->","yoast_head_json":{"title":"CONTRATO DE PRESTACI\u00d3N DE SERVICIOS EINNOVA - Einnova","robots":{"index":"index","follow":"follow","max-snippet":"max-snippet:-1","max-image-preview":"max-image-preview:large","max-video-preview":"max-video-preview:-1"},"canonical":"https:\/\/einnova.com\/ca\/contrato-prestacion-servicios-einnova\/","og_locale":"ca_ES","og_type":"article","og_title":"CONTRATO DE PRESTACI\u00d3N DE SERVICIOS EINNOVA","og_description":"CONTRATO DE PRESTACI\u00d3N DE SERVICIOS Este contrato establece los t\u00e9rminos y condiciones bajo los cuales Vd.mo su empresa contrata el SERVICIO DE MEJORAMIENTO DE POSICI\u00d3N DE WEB que ofrece EINNOVA, que se rige por: El presupuesto aceptado por el cliente, en los t\u00e9rminos abajo indicados. Las presentes Condiciones Generales del SERVICIO DE MEJORAMIENTO DE POSICI\u00d3N [&hellip;]","og_url":"https:\/\/einnova.com\/ca\/contrato-prestacion-servicios-einnova\/","og_site_name":"Einnova","twitter_card":"summary_large_image","twitter_misc":{"Temps estimat de lectura":"3 minuts"},"schema":{"@context":"https:\/\/schema.org","@graph":[{"@type":"WebPage","@id":"https:\/\/einnova.com\/ca\/contrato-prestacion-servicios-einnova\/","url":"https:\/\/einnova.com\/ca\/contrato-prestacion-servicios-einnova\/","name":"CONTRATO DE PRESTACI\u00d3N DE SERVICIOS EINNOVA - Einnova","isPartOf":{"@id":"https:\/\/einnova.com\/#website"},"datePublished":"2016-04-27T18:56:38+00:00","breadcrumb":{"@id":"https:\/\/einnova.com\/ca\/contrato-prestacion-servicios-einnova\/#breadcrumb"},"inLanguage":"ca","potentialAction":[{"@type":"ReadAction","target":["https:\/\/einnova.com\/ca\/contrato-prestacion-servicios-einnova\/"]}]},{"@type":"BreadcrumbList","@id":"https:\/\/einnova.com\/ca\/contrato-prestacion-servicios-einnova\/#breadcrumb","itemListElement":[{"@type":"ListItem","position":1,"name":"Home","item":"https:\/\/einnova.com\/ca\/"},{"@type":"ListItem","position":2,"name":"CONTRATO DE PRESTACI\u00d3N DE SERVICIOS EINNOVA"}]},{"@type":"WebSite","@id":"https:\/\/einnova.com\/#website","url":"https:\/\/einnova.com\/","name":"Einnova","description":"Agencia de Marketing online y Desarrollo web","potentialAction":[{"@type":"SearchAction","target":{"@type":"EntryPoint","urlTemplate":"https:\/\/einnova.com\/?s={search_term_string}"},"query-input":{"@type":"PropertyValueSpecification","valueRequired":true,"valueName":"search_term_string"}}],"inLanguage":"ca"}]}},"_links":{"self":[{"href":"https:\/\/einnova.com\/ca\/wp-json\/wp\/v2\/pages\/21084","targetHints":{"allow":["GET"]}}],"collection":[{"href":"https:\/\/einnova.com\/ca\/wp-json\/wp\/v2\/pages"}],"about":[{"href":"https:\/\/einnova.com\/ca\/wp-json\/wp\/v2\/types\/page"}],"author":[{"embeddable":true,"href":"https:\/\/einnova.com\/ca\/wp-json\/wp\/v2\/users\/3"}],"replies":[{"embeddable":true,"href":"https:\/\/einnova.com\/ca\/wp-json\/wp\/v2\/comments?post=21084"}],"version-history":[{"count":0,"href":"https:\/\/einnova.com\/ca\/wp-json\/wp\/v2\/pages\/21084\/revisions"}],"wp:attachment":[{"href":"https:\/\/einnova.com\/ca\/wp-json\/wp\/v2\/media?parent=21084"}],"curies":[{"name":"wp","href":"https:\/\/api.w.org\/{rel}","templated":true}]}}