{"id":20570,"date":"2014-04-03T12:36:06","date_gmt":"2014-04-03T10:36:06","guid":{"rendered":"http:\/\/einnova.com\/ca\/conocenos"},"modified":"2025-03-31T09:51:46","modified_gmt":"2025-03-31T09:51:46","slug":"conocenos","status":"publish","type":"page","link":"https:\/\/einnova.com\/ca\/conocenos\/","title":{"rendered":"Coneix-nos"},"content":{"rendered":"\t\t<div data-elementor-type=\"wp-page\" data-elementor-id=\"20570\" class=\"elementor elementor-20570\" data-elementor-post-type=\"page\">\n\t\t\t\t<div class=\"elementor-element elementor-element-6b7aec18 elementor-hidden-desktop elementor-hidden-tablet elementor-hidden-mobile e-flex e-con-boxed e-con e-parent\" data-id=\"6b7aec18\" data-element_type=\"container\" data-e-type=\"container\">\n\t\t\t\t\t<div class=\"e-con-inner\">\n\t\t\t\t<div class=\"elementor-element elementor-element-376f02d9 elementor-widget elementor-widget-text-editor\" data-id=\"376f02d9\" data-element_type=\"widget\" data-e-type=\"widget\" data-widget_type=\"text-editor.default\">\n\t\t\t\t<div class=\"elementor-widget-container\">\n\t\t\t\t\t\t\t\t\t\n<p><\/p>\n\n\n<p>[av_section min_height=&#8217;50&#8217; min_height_px=&#8217;500px&#8217; padding=&#8217;no-padding&#8217; shadow=&#8217;no-shadow&#8217; bottom_border=&#8217;no-border-styling&#8217; id=&#8221; color=&#8217;main_color&#8217; custom_bg=&#8221; src=&#8217;http:\/\/einnova.com\/wp-content\/uploads\/2015\/11\/gent_ordinador_1-1030&#215;664.png&#8217; attachment=&#8217;16220&#8242; attachment_size=&#8217;large&#8217; attach=&#8217;parallax&#8217; position=&#8217;top center&#8217; repeat=&#8217;stretch&#8217; video=&#8221; video_ratio=&#8217;16:9&#8242; overlay_opacity=&#8217;0.5&#8242; overlay_color=&#8221; overlay_pattern=&#8221; overlay_custom_pattern=&#8221;]<\/p>\n<p>[av_hr class=&#8217;custom&#8217; height=&#8217;50&#8217; shadow=&#8217;no-shadow&#8217; position=&#8217;center&#8217; custom_border=&#8217;av-border-none&#8217; custom_width=&#8217;50px&#8217; custom_border_color=&#8221; custom_margin_top=&#8217;5px&#8217; custom_margin_bottom=&#8217;5px&#8217; icon_select=&#8217;no&#8217; custom_icon_color=&#8221; icon=&#8217;ue808&#8242; font=&#8217;entypo-fontello&#8217;]<\/p>\n<p>[av_heading tag=&#8217;h1&#8242; padding=&#8217;0&#8242; heading=&#8217;Coneix-nos&#8217; color=&#8217;custom-color-heading&#8217; style=&#8217;blockquote modern-quote modern-centered&#8217; custom_font=&#8217;#ffffff&#8217; size=&#8217;55&#8217; subheading_active=&#8217;subheading_below&#8217; subheading_size=&#8217;10&#8217; custom_class=&#8221; admin_preview_bg=&#8221; av-desktop-hide=&#8221; av-medium-hide=&#8221; av-small-hide=&#8221; av-mini-hide=&#8221; av-medium-font-size-title=&#8221; av-small-font-size-title=&#8221; av-mini-font-size-title=&#8221; av-medium-font-size=&#8221; av-small-font-size=&#8221; av-mini-font-size=&#8221;][\/av_heading]<\/p>\n<p>[av_hr class=&#8217;custom&#8217; height=&#8217;50&#8217; shadow=&#8217;no-shadow&#8217; position=&#8217;center&#8217; custom_border=&#8217;av-border-none&#8217; custom_width=&#8217;50px&#8217; custom_border_color=&#8221; custom_margin_top=&#8217;5px&#8217; custom_margin_bottom=&#8217;5px&#8217; icon_select=&#8217;no&#8217; custom_icon_color=&#8221; icon=&#8217;ue808&#8242; font=&#8217;entypo-fontello&#8217;]<\/p>\n<p>[av_one_third first min_height=&#8221; vertical_alignment=&#8221; space=&#8221; custom_margin=&#8221; margin=&#8217;0px&#8217; padding=&#8217;0px&#8217; border=&#8221; border_color=&#8221; radius=&#8217;0px&#8217; background_color=&#8221; src=&#8221; background_position=&#8217;top left&#8217; background_repeat=&#8217;no-repeat&#8217;]<\/p>\n<p>[\/av_one_third][av_one_third min_height=&#8221; vertical_alignment=&#8221; space=&#8221; custom_margin=&#8221; margin=&#8217;0px&#8217; padding=&#8217;0px&#8217; border=&#8221; border_color=&#8221; radius=&#8217;0px&#8217; background_color=&#8221; src=&#8221; background_position=&#8217;top left&#8217; background_repeat=&#8217;no-repeat&#8217;]<\/p>\n<p>[av_button label=&#8217;Contactar&#8217; link=&#8217;manually,\/ca\/contacto&#8217; link_target=&#8221; size=&#8217;medium&#8217; position=&#8217;center&#8217; icon_select=&#8217;yes&#8217; icon_hover=&#8217;aviaTBicon_hover&#8217; icon=&#8217;ue885&#8242; font=&#8217;entypo-fontello&#8217; color=&#8217;custom&#8217; custom_bg=&#8217;#d0663a&#8217; custom_font=&#8217;#ffffff&#8217; admin_preview_bg=&#8221;]<\/p>\n<p>[\/av_one_third][av_one_third min_height=&#8221; vertical_alignment=&#8221; space=&#8221; custom_margin=&#8221; margin=&#8217;0px&#8217; padding=&#8217;0px&#8217; border=&#8221; border_color=&#8221; radius=&#8217;0px&#8217; background_color=&#8221; src=&#8221; background_position=&#8217;top left&#8217; background_repeat=&#8217;no-repeat&#8217;]<\/p>\n<p>[\/av_one_third][av_hr class=&#8217;custom&#8217; height=&#8217;50&#8217; shadow=&#8217;no-shadow&#8217; position=&#8217;center&#8217; custom_border=&#8217;av-border-none&#8217; custom_width=&#8217;50px&#8217; custom_border_color=&#8221; custom_margin_top=&#8217;5px&#8217; custom_margin_bottom=&#8217;5px&#8217; icon_select=&#8217;no&#8217; custom_icon_color=&#8221; icon=&#8217;ue808&#8242; font=&#8217;entypo-fontello&#8217;]<\/p>\n<p>[\/av_section][av_submenu which_menu=&#8221; menu=&#8217;315&#8242; position=&#8217;center&#8217; color=&#8217;main_color&#8217; sticky=&#8217;aviaTBsticky&#8217; mobile=&#8217;disabled&#8217;]<br \/>\n[av_submenu_item title=&#8217;Menu Item 1&#8242; link=&#8221; linktarget=&#8217;no&#8217; button_style=&#8221;]<br \/>\n[av_submenu_item title=&#8217;Menu Item 2&#8242; link=&#8221; linktarget=&#8217;no&#8217; button_style=&#8221;]<br \/>\n[\/av_submenu]<\/p>\n<p>[av_codeblock wrapper_element=&#8221; wrapper_element_attributes=&#8221;]<\/p>\n<div class=\"human-breadcrumb\">\n\t<a href=\"\/\">Einnova<\/a><span class=\"separator\">><\/span><br \/>\n\t<span class=\"current-page\">Con\u00f3cenos<\/span>\n<\/div>\n<p>[\/av_codeblock]<\/p>\n<p>[av_textblock size=&#8221; font_color=&#8221; color=&#8221; av-medium-font-size=&#8221; av-small-font-size=&#8221; av-mini-font-size=&#8221; admin_preview_bg=&#8221;]<br \/>\n<img fetchpriority=\"high\" decoding=\"async\" class=\"aligncenter wp-image-14404 size-full\" src=\"\/wp-content\/uploads\/2014\/04\/e_einnova_email.jpg\" alt=\"e_einnova_email\" width=\"2597\" height=\"1868\" srcset=\"https:\/\/einnova.com\/wp-content\/uploads\/2014\/04\/e_einnova_email.jpg 2597w, https:\/\/einnova.com\/wp-content\/uploads\/2014\/04\/e_einnova_email-300x216.jpg 300w, https:\/\/einnova.com\/wp-content\/uploads\/2014\/04\/e_einnova_email-1024x737.jpg 1024w, https:\/\/einnova.com\/wp-content\/uploads\/2014\/04\/e_einnova_email-275x198.jpg 275w\" sizes=\"(max-width: 2597px) 100vw, 2597px\" \/><\/p>\n<p>En Einnova estem certificats com Partners Especialistes en Google <strong>perqu\u00e8 obtinguis<\/strong> els millors resultats.<\/p>\n<ul>\n<li class=\"conocenos\"><a style=\"text-decoration: underline;\" href=\"\/conocenos\/sobre-nosotros\">Sobre nosaltres<\/a><\/li>\n<li class=\"conocenos\"><a style=\"text-decoration: underline;\" href=\"\/conocenos\/consultor-seo-barcelona\">Consultor SEO Antoni Biada<\/a><\/li>\n<li class=\"conocenos\"><a style=\"text-decoration: underline;\" href=\"\/conocenos\/prensa\">Premsa i videos referents al sector<\/a><\/li>\n<li class=\"conocenos\"><a style=\"text-decoration: underline;\" href=\"\/conocenos\/premios-ferias\">Premis i Fires<\/a><\/li>\n<li class=\"conocenos\"><a style=\"text-decoration: underline;\" href=\"\/conocenos\/formacion-seminarios\">Formaci\u00f3 gratu\u00efta i subvencionada per clients. Seminariss<\/a><\/li>\n<\/ul>\n<p><img decoding=\"async\" class=\"size-full wp-image-20320\" src=\"\/wp-content\/uploads\/2014\/04\/eshow_500.jpg\" alt=\"Eshow Einnova 2016\" width=\"500\" height=\"531\" srcset=\"https:\/\/einnova.com\/wp-content\/uploads\/2014\/04\/eshow_500.jpg 500w, https:\/\/einnova.com\/wp-content\/uploads\/2014\/04\/eshow_500-282x300.jpg 282w, https:\/\/einnova.com\/wp-content\/uploads\/2014\/04\/eshow_500-450x478.jpg 450w\" sizes=\"(max-width: 500px) 100vw, 500px\" \/><br \/>\n[\/av_textblock]<\/p>\n\t\t\t\t\t\t\t\t<\/div>\n\t\t\t\t<\/div>\n\t\t\t\t\t<\/div>\n\t\t\t\t<\/div>\n\t\t<div class=\"elementor-element elementor-element-b143fac e-flex e-con-boxed e-con e-parent\" data-id=\"b143fac\" data-element_type=\"container\" data-e-type=\"container\">\n\t\t\t\t\t<div class=\"e-con-inner\">\n\t\t\t\t<div class=\"elementor-element elementor-element-c27ddb0 elementor-widget elementor-widget-image\" data-id=\"c27ddb0\" data-element_type=\"widget\" data-e-type=\"widget\" data-widget_type=\"image.default\">\n\t\t\t\t<div class=\"elementor-widget-container\">\n\t\t\t\t\t\t\t\t\t\t\t\t\t\t\t<img decoding=\"async\" width=\"800\" height=\"576\" src=\"https:\/\/einnova.com\/wp-content\/uploads\/2014\/04\/e_einnova_email-1024x737.jpg\" class=\"attachment-large size-large wp-image-14404\" alt=\"einnova evolucion\" srcset=\"https:\/\/einnova.com\/wp-content\/uploads\/2014\/04\/e_einnova_email-1024x737.jpg 1024w, https:\/\/einnova.com\/wp-content\/uploads\/2014\/04\/e_einnova_email-300x216.jpg 300w, https:\/\/einnova.com\/wp-content\/uploads\/2014\/04\/e_einnova_email-275x198.jpg 275w\" sizes=\"(max-width: 800px) 100vw, 800px\" \/>\t\t\t\t\t\t\t\t\t\t\t\t\t\t\t<\/div>\n\t\t\t\t<\/div>\n\t\t\t\t\t<\/div>\n\t\t\t\t<\/div>\n\t\t<div class=\"elementor-element elementor-element-139962a e-flex e-con-boxed e-con e-parent\" data-id=\"139962a\" data-element_type=\"container\" data-e-type=\"container\">\n\t\t\t\t\t<div class=\"e-con-inner\">\n\t\t\t\t<div class=\"elementor-element elementor-element-d6330c8 elementor-widget elementor-widget-text-editor\" data-id=\"d6330c8\" data-element_type=\"widget\" data-e-type=\"widget\" data-widget_type=\"text-editor.default\">\n\t\t\t\t<div class=\"elementor-widget-container\">\n\t\t\t\t\t\t\t\t\t<p>A Einnova estem certificats com a Partners Especialistes en Google <strong>perqu\u00e8 tu obtinguis<\/strong> els millors resultats.<\/p>\n<ul>\n<li class=\"conocenos\"><a href=\"https:\/\/einnova.com\/ca\/conocenos\/agencia-marketing-online-barcelona\/\">Sobre nosaltres<\/a><\/li>\n<li class=\"conocenos\"><a href=\"https:\/\/tuinnovacion.com\/einnova-consultor-seo-barcelona\/\">Consultor SEO Antoni Biada<\/a><\/li>\n<li class=\"conocenos\"><a href=\"https:\/\/einnova.com\/ca\/conocenos\/prensa\">Premsa i v\u00eddeos referents del sector<\/a><\/li>\n<li class=\"conocenos\"><a href=\"https:\/\/tuinnovacion.com\/einnova-premiosyferias\/\">Premis i Fires<\/a><\/li>\n<li class=\"conocenos\"><a href=\"https:\/\/tuinnovacion.com\/einnova-formaciongratuita\/\">Formaci\u00f3 gratu\u00efta i subvencionada per a clients. Seminaris<\/a><\/li>\n<\/ul>\t\t\t\t\t\t\t\t<\/div>\n\t\t\t\t<\/div>\n\t\t\t\t\t<\/div>\n\t\t\t\t<\/div>\n\t\t<div class=\"elementor-element elementor-element-45ea30a e-flex e-con-boxed e-con e-parent\" data-id=\"45ea30a\" data-element_type=\"container\" data-e-type=\"container\">\n\t\t\t\t\t<div class=\"e-con-inner\">\n\t\t\t\t<div class=\"elementor-element elementor-element-aa5d305 elementor-widget elementor-widget-image\" data-id=\"aa5d305\" data-element_type=\"widget\" data-e-type=\"widget\" data-widget_type=\"image.default\">\n\t\t\t\t<div class=\"elementor-widget-container\">\n\t\t\t\t\t\t\t\t\t\t\t\t\t\t\t<img loading=\"lazy\" decoding=\"async\" width=\"500\" height=\"531\" src=\"https:\/\/einnova.com\/wp-content\/uploads\/2014\/04\/eshow_500.jpg\" class=\"attachment-large size-large wp-image-20320\" alt=\"Eshow Einnova 2016\" srcset=\"https:\/\/einnova.com\/wp-content\/uploads\/2014\/04\/eshow_500.jpg 500w, https:\/\/einnova.com\/wp-content\/uploads\/2014\/04\/eshow_500-282x300.jpg 282w, https:\/\/einnova.com\/wp-content\/uploads\/2014\/04\/eshow_500-450x478.jpg 450w\" sizes=\"(max-width: 500px) 100vw, 500px\" \/>\t\t\t\t\t\t\t\t\t\t\t\t\t\t\t<\/div>\n\t\t\t\t<\/div>\n\t\t\t\t\t<\/div>\n\t\t\t\t<\/div>\n\t\t\t\t<\/div>\n\t\t","protected":false},"excerpt":{"rendered":"<p>A Einnova estem certificats com a Partners Especialistes en Google perqu\u00e8 tu obtinguis els millors resultats. Sobre nosaltres Consultor SEO Antoni Biada Premsa i v\u00eddeos referents del sector Premis i Fires Formaci\u00f3 gratu\u00efta i subvencionada per a clients. Seminaris<\/p>\n","protected":false},"author":3,"featured_media":0,"parent":0,"menu_order":10,"comment_status":"closed","ping_status":"open","template":"","meta":{"_joinchat":[],"footnotes":""},"class_list":["post-20570","page","type-page","status-publish","hentry"],"yoast_head":"<!-- This site is optimized with the Yoast SEO Premium plugin v19.6 (Yoast SEO v27.2) - https:\/\/yoast.com\/product\/yoast-seo-premium-wordpress\/ -->\n<title>Agencia de Marketing Online y Dise\u00f1o Web en Barcelona | Coneix-nos<\/title>\n<meta name=\"description\" content=\"Agencia de Marketing Online Barcelona Partner de Google. Expertos Posicionamiento Web SEO, SEM Dise\u00f1o Web y Ecommerce. \u00a1Contacta Ahora y Pide Presupuesto!\" \/>\n<meta name=\"robots\" content=\"noindex, follow\" \/>\n<meta property=\"og:locale\" content=\"ca_ES\" \/>\n<meta property=\"og:type\" content=\"article\" \/>\n<meta property=\"og:title\" content=\"Coneix-nos\" \/>\n<meta property=\"og:description\" content=\"Agencia de Marketing Online Barcelona Partner de Google. Expertos Posicionamiento Web SEO, SEM Dise\u00f1o Web y Ecommerce. \u00a1Contacta Ahora y Pide Presupuesto!\" \/>\n<meta property=\"og:url\" content=\"https:\/\/einnova.com\/ca\/conocenos\/\" \/>\n<meta property=\"og:site_name\" content=\"Einnova\" \/>\n<meta property=\"article:modified_time\" content=\"2025-03-31T09:51:46+00:00\" \/>\n<meta property=\"og:image\" content=\"https:\/\/einnova.com\/wp-content\/uploads\/2014\/04\/e_einnova_email-1024x737.jpg\" \/>\n<meta name=\"twitter:card\" content=\"summary_large_image\" \/>\n<meta name=\"twitter:label1\" content=\"Temps estimat de lectura\" \/>\n\t<meta name=\"twitter:data1\" content=\"2 minuts\" \/>\n<script type=\"application\/ld+json\" class=\"yoast-schema-graph\">{\"@context\":\"https:\/\/schema.org\",\"@graph\":[{\"@type\":\"WebPage\",\"@id\":\"https:\/\/einnova.com\/ca\/conocenos\/\",\"url\":\"https:\/\/einnova.com\/ca\/conocenos\/\",\"name\":\"Agencia de Marketing Online y Dise\u00f1o Web en Barcelona | Coneix-nos\",\"isPartOf\":{\"@id\":\"https:\/\/einnova.com\/#website\"},\"primaryImageOfPage\":{\"@id\":\"https:\/\/einnova.com\/ca\/conocenos\/#primaryimage\"},\"image\":{\"@id\":\"https:\/\/einnova.com\/ca\/conocenos\/#primaryimage\"},\"thumbnailUrl\":\"https:\/\/einnova.com\/wp-content\/uploads\/2014\/04\/e_einnova_email-1024x737.jpg\",\"datePublished\":\"2014-04-03T10:36:06+00:00\",\"dateModified\":\"2025-03-31T09:51:46+00:00\",\"description\":\"Agencia de Marketing Online Barcelona Partner de Google. Expertos Posicionamiento Web SEO, SEM Dise\u00f1o Web y Ecommerce. \u00a1Contacta Ahora y Pide Presupuesto!\",\"breadcrumb\":{\"@id\":\"https:\/\/einnova.com\/ca\/conocenos\/#breadcrumb\"},\"inLanguage\":\"ca\",\"potentialAction\":[{\"@type\":\"ReadAction\",\"target\":[\"https:\/\/einnova.com\/ca\/conocenos\/\"]}]},{\"@type\":\"ImageObject\",\"inLanguage\":\"ca\",\"@id\":\"https:\/\/einnova.com\/ca\/conocenos\/#primaryimage\",\"url\":\"https:\/\/einnova.com\/wp-content\/uploads\/2014\/04\/e_einnova_email-1024x737.jpg\",\"contentUrl\":\"https:\/\/einnova.com\/wp-content\/uploads\/2014\/04\/e_einnova_email-1024x737.jpg\"},{\"@type\":\"BreadcrumbList\",\"@id\":\"https:\/\/einnova.com\/ca\/conocenos\/#breadcrumb\",\"itemListElement\":[{\"@type\":\"ListItem\",\"position\":1,\"name\":\"Home\",\"item\":\"https:\/\/einnova.com\/ca\/\"},{\"@type\":\"ListItem\",\"position\":2,\"name\":\"Coneix-nos\"}]},{\"@type\":\"WebSite\",\"@id\":\"https:\/\/einnova.com\/#website\",\"url\":\"https:\/\/einnova.com\/\",\"name\":\"Einnova\",\"description\":\"Agencia de Marketing online y Desarrollo web\",\"potentialAction\":[{\"@type\":\"SearchAction\",\"target\":{\"@type\":\"EntryPoint\",\"urlTemplate\":\"https:\/\/einnova.com\/?s={search_term_string}\"},\"query-input\":{\"@type\":\"PropertyValueSpecification\",\"valueRequired\":true,\"valueName\":\"search_term_string\"}}],\"inLanguage\":\"ca\"}]}<\/script>\n<!-- \/ Yoast SEO Premium plugin. -->","yoast_head_json":{"title":"Agencia de Marketing Online y Dise\u00f1o Web en Barcelona | Coneix-nos","description":"Agencia de Marketing Online Barcelona Partner de Google. Expertos Posicionamiento Web SEO, SEM Dise\u00f1o Web y Ecommerce. \u00a1Contacta Ahora y Pide Presupuesto!","robots":{"index":"noindex","follow":"follow"},"og_locale":"ca_ES","og_type":"article","og_title":"Coneix-nos","og_description":"Agencia de Marketing Online Barcelona Partner de Google. Expertos Posicionamiento Web SEO, SEM Dise\u00f1o Web y Ecommerce. \u00a1Contacta Ahora y Pide Presupuesto!","og_url":"https:\/\/einnova.com\/ca\/conocenos\/","og_site_name":"Einnova","article_modified_time":"2025-03-31T09:51:46+00:00","og_image":[{"url":"https:\/\/einnova.com\/wp-content\/uploads\/2014\/04\/e_einnova_email-1024x737.jpg","type":"","width":"","height":""}],"twitter_card":"summary_large_image","twitter_misc":{"Temps estimat de lectura":"2 minuts"},"schema":{"@context":"https:\/\/schema.org","@graph":[{"@type":"WebPage","@id":"https:\/\/einnova.com\/ca\/conocenos\/","url":"https:\/\/einnova.com\/ca\/conocenos\/","name":"Agencia de Marketing Online y Dise\u00f1o Web en Barcelona | Coneix-nos","isPartOf":{"@id":"https:\/\/einnova.com\/#website"},"primaryImageOfPage":{"@id":"https:\/\/einnova.com\/ca\/conocenos\/#primaryimage"},"image":{"@id":"https:\/\/einnova.com\/ca\/conocenos\/#primaryimage"},"thumbnailUrl":"https:\/\/einnova.com\/wp-content\/uploads\/2014\/04\/e_einnova_email-1024x737.jpg","datePublished":"2014-04-03T10:36:06+00:00","dateModified":"2025-03-31T09:51:46+00:00","description":"Agencia de Marketing Online Barcelona Partner de Google. Expertos Posicionamiento Web SEO, SEM Dise\u00f1o Web y Ecommerce. \u00a1Contacta Ahora y Pide Presupuesto!","breadcrumb":{"@id":"https:\/\/einnova.com\/ca\/conocenos\/#breadcrumb"},"inLanguage":"ca","potentialAction":[{"@type":"ReadAction","target":["https:\/\/einnova.com\/ca\/conocenos\/"]}]},{"@type":"ImageObject","inLanguage":"ca","@id":"https:\/\/einnova.com\/ca\/conocenos\/#primaryimage","url":"https:\/\/einnova.com\/wp-content\/uploads\/2014\/04\/e_einnova_email-1024x737.jpg","contentUrl":"https:\/\/einnova.com\/wp-content\/uploads\/2014\/04\/e_einnova_email-1024x737.jpg"},{"@type":"BreadcrumbList","@id":"https:\/\/einnova.com\/ca\/conocenos\/#breadcrumb","itemListElement":[{"@type":"ListItem","position":1,"name":"Home","item":"https:\/\/einnova.com\/ca\/"},{"@type":"ListItem","position":2,"name":"Coneix-nos"}]},{"@type":"WebSite","@id":"https:\/\/einnova.com\/#website","url":"https:\/\/einnova.com\/","name":"Einnova","description":"Agencia de Marketing online y Desarrollo web","potentialAction":[{"@type":"SearchAction","target":{"@type":"EntryPoint","urlTemplate":"https:\/\/einnova.com\/?s={search_term_string}"},"query-input":{"@type":"PropertyValueSpecification","valueRequired":true,"valueName":"search_term_string"}}],"inLanguage":"ca"}]}},"_links":{"self":[{"href":"https:\/\/einnova.com\/ca\/wp-json\/wp\/v2\/pages\/20570","targetHints":{"allow":["GET"]}}],"collection":[{"href":"https:\/\/einnova.com\/ca\/wp-json\/wp\/v2\/pages"}],"about":[{"href":"https:\/\/einnova.com\/ca\/wp-json\/wp\/v2\/types\/page"}],"author":[{"embeddable":true,"href":"https:\/\/einnova.com\/ca\/wp-json\/wp\/v2\/users\/3"}],"replies":[{"embeddable":true,"href":"https:\/\/einnova.com\/ca\/wp-json\/wp\/v2\/comments?post=20570"}],"version-history":[{"count":12,"href":"https:\/\/einnova.com\/ca\/wp-json\/wp\/v2\/pages\/20570\/revisions"}],"predecessor-version":[{"id":59695,"href":"https:\/\/einnova.com\/ca\/wp-json\/wp\/v2\/pages\/20570\/revisions\/59695"}],"wp:attachment":[{"href":"https:\/\/einnova.com\/ca\/wp-json\/wp\/v2\/media?parent=20570"}],"curies":[{"name":"wp","href":"https:\/\/api.w.org\/{rel}","templated":true}]}}